{"id":3136,"date":"2019-07-17T08:45:06","date_gmt":"2019-07-17T08:45:06","guid":{"rendered":"https:\/\/murkka.com\/?page_id=3136"},"modified":"2019-09-17T09:29:41","modified_gmt":"2019-09-17T09:29:41","slug":"roduklaasid","status":"publish","type":"page","link":"https:\/\/murkka.com\/et\/rodu\/roduklaasid\/","title":{"rendered":"R\u00f5duklaasid"},"content":{"rendered":"<p>[vc_row][vc_column][vc_column_text]<\/p>\n<h2>T\u00e4ielikult avatav r\u00f5duklaaside s\u00fcsteem<\/h2>\n<p>Murkka partner t\u00f5i 2012. aasta l\u00f5pus turule CE-sertifitseeritud uue ja parendatud r\u00f5duklaasimiss\u00fcsteemi. Tegemist on Eestis ainsa arendatud ja disainitud r\u00f5duklaaside s\u00fcsteemiga, mis t\u00e4ieneb vastavalt\u00a0kohalikule vajadusele.[\/vc_column_text][\/vc_column][\/vc_row][vc_row][vc_column][vc_column_text]<\/p>\n<h3>Mugav ja praktiline<\/h3>\n<p>Klaasitud r\u00f5du on\u00a0<strong>aastaringselt<\/strong>\u00a0hea vabaaja veetmise paik perekonnale ja s\u00f5pradele. R\u00f5duklaaside s\u00fcsteem sobib praktiliselt\u00a0<strong>igat suurust ja t\u00fc\u00fcpi r\u00f5dudele<\/strong>. R\u00f5duklaasid t\u00f5stavad Teie kodu v\u00e4\u00e4rtust ja v\u00e4ljan\u00e4gemist. Samuti\u00a0vihm, lumi ja lendav praht ei p\u00e4\u00e4se Teie r\u00f5dule. S\u00fcsteemis puuduvad\u00a0vertikaalprofiilid, mist\u00f5ttu\u00a0<strong>ei muuda<\/strong>\u00a0see\u00a0<strong>hoone v\u00e4limust<\/strong>, vaid annab l\u00f5pliku viimistluse ja kaitseb Teie r\u00f5du. See on selgeks eeliseks nii kasutajale kui maja arhitektuurile.<\/p>\n<h3>Leia uus v\u00e4ljund<\/h3>\n<p>Kaitstud r\u00f5du on\u00a0<strong>turvaline m\u00e4ngupaik<\/strong>\u00a0lastele ja lemmikloomadele. Kui Teie r\u00f5du on vajalikult sisustatud v\u00f5ite seda kasutada ka kodut\u00f6\u00f6de tegemiseks ja hobide viljelemiseks. Klaasitud r\u00f5du on ka ideaalne koht maitsetaimede ja lillede kasvatamiseks.[\/vc_column_text][\/vc_column][\/vc_row][vc_row][vc_column][vc_column_text]<\/p>\n<h3>Kerge k\u00e4sitleda ja hooldada<\/h3>\n<p>Vastupidavate rullikute- ja profiilide konstruktsioon v\u00f5imaldab profiilide vahel klaase \u00fcksteise j\u00e4rel liigutada. \u00c4\u00e4rmine klaas avaneb 90 kraadi sissepoole, j\u00e4rgmine liigub selle kohale ning avaneb j\u00e4rele. L\u00f5pptulemusena saab r\u00f5duklaasid nagu raamatulehed avatuna sissepoole seina \u00e4\u00e4rde l\u00fckata ja terve r\u00f5du on\u00a0<strong>tervikuna avatud.\u00a0<\/strong>Klaase saab liigutada ka \u00fcle erineva suuruse ning kujuga r\u00f5du nurkade. Esimese klaasi saab seada kahte\u00a0<strong>tuulutusasendisse<\/strong>. Kuna klaasid avanevad sissepoole on nende<strong>\u00a0<\/strong><strong>pesemine kerge<\/strong>\u00a0ja\u00a0<strong>turvaline<\/strong>.<\/p>\n<h3>Klaasitud r\u00f5du peamised eelised:<\/h3>\n<ul>\n<li>muudab r\u00f5du aastaringselt kasutatavaks;<\/li>\n<li>kaitseb r\u00f5du sademete eest ja koos sellega takistab niiskuse p\u00e4\u00e4su hoone konstruktsiooni;<\/li>\n<li>t\u00f5stab kodu soojapidavust;<\/li>\n<li>v\u00e4hendab tuppa kostuvat t\u00e4navam\u00fcra;<\/li>\n<li>muudab r\u00f5du ka lastele turvalisemaks;<\/li>\n<li>t\u00f5stab kodu v\u00e4\u00e4rtust ja turvalisust;<\/li>\n<li>hoiab eemale linnud;<\/li>\n<li>lisandub juurde kasulikku pinda;<\/li>\n<li>annab fassaadile luksusliku v\u00e4ljan\u00e4gemise.<\/li>\n<\/ul>\n<p>[\/vc_column_text][\/vc_column][\/vc_row][vc_row][vc_column][vc_column_text]<\/p>\n<h3>Kuidas n\u00e4eb v\u00e4lja r\u00f5duklaaside tellimise protsess (erakliendi puhul)?<\/h3>\n<ol>\n<li>Vormistame kliendile p\u00e4ringust saadud info p\u00f5hjal\u00a0<strong>hinnapakkumise<\/strong>.<\/li>\n<li>Kui esmase hinnaindikatsiooniga on klient n\u00f5us, lepime kokku sobiliku <strong>m\u00f5\u00f5distusaja<\/strong>\u00a0ja meister tuleb m\u00f5\u00f5dab r\u00f5du \u00fcle.<\/li>\n<li>Selle alusel vormistame\u00a0<strong>l\u00f5pliku hinnapakkumise<\/strong>, mille sobivusel s\u00f5lmime kliendiga r\u00f5duklaaside valmistamise ja paigaldamise\u00a0<strong>lepingu<\/strong>\u00a0ning saadame 50% ulatuses\u00a0<strong>ettemaksu arve<\/strong>.<\/li>\n<li>Kui ettemaks on laekunud ja leping allkirjastatud, alustame r\u00f5duklaaside\u00a0<strong>tootmisega<\/strong>.<\/li>\n<li>Enne r\u00f5duklaaside paigaldamist v\u00f5etakse kliendiga \u00fchendust ja lepitakse kokku\u00a0<strong>sobiv aeg<\/strong>\u00a0r\u00f5duklaaside paigaldamiseks.<\/li>\n<li>Teostatakse r\u00f5duklaaside\u00a0<strong>paigaldus<\/strong>\u00a0ning seej\u00e4rel\u00a0<strong>tasub<\/strong>\u00a0klient\u00a0<strong>teise osamakse<\/strong>\u00a0(50%).<\/li>\n<\/ol>\n<p>\u00c4rikliendi- ja hulgitellimuse (\u00fcle 10 r\u00f5du) korral toimub t\u00f6\u00f6protsess vastavalt kokkuleppele.<\/p>\n<h3>Meie standardhinnapakkumus sisaldab:<\/h3>\n<ul>\n<li>alumiiniumprofiilid Klaasium (pulberv\u00e4rvitud valge RAL9010\/ hall RAL9006 \/ tumepruun RAL8019),<\/li>\n<li>6 mm karastatud klaas (kirgas),<\/li>\n<li>kuullaagritel rullikud,<\/li>\n<li>kahe tuulutusasendiga avanemismehhanism,<\/li>\n<li>k\u00e4epidemed k\u00f5ikidel klaasidel,<\/li>\n<li>avatud klaaside fiksaator,<\/li>\n<li><strong>v\u00e4limine alumine veeplekk,<\/strong><\/li>\n<li><strong>PVC-tihendid klaaside vahele ja voldiktihendid otsaklaasidele,<\/strong><\/li>\n<li>eelnev m\u00f5\u00f5distus objektil, toote valmistamine ja paigaldus;<\/li>\n<li><strong>garantiiaeg 2 aastat<\/strong>.<\/li>\n<\/ul>\n<p>[\/vc_column_text][\/vc_column][\/vc_row]<\/p>\n","protected":false},"excerpt":{"rendered":"<p>[vc_row][vc_column][vc_column_text] T\u00e4ielikult avatav r\u00f5duklaaside s\u00fcsteem Murkka partner t\u00f5i 2012. aasta l\u00f5pus turule CE-sertifitseeritud uue ja parendatud r\u00f5duklaasimiss\u00fcsteemi. Tegemist on Eestis ainsa arendatud ja disainitud r\u00f5duklaaside s\u00fcsteemiga,<span class=\"excerpt-hellip\"> [\u2026]<\/span><\/p>\n","protected":false},"author":2,"featured_media":0,"parent":3547,"menu_order":0,"comment_status":"closed","ping_status":"closed","template":"","meta":{"footnotes":""},"class_list":["post-3136","page","type-page","status-publish","hentry"],"_links":{"self":[{"href":"https:\/\/murkka.com\/et\/wp-json\/wp\/v2\/pages\/3136","targetHints":{"allow":["GET"]}}],"collection":[{"href":"https:\/\/murkka.com\/et\/wp-json\/wp\/v2\/pages"}],"about":[{"href":"https:\/\/murkka.com\/et\/wp-json\/wp\/v2\/types\/page"}],"author":[{"embeddable":true,"href":"https:\/\/murkka.com\/et\/wp-json\/wp\/v2\/users\/2"}],"replies":[{"embeddable":true,"href":"https:\/\/murkka.com\/et\/wp-json\/wp\/v2\/comments?post=3136"}],"version-history":[{"count":8,"href":"https:\/\/murkka.com\/et\/wp-json\/wp\/v2\/pages\/3136\/revisions"}],"predecessor-version":[{"id":4211,"href":"https:\/\/murkka.com\/et\/wp-json\/wp\/v2\/pages\/3136\/revisions\/4211"}],"up":[{"embeddable":true,"href":"https:\/\/murkka.com\/et\/wp-json\/wp\/v2\/pages\/3547"}],"wp:attachment":[{"href":"https:\/\/murkka.com\/et\/wp-json\/wp\/v2\/media?parent=3136"}],"curies":[{"name":"wp","href":"https:\/\/api.w.org\/{rel}","templated":true}]}}