{"id":3151,"date":"2019-07-17T09:29:01","date_gmt":"2019-07-17T09:29:01","guid":{"rendered":"https:\/\/murkka.com\/?page_id=3151"},"modified":"2019-08-01T10:01:54","modified_gmt":"2019-08-01T10:01:54","slug":"frequently-asked-questions","status":"publish","type":"page","link":"https:\/\/murkka.com\/et\/rodu\/roduklaasid\/frequently-asked-questions\/","title":{"rendered":"Korduvad k\u00fcsimused"},"content":{"rendered":"<p>[vc_row][vc_column][vc_column_text]<\/p>\n<h2>Milline on profiilide v\u00e4rvivalik?<\/h2>\n<p><strong>Standardv\u00e4rv<\/strong>\u00a0on valge RAL 9010. P\u00f5hitoonideks on\u00a0veel tumepruun RAL 8019 ja tumehall RAL7024. Teised toonid on v\u00f5imalik valida RAL-kataloogi alusel.\u00a0<strong>Plastdetailid<\/strong>\u00a0on musta v\u00e4rvi.<\/p>\n<h2>Kas lisaks l\u00e4bipaistvale klaasile on valikus veel teisi toone?<\/h2>\n<p>On v\u00f5imalik kasutada j\u00e4rgmist liiki karastatud klaase:<\/p>\n<ul>\n<li>6, 8 &amp; 10 mm kirgas klaas;<\/li>\n<li>6, 8 &amp; 10 mm\u00a0<strong>toonklaasi<\/strong>\u00a0\u2013 pronks ja hall klaas (k\u00f5ikv\u00f5imalikud erisused kirkast klaasist tuleks eelnevalt koosk\u00f5lastada K\u00dc v\u00f5i hoone haldajaga).<\/li>\n<\/ul>\n<h2>Kas vajan korteri\u00fchistu luba r\u00f5du klaasimiseks?<\/h2>\n<p>Malmerk Klaasium\u00a0<strong>soovitab koosk\u00f5lastada<\/strong>\u00a0r\u00f5du klaasimine kindlasti ka korteri\u00fchistu v\u00f5i haldajaga (kirjalikult). Kui s\u00f5lmime kliendiga lepingu, siis\u00a0<strong>eeldame<\/strong>, et korter\u00fchistu n\u00f5usolek on kliendil olemas ja eraldi seda ei n\u00f5ua.<\/p>\n<h2>Miks ei saa anda standardr\u00f5du hinda?<\/h2>\n<p><strong>Ainu\u00fcksi Lasnam\u00e4el on 7 erinevat standardset r\u00f5du vanadel paneelmajadel.<\/strong>\u00a0Selleks, et saaksime anda hinnangu r\u00f5du maksumuse kohta, oleks vaja teada r\u00f5du t\u00fc\u00fcpi (vt p\u00e4ringuvormi\u00a0<a href=\"https:\/\/malmerkklaasium.ee\/tooted\/roduklaasid\/tutvustus\/\">siit<\/a>) v\u00f5i r\u00f5du m\u00f5\u00f5te (laius ja k\u00f5rgus).<\/p>\n<h2>Kas on v\u00f5imalik osta r\u00f5duklaase ka ilma paigalduseta?<\/h2>\n<p>\u00dcldiselt pakume r\u00f5duklaase ilma paigalduseta\u00a0<strong>vaid juhul, kui<\/strong>\u00a0paigaldajal on varasem kogemus analoogse s\u00fcsteemi paigaldamisega, kuna antud s\u00fcsteemi paigaldus n\u00f5uab eelnevat koolitust ja v\u00e4lja\u00f5pet.<\/p>\n<h2>Kas r\u00f5du m\u00f5\u00f5distuse eest peab eraldi tasuma?<\/h2>\n<p>R\u00f5du m\u00f5\u00f5distuse eest\u00a0<strong>eraldi tasu ei k\u00fcsita<\/strong>. \u00dcldjuhul teostame r\u00f5du m\u00f5\u00f5distuse alles siis, kui esmane hinnapakkumine on kliendile sobilik.<\/p>\n<h2>Kas saan tehingu eest tasuda ka teie kontoris?<\/h2>\n<p>Jah, kontoris on v\u00f5imalik arveldada vaid sularahas. V\u00f5imalusel soovitame teha makse panga\u00fclekandega.<\/p>\n<h2>Kas eemaldate ka vanu r\u00f5duraame?<\/h2>\n<p>Jah, pakume vanade r\u00f5duraamide lammutust ja utiliseerimist. Teenuse hind on alates 120 \u20ac.<\/p>\n<h2>Kas m\u00f5\u00f5distajat saab kutsuda ka t\u00f6\u00f6v\u00e4lisel ajal\/ n\u00e4dalavahetusel?<\/h2>\n<p><strong>M\u00f5\u00f5distajad t\u00f6\u00f6tavad E-R 8.00-16.30<\/strong>. Erandjuhtudel teostame m\u00f5\u00f5distusi kliendiga kokkulepitud t\u00f6\u00f6v\u00e4listel aegadel.<\/p>\n<h2>Kui pikk on r\u00f5duklaaside garantiiaeg?<\/h2>\n<p>R\u00f5duklaaside garantiiperiood on 2 aastat.<\/p>\n<h2>Kui kaua r\u00f5duklaaside paigaldus aega v\u00f5tab?<\/h2>\n<p>Iga r\u00f5du on individuaalne ja seet\u00f5ttu on r\u00f5duklaaside paigalduse aega on\u00a0<strong>keeruline \u00fcheselt m\u00e4\u00e4ratleda<\/strong>. Kui soovite teada Teie r\u00f5dule paigaldavate klaaside orienteeruvat paigaldusaega, siis k\u00fcsige see \u00fcle m\u00fc\u00fcgiinimeselt v\u00f5i kui Teiega t\u00e4psemalt paigalduseks sobivat kuup\u00e4eva kokku lepitakse.<\/p>\n<h2>Millisel m\u00e4\u00e4ral on r\u00f5du kaitstud tuule ja vihma eest?<\/h2>\n<p>Klaasitud r\u00f5du on\u00a0<strong>suurel m\u00e4\u00e4ral\u00a0kaitstud ebasoodsate ilmastikuolude eest<\/strong>. Teatud ebasoodsate tingimuste kokkusattumisel v\u00f5ib r\u00f5dule ka v\u00e4hesel m\u00e4\u00e4ral vett sattuda. Sellisteks tingimusteks on tugev muutliku suunaga tuul, tuisk, tugev k\u00fclgtuul vihmaga. Juhul kui soovite peale r\u00f5duklaaside paigaldust r\u00f5du sisemust viimistleda, siis peaks eelpool mainituga kindlasti arvestama.<\/p>\n<h2>Kas klaaside vahesid saab ka\u00a0millegagi sulgeda?<\/h2>\n<p>Klaaside vahele saab panna\u00a0<strong>vahetihendid<\/strong>\u00a0ja klaaside ning\u00a0seina vahele\u00a0<strong>otsatihendid<\/strong>, mis aitavad muuta r\u00f5du veelgi enam tuule- ja vihmapidavamaks. Vahe- ja otsatihendid on soovitatav eemaldada suvel, kuna pikaajaline otsene p\u00e4ikesevalgus muudab tihendid hapramaks.<br \/>\nTihendeid on v\u00f5imalik meie kontorist ka hiljem juurde osta (tasumine arve alusel sularahas). K\u00fcsi pakkumist meie m\u00fc\u00fcgiesindajatelt.<\/p>\n<h2>Kas r\u00f5duklaasid on soojapidavad?<\/h2>\n<p>Raamideta r\u00f5duklaasis\u00fcsteem koosneb k\u00fclmadest alumiiniumprofiilidest ning nende vahel liikuvatest \u00fchekordsetest klaasidest. Klaasitud\u00a0<strong>r\u00f5dust ei saa sooja ruumi<\/strong>\u00a0ja temperatuur r\u00f5dul ei vasta korteri sisetemperatuuriga.<\/p>\n<h2>Kui palju hoiavad klaasid kinni v\u00e4lism\u00fcra?<\/h2>\n<p>R\u00f5duklaasid\u00a0<strong>v\u00e4hendavad<\/strong>\u00a0t\u00e4navam\u00fcra p\u00e4\u00e4su r\u00f5dule\u00a0<strong>keskmiselt 10\u00a0\u2013 14 dB v\u00f5rra<\/strong>. Testide tulemused\u00a0<strong>helisumbuvuse<\/strong>osas:\u00a0Rw = 20 dB (ISO140-4:1998, ISO717-1:2013); Dw = 10-14 dB (RIL192-2003).<\/p>\n<h2>Kas pakute ka r\u00f5duklaaside hooldust?<\/h2>\n<p>Jah, pakume\u00a0hooldust\u00a0<strong>meie poolt paigaldatud r\u00f5du- ja terrassiklaasidele<\/strong>. K\u00fcsi pakkumist meie m\u00fc\u00fcgiesindajatelt.<br \/>\nR\u00f5duklaaside hooldus tuleks kindlasti teostada juhul, kui klaasid mingil p\u00f5hjusel\u00a0<strong>liiguvad v\u00e4ga raskelt<\/strong>\u00a0v\u00f5i\u00a0<strong>ei liigu \u00fcldse<\/strong>. Oluline on\u00a0<strong>klaaside liigutamisel j\u00f5udu mitte kasutada<\/strong>, sest selle tulemusel v\u00f5ivad puruneda mitmed plastikdetailid.<\/p>\n<p>Pakume hooldust ka mitte meie poolt paigaldatud\u00a0toodetele, sel juhul saame peamiselt abiks olla klaaside reguleerimisel, kui on vajalik ka komponentide vahetus, siis teiste s\u00fcsteemide varuosi meil pakkuda ei ole.<\/p>\n<h2>Kuidas saab r\u00f5duklaase pesta?<\/h2>\n<p>Klaaside sise- ja v\u00e4lispinda saab pesta\u00a0<strong>otse r\u00f5dult<\/strong>, kuna klaasi avamisel selle v\u00e4lispind j\u00e4\u00e4b r\u00f5dule.<br \/>\nPesemisvahendina v\u00f5ib kasutada\u00a0<strong>koduseid klaasipuhastusvahendeid<\/strong>.<\/p>\n<h2>Milline on karastatud klaaside tugevus?<\/h2>\n<p>6 mm karastatud klaas puruneb 425 MPa survel aga tavaline karastamata klaas puruneb juba 150 MPa surve juures.<\/p>\n<h2>Kui suurele tuulekiirusele r\u00f5duklaasid vastu peavad?<\/h2>\n<p>Malmerk Klaasiumi\u00a0<strong>r\u00f5duklaasid on katsetatud<\/strong>\u00a0tuulekiirusele 55 m\/s. Eesti rekord aastast 1969 on 48 m\/s.<\/p>\n<ul>\n<li>13 m\/s\u00a0Tugev tuul<\/li>\n<li>24\u00a0m\/s Torm<\/li>\n<li>32\u00a0m\/s Orkaan (n\u00e4iteks 2011. a suvetormi ajal\u00a0oli V\u00e4ike-Maarjas tuule kiirus 35 m\/s)<\/li>\n<li>55\u00a0m\/s Edukalt l\u00e4bitud tuulekoormuse test<\/li>\n<\/ul>\n<h2>Kas konstruktsioonis on v\u00f5imalik kasutada lamineeritud klaasi?<\/h2>\n<p><strong>Ei ole.<\/strong>\u00a0Meie poolt pakutavas s\u00fcsteemis on v\u00f5imalik kasutada ainult \u00fchekordset karastatud klaasi.<\/p>\n<h2>Mitu klaasi saab avada maksimaalselt \u00fchele r\u00f5du k\u00fcljele?<\/h2>\n<p>\u00dchele poole avanemisel optimaalne klaaside arv on\u00a0<strong>7<\/strong>, maksimaalne\u00a0<strong>9<\/strong>.<\/p>\n<h2>Miks kasutatakse r\u00f5duklaaside paigaldamisel montaa\u017eivahtu?<\/h2>\n<p>Mida vanem on maja \/ k\u00f5veramad seinad \/ laed, seda suurem on t\u00f5en\u00e4osus, et tuleb vahtu kasutada.\u00a0Kuna r\u00f5duklaasid liiguvad \u00fclaprofiilis rullikute peal, peab selleks, et r\u00f5duklaasid h\u00e4sti t\u00f6\u00f6taksid, nii \u00fclemine kui alumine siin olema\u00a0<strong>loodis<\/strong>. Lisaks ei tohi profiil \u201crulluma\u201d hakata.\u00a0<strong>Profiili fikseerimiseks<\/strong>\u00a0kasutatakse tavaliselt montaa\u017eivahtu, see koos kiiludega fikseerib \u00e4ra profiili asendi ja tagab selle,\u00a0<strong>et r\u00f5duklaasid toimiksid ka aastate p\u00e4rast.<\/strong>\u00a0Lisaks aitab montaa\u017eivaht \u00e4ra hoida vee, lume ja liiva sattumise r\u00f5dule tuule m\u00f5jul.<br \/>\nMontaa\u017eivahu katmiseks v\u00f5ib tellida lisaks\u00a0<strong>katteplekid<\/strong>. Katteplekkide m\u00f5\u00f5dud saab reeglina v\u00f5tta alles peale r\u00f5duklaaside paigaldust.<\/p>\n<h2>Kas r\u00f5duklaase on v\u00f5imalik ka v\u00e4ljastpoolt avada? (K\u00fcsivad tihti esimese korruse elanikud, kes pelgavad \u201ekutsumata k\u00fclalisi\u201c).<\/h2>\n<p><strong>R\u00f5duklaase ei ole v\u00f5imalik avada v\u00e4ljastpoolt<\/strong>, sest need on seestpoolt lukustatud riivi ja lapselukuga. Samuti on klaasid rullikutega profiilis fikseeritud ja avanevad vaid sissepoole. Muud lisalukustust antud s\u00fcsteemil ei ole ja see ei ole ka vajalik.<\/p>\n<h2>Minu r\u00f5du asub viimasel korrusel. Kas minu r\u00f5dule on ka v\u00f5imalik r\u00f5duklaase paigaldada?<\/h2>\n<p>Loomulikult saame ka Teie r\u00f5dule r\u00f5duklaasid paigaldada, aga\u00a0<strong>eelnevalt tuleb r\u00f5dule paigaldada ka alumiiniumkeevisraamiga varikatus<\/strong>. Meie poolt pakutavad varikatused on v\u00e4lja t\u00f6\u00f6tatud selliselt, et nendele oleks hiljem v\u00f5imalik paigaldada ka r\u00f5duklaasid.[\/vc_column_text][\/vc_column][\/vc_row]<\/p>\n","protected":false},"excerpt":{"rendered":"<p>[vc_row][vc_column][vc_column_text] Milline on profiilide v\u00e4rvivalik? Standardv\u00e4rv\u00a0on valge RAL 9010. P\u00f5hitoonideks on\u00a0veel tumepruun RAL 8019 ja tumehall RAL7024. Teised toonid on v\u00f5imalik valida RAL-kataloogi alusel.\u00a0Plastdetailid\u00a0on musta v\u00e4rvi.<span class=\"excerpt-hellip\"> [\u2026]<\/span><\/p>\n","protected":false},"author":2,"featured_media":0,"parent":3136,"menu_order":0,"comment_status":"closed","ping_status":"closed","template":"","meta":{"footnotes":""},"class_list":["post-3151","page","type-page","status-publish","hentry"],"_links":{"self":[{"href":"https:\/\/murkka.com\/et\/wp-json\/wp\/v2\/pages\/3151","targetHints":{"allow":["GET"]}}],"collection":[{"href":"https:\/\/murkka.com\/et\/wp-json\/wp\/v2\/pages"}],"about":[{"href":"https:\/\/murkka.com\/et\/wp-json\/wp\/v2\/types\/page"}],"author":[{"embeddable":true,"href":"https:\/\/murkka.com\/et\/wp-json\/wp\/v2\/users\/2"}],"replies":[{"embeddable":true,"href":"https:\/\/murkka.com\/et\/wp-json\/wp\/v2\/comments?post=3151"}],"version-history":[{"count":4,"href":"https:\/\/murkka.com\/et\/wp-json\/wp\/v2\/pages\/3151\/revisions"}],"predecessor-version":[{"id":3659,"href":"https:\/\/murkka.com\/et\/wp-json\/wp\/v2\/pages\/3151\/revisions\/3659"}],"up":[{"embeddable":true,"href":"https:\/\/murkka.com\/et\/wp-json\/wp\/v2\/pages\/3136"}],"wp:attachment":[{"href":"https:\/\/murkka.com\/et\/wp-json\/wp\/v2\/media?parent=3151"}],"curies":[{"name":"wp","href":"https:\/\/api.w.org\/{rel}","templated":true}]}}