{"id":3162,"date":"2019-07-17T09:32:29","date_gmt":"2019-07-17T09:32:29","guid":{"rendered":"https:\/\/murkka.com\/?page_id=3162"},"modified":"2019-08-01T10:02:20","modified_gmt":"2019-08-01T10:02:20","slug":"juhendid","status":"publish","type":"page","link":"https:\/\/murkka.com\/et\/rodu\/roduklaasid\/juhendid\/","title":{"rendered":"Juhendid"},"content":{"rendered":"<p>[vc_row][vc_column][vc_column_text]<\/p>\n<h2><strong>Kasutusjuhend<\/strong><\/h2>\n<h3><strong>SAMM 1<\/strong><\/h3>\n<p>Avatavate r\u00f5duklaaside s\u00fcsteem koosneb \u00fchest \u00fclemisest ja alumisest alumiiniumjuhtprofiilist ning karastatud klaasidest, mille k\u00fcljes on rullikud. Rullikute ja profiilide konstruktsioon v\u00f5imaldab profiilide vahel klaase \u00fcksteise j\u00e4rel liigutada.<\/p>\n<p>Esimese klaasi avamiseks tuleb vabastada \u00fche k\u00e4ega alumine riiv ja teise k\u00e4ega avada \u00fcleval asuv laste turvalukk, t\u00f5mmates selle k\u00fcljes rippuvat n\u00f6\u00f6ri allapoole, mille tulemusena avaneb \u00e4\u00e4rmine klaas 90 kraadi\u00a0sissepoole. Esimest klaasi on v\u00f5imalik fikseerida ka kahte tuulutusasendisse, vabastades n\u00f6\u00f6ri esimese v\u00f5i teise ava kohal.<\/p>\n<h3><strong>SAMM 2<\/strong><\/h3>\n<p>J\u00e4rgmise klaasi saab liigutada esimese klaasi asemele ja p\u00f6\u00f6rata j\u00e4lle 90 kraadi\u00a0sissepoole. J\u00f5udu klaaside liigutamisel ei tohi rakendada. (Juhul kui klaasid ei liigu sujuvalt v\u00f5i ei liigu \u00fcldse, tuleks teostada r\u00f5duklaaside hooldus meie hooldusmeeskonna poolt).<\/p>\n<p>Klaasi k\u00fcljes olev \u00fclemine ja alumine rullik v\u00e4ljuvad profiilidest l\u00e4bi seal olevate\u00a0sissel\u00f5igete. Samamoodi avanevad r\u00f5dul k\u00f5ik sh\u00a0\u00fcle nurga liikuvad klaasid.<\/p>\n<h3><strong>SAMM 3<\/strong><\/h3>\n<p>L\u00f5pptulemusena saab r\u00f5duklaasid nagu raamatulehed avada sissepoole seina \u00e4\u00e4rde ja kogu r\u00f5du on tervikuna avatud. Klaasi(de) avamisel tuleb klaasid fikseerida\u00a0reeglina seinakummi abil (erandjuhtudel on see kinnitus laes v\u00f5i alumise profiili k\u00fcljes).<\/p>\n<p>R\u00f5du sulgemisel tuleb k\u00f5ik klaasid oma kohale tagasi liigutada ja oluline on sulgeda ka alalukk (riivlukk).<\/p>\n<p>NB!\u00a0Kodust lahkudes tuleb klaasid suletud asendisse liigutada ja sulgeda alumine riivlukk.<\/p>\n<h2><strong>Hooldusjuhend<\/strong><\/h2>\n<p>Klaase on h\u00f5lbus pesta seestpoolt, kui nad on suletud asendis ja v\u00e4ljastpoolt, kui nad on 90 kraadi\u00a0sissepoole p\u00f6\u00f6ratud. Klaase v\u00f5ib pesta k\u00f5igi koduste klaasipuhastusvahenditega.<\/p>\n<p>Alumise profiili sisemust tuleks v\u00e4hemalt kord aastas puhastada sinna kogunenud prahist ja tolmust. V\u00e4ljastpoolt hooldamiseks piisab profiilide pesemisest niiske lapiga.<\/p>\n<p>Alumisse profiili sattuv vesi juhitakse profiilist v\u00e4lja l\u00e4bi profiili tehtud veeaukude.<\/p>\n<p>On paratamatu, et kogu vett ei ole v\u00f5imalik profiilist l\u00e4bi aukude eemaldada, kuid profiili j\u00e4\u00e4va vee hulk on nii v\u00e4ike, et see r\u00f5duklaaside kasutusmugavust ja funktsionaalsust ei muuda.<\/p>\n<h3>Laadi juhend alla<\/h3>\n<p>[\/vc_column_text][\/vc_column][\/vc_row]<\/p>\n","protected":false},"excerpt":{"rendered":"<p>[vc_row][vc_column][vc_column_text] Kasutusjuhend SAMM 1 Avatavate r\u00f5duklaaside s\u00fcsteem koosneb \u00fchest \u00fclemisest ja alumisest alumiiniumjuhtprofiilist ning karastatud klaasidest, mille k\u00fcljes on rullikud. Rullikute ja profiilide konstruktsioon v\u00f5imaldab profiilide<span class=\"excerpt-hellip\"> [\u2026]<\/span><\/p>\n","protected":false},"author":2,"featured_media":0,"parent":3136,"menu_order":0,"comment_status":"closed","ping_status":"closed","template":"","meta":{"footnotes":""},"class_list":["post-3162","page","type-page","status-publish","hentry"],"_links":{"self":[{"href":"https:\/\/murkka.com\/et\/wp-json\/wp\/v2\/pages\/3162","targetHints":{"allow":["GET"]}}],"collection":[{"href":"https:\/\/murkka.com\/et\/wp-json\/wp\/v2\/pages"}],"about":[{"href":"https:\/\/murkka.com\/et\/wp-json\/wp\/v2\/types\/page"}],"author":[{"embeddable":true,"href":"https:\/\/murkka.com\/et\/wp-json\/wp\/v2\/users\/2"}],"replies":[{"embeddable":true,"href":"https:\/\/murkka.com\/et\/wp-json\/wp\/v2\/comments?post=3162"}],"version-history":[{"count":4,"href":"https:\/\/murkka.com\/et\/wp-json\/wp\/v2\/pages\/3162\/revisions"}],"predecessor-version":[{"id":3660,"href":"https:\/\/murkka.com\/et\/wp-json\/wp\/v2\/pages\/3162\/revisions\/3660"}],"up":[{"embeddable":true,"href":"https:\/\/murkka.com\/et\/wp-json\/wp\/v2\/pages\/3136"}],"wp:attachment":[{"href":"https:\/\/murkka.com\/et\/wp-json\/wp\/v2\/media?parent=3162"}],"curies":[{"name":"wp","href":"https:\/\/api.w.org\/{rel}","templated":true}]}}