{"id":3180,"date":"2019-07-17T09:42:26","date_gmt":"2019-07-17T09:42:26","guid":{"rendered":"https:\/\/murkka.com\/?page_id=3180"},"modified":"2019-09-17T09:31:21","modified_gmt":"2019-09-17T09:31:21","slug":"talveaed","status":"publish","type":"page","link":"https:\/\/murkka.com\/et\/rodu\/talveaed\/","title":{"rendered":"Talveaed"},"content":{"rendered":"<p>[vc_row][vc_column][vc_empty_space][vc_column_text]<\/p>\n<h2>Talveaed pakub rohelust aasta l\u00e4bi<\/h2>\n<p>Traditsiooniline talveaed on\u00a0<strong>maja k\u00fcljes olev juurdeehitis<\/strong>, millel nii seinad kui ka katus on klaasist. Katusealust saab aastaringselt kasutada ja Eesti heitlike ilmade juures on see m\u00f5nus ajaveetmise koht.[\/vc_column_text][\/vc_column][\/vc_row][vc_row][vc_column][vc_column_text]<\/p>\n<h3>Mitmek\u00fclgne kasutamine<\/h3>\n<p>[\/vc_column_text][\/vc_column][\/vc_row][vc_row][vc_column width=&#8221;1\/2&#8243;][vc_column_text]Talveaeda kavandades tuleks p\u00f5hjalikult l\u00e4bi m\u00f5elda, milleks seda soovitakse kasutada:<\/p>\n<ul>\n<li>k\u00fclaliste vastuv\u00f5tuks (nt aiapidude pidamiseks),<\/li>\n<li>perega koosolemiseks \/ einestamiseks,<\/li>\n<li>lastele hubaseks m\u00e4ngukohaks iga ilmaga,<\/li>\n<li>\u00f5dusaks lugemistoaks,<\/li>\n<li>taimede kasvatamiseks jne.<\/li>\n<\/ul>\n<p>[\/vc_column_text][\/vc_column][\/vc_row][vc_row][vc_column][vc_column_text]Sellest s\u00f5ltub, milline temperatuur peaks talveaias valitsema ehk millises maja k\u00fcljes see v\u00f5iks paikneda ning kui k\u00f5rged peaksid olema seinad. Ehkki talveaed tundub esimesel hetkel luksusliku ja kuluka ideena,\u00a0<strong>v\u00e4hendab talveaed tegelikult maja soojakadusid ning k\u00fcttekulusid<\/strong>\u00a0\u2013 see maja sein, kus paikneb talveaed, on tuule ja k\u00fclma eest kaitstud.[\/vc_column_text][\/vc_column][\/vc_row][vc_row][vc_column][vc_column_text]<\/p>\n<h2>Talveaia konstruktsioon<\/h2>\n<p>Murkka pakub talveaedadeks \u00fchekordse klaasiga nii-nimetatud \u00a0k\u00fclmad lahendused, mille seinteks on avatavad terrassiklaasid (raamidega v\u00f5i raamideta s\u00fcsteem).[\/vc_column_text][\/vc_column][\/vc_row][vc_row][vc_column width=&#8221;1\/3&#8243;][vc_single_image image=&#8221;3091&#8243; img_size=&#8221;&#8221;][\/vc_column][vc_column width=&#8221;1\/3&#8243;][vc_single_image image=&#8221;3095&#8243; img_size=&#8221;&#8221;][\/vc_column][vc_column width=&#8221;1\/3&#8243;][vc_single_image image=&#8221;3099&#8243; img_size=&#8221;&#8221;][\/vc_column][\/vc_row][vc_row][vc_column width=&#8221;1\/2&#8243;][vc_single_image image=&#8221;3103&#8243; img_size=&#8221;&#8221;][\/vc_column][vc_column width=&#8221;1\/2&#8243;][vc_single_image image=&#8221;3107&#8243; img_size=&#8221;&#8221;][\/vc_column][\/vc_row][vc_row][vc_column][vc_column_text]<strong>Rafter\u2019s\u00a0<\/strong>maximum<strong>\u00a0length\u00a0<\/strong>should be between 3 and 4 meters.<strong>\u00a0<\/strong>Frame construction of the winter garden is produced mainly of\u00a050\u00d750, 100\u00d750, 150\u00d750 and 200\u00d750 mm aluminium square tubes.\u00a0<strong>Surface of the profiles<\/strong>\u00a0is powder coated according to RAL catalogue. Conservatory structural elements are being prepared profile by profile in the facotry and are assembled on the site. For covering the\u00a0<strong>roof<\/strong>\u00a0of the winter garden can be used 6, 8 or 10 mm tempered glass (also laminated, if needed) and\u00a0<strong>PC plastic plates<\/strong>.<\/p>\n<p><strong>Katusesarika<\/strong>\u00a0suurim\u00a0<strong>pikkus<\/strong>\u00a0peaks j\u00e4\u00e4ma 3 ja 4 meetri vahele. Talveaia raamkonstruktsiooni valmistame peamiselt 50\u00d750, 100\u00d750, 150\u00d750 ja 200\u00d750 mm suurustest alumiinium-nelikanttorudest.\u00a0<strong>Pinnaviimistluseks<\/strong>\u00a0on RAL-kataloogi alusel v\u00e4ga laia v\u00e4rviskaalaga pulberv\u00e4rv.<\/p>\n<p>Talveaia konstruktsiooni detailid valmistatakse tehases profiilhaaval ette ja komplekteeritakse objektil. Talveaia\u00a0<strong>katuse<\/strong>katmiseks v\u00f5ib kasutada karastatud klaasi paksusega 6, 8 v\u00f5i 10 mm (vajadusel ka lamineeritud) ja\u00a0<strong>PC-kihtplastplaate.<\/strong>[\/vc_column_text][\/vc_column][\/vc_row][vc_row][vc_column width=&#8221;2\/3&#8243;][vc_column_text]<\/p>\n<h3><strong>Klaaskatusega talveaed<\/strong><\/h3>\n<p>Katuse\u00a0<strong>veetihedus<\/strong>\u00a0tagatakse spetsiaalselt klaaskatustele v\u00e4ljat\u00f6\u00f6tatud\u00a0<strong>Sch\u00fcco<\/strong>\u00a050 mm laiuse profiilis\u00fcsteemiga. Toetuspind klaasile on kolmest k\u00fcljest, esimene serv j\u00e4etakse lahtiseks ja see v\u00f5ib ulatuda kuni 200 mm \u00fcle katuse esiserva. Talveaia l\u00f5plik\u00a0<strong>hermeetilisus<\/strong>\u00a0tagatakse klaaside liitekohtadele kleebitava but\u00fc\u00fcltihendiga; k\u00fcljeprofiilid ja seina\u00fchendused viimistletakse katteplekkidega.[\/vc_column_text][\/vc_column][\/vc_row]<\/p>\n","protected":false},"excerpt":{"rendered":"<p>[vc_row][vc_column][vc_empty_space][vc_column_text] Talveaed pakub rohelust aasta l\u00e4bi Traditsiooniline talveaed on\u00a0maja k\u00fcljes olev juurdeehitis, millel nii seinad kui ka katus on klaasist. Katusealust saab aastaringselt kasutada ja Eesti<span class=\"excerpt-hellip\"> [\u2026]<\/span><\/p>\n","protected":false},"author":2,"featured_media":0,"parent":3547,"menu_order":0,"comment_status":"closed","ping_status":"closed","template":"","meta":{"footnotes":""},"class_list":["post-3180","page","type-page","status-publish","hentry"],"_links":{"self":[{"href":"https:\/\/murkka.com\/et\/wp-json\/wp\/v2\/pages\/3180","targetHints":{"allow":["GET"]}}],"collection":[{"href":"https:\/\/murkka.com\/et\/wp-json\/wp\/v2\/pages"}],"about":[{"href":"https:\/\/murkka.com\/et\/wp-json\/wp\/v2\/types\/page"}],"author":[{"embeddable":true,"href":"https:\/\/murkka.com\/et\/wp-json\/wp\/v2\/users\/2"}],"replies":[{"embeddable":true,"href":"https:\/\/murkka.com\/et\/wp-json\/wp\/v2\/comments?post=3180"}],"version-history":[{"count":6,"href":"https:\/\/murkka.com\/et\/wp-json\/wp\/v2\/pages\/3180\/revisions"}],"predecessor-version":[{"id":4215,"href":"https:\/\/murkka.com\/et\/wp-json\/wp\/v2\/pages\/3180\/revisions\/4215"}],"up":[{"embeddable":true,"href":"https:\/\/murkka.com\/et\/wp-json\/wp\/v2\/pages\/3547"}],"wp:attachment":[{"href":"https:\/\/murkka.com\/et\/wp-json\/wp\/v2\/media?parent=3180"}],"curies":[{"name":"wp","href":"https:\/\/api.w.org\/{rel}","templated":true}]}}