{"id":3191,"date":"2019-07-17T09:53:54","date_gmt":"2019-07-17T09:53:54","guid":{"rendered":"https:\/\/murkka.com\/?page_id=3191"},"modified":"2019-09-17T09:30:40","modified_gmt":"2019-09-17T09:30:40","slug":"rodupiirded","status":"publish","type":"page","link":"https:\/\/murkka.com\/et\/rodu\/rodupiirded\/","title":{"rendered":"R\u00f5dupiirded"},"content":{"rendered":"<p>[vc_row][vc_column][vc_column_text]R\u00f5dusid kasutatakse v\u00e4ga laialdaselt \u00fchiskondlike hoonete ja eramute arhitektuuris. R\u00f5dudel on peale funktsionaalse t\u00e4htsuse ja otstarbe ka v\u00e4ga t\u00e4htis koht arhitektuuris dekoratiivse elemendina. R\u00f5du on maja seinast v\u00e4ljaulatuv osa, mis on piiratud r\u00f5dupiirdega. Piire on t\u00e4htis ja n\u00e4htav osa r\u00f5dust, mis annab majale v\u00e4limuse ja stiili. Sellep\u00e4rast tuleks juba projekteerimise k\u00e4igus p\u00f6\u00f6rata suurt t\u00e4helepanu r\u00f5dupiiretele ja nende v\u00e4limusele.<\/p>\n<p>Murkka partner disainib, toodab ja paigaldab alumiiniumist r\u00f5dupiirdeid. Kombineerides erinevaid profiile ja klaase, leitakse enamasti sobiv lahendus igale kliendile.<\/p>\n<h3>Miks eelistada just alumiiniumist r\u00f5dupiirdeid?<\/h3>\n<p><strong>Alumiiniumprofiilidest<\/strong>\u00a0koostatud\u00a0<strong>r\u00f5dupiiretel<\/strong>\u00a0on mitmeid eeliseid v\u00f5rreldes teiste materjalide kasutamisel.<\/p>\n<ul>\n<li>Alumiinium ei ole tundlik muutuvatele ilmastikutingimustele ja on vastupidav suurtele temperatuuri k\u00f5ikumistele (\u201350\u00b0C kuni +80\u00b0C);<\/li>\n<li>Vastupidav korrosioonile ja muudele keskkonna kahjulikkudele m\u00f5judele;<\/li>\n<li>Ei vaja spetsiaalset hooldamist;<\/li>\n<li>Usaldusv\u00e4\u00e4rne ja vastupidav;<\/li>\n<li>Hea hinna- ja kvaliteedi suhe.<\/li>\n<\/ul>\n<p>Kuid mitte v\u00e4hem oluline on see, et\u00a0<strong>klaas-alumiiniumpiirded<\/strong>\u00a0on kaasaegsed ja kaunistavad maja.[\/vc_column_text][\/vc_column][\/vc_row][vc_row][vc_column][vc_column_text]Meie tootevalikus on peamiselt <strong>nelja t\u00fc\u00fcpi piirdeid<\/strong>: klaas-alumiiniumpiirded, t\u00e4isklaaspiirded, varbpiirded ja erilahendusega piirded.[\/vc_column_text][\/vc_column][\/vc_row][vc_row][vc_column width=&#8221;2\/3&#8243;][vc_column_text]<\/p>\n<h2>Klaas-alumiiniumpiire<\/h2>\n<p><strong>Klaas-alumiiniumpiire<\/strong>\u00a0on kaasaegne, \u00f5huline ja praktiliselt hooldusvaba. Taolised modernsed r\u00f5dupiirded\u00a0<strong>ei ole m\u00f5eldud vaid uusehitistele<\/strong>, vaid on ideaalseks lahenduseks ka vanemate majade renoveerimisel.<\/p>\n<p>[\/vc_column_text][vc_btn title=&#8221;Tutvu l\u00e4hemalt&#8221; color=&#8221;sky&#8221; link=&#8221;url:https%3A%2F%2Fmurkka.com%2Fet%2Frodupiirded%2Fklaas-alumiiniumpiire%2F|title:Glass-aluminium%20railing%20system||&#8221;][\/vc_column][vc_column width=&#8221;1\/3&#8243;][vc_single_image image=&#8221;3510&#8243; img_size=&#8221;full&#8221;][\/vc_column][\/vc_row][vc_row][vc_column width=&#8221;2\/3&#8243;][vc_column_text]<\/p>\n<h2>T\u00e4isklaaspiire<\/h2>\n<p>T\u00e4nap\u00e4eva arhitektuuris on l\u00e4bivaks m\u00e4rks\u00f5naks kaasaegsus ja\u00a0<strong>\u00f5hulisus<\/strong>.\u00a0<strong>T\u00e4isklaaspiire<\/strong>\u00a0on sellistel puhkudel ideaalne lahendus, sest karastatud ja lamineeritud klaas saab t\u00e4nu oma tugevusele olla ise kandvaks elemendiks.[\/vc_column_text][vc_btn title=&#8221;Tutvu l\u00e4hemalt&#8221; color=&#8221;sky&#8221; link=&#8221;url:https%3A%2F%2Fmurkka.com%2Fet%2Frodupiirded%2Ftaisklaaspiire%2F|title:Full%20glass%20balustrade||&#8221;][\/vc_column][vc_column width=&#8221;1\/3&#8243;][vc_single_image image=&#8221;2782&#8243; img_size=&#8221;full&#8221;][\/vc_column][\/vc_row][vc_row][vc_column width=&#8221;2\/3&#8243;][vc_column_text]<\/p>\n<h2>Varbpiire<\/h2>\n<p><strong>Varbpiire<\/strong>\u00a0on \u00a0laialt levinud Skandinaavias ja suure n\u00f5udluse t\u00f5ttu oleme selle lisanud\u00a0ka meie tootevalikusse. Tegu on\u00a0<strong>alumiiniumist<\/strong>\u00a0piirdega, mis on praktiliselt hooldusvaba ja mida on lihtne paigaldada. Klaasi sellise piirde puhul ei kasutata.[\/vc_column_text][vc_btn title=&#8221;Tutvu l\u00e4hemalt&#8221; color=&#8221;sky&#8221; link=&#8221;url:https%3A%2F%2Fmurkka.com%2Fet%2Frodupiirded%2Fvarbpiire%2F|title:Rod%20railing||&#8221;][\/vc_column][vc_column width=&#8221;1\/3&#8243;][vc_single_image image=&#8221;3567&#8243; img_size=&#8221;full&#8221;][\/vc_column][\/vc_row][vc_row][vc_column width=&#8221;2\/3&#8243;][vc_column_text]<\/p>\n<h2>Eripiirded<\/h2>\n<p>Lisaks eelpool nimetatud standardlahendustele pakume ka paljusid erilahendusega piirdeid. Tegeleme\u00a0<strong>piirdelahenduste arendamisega igap\u00e4evaselt<\/strong>, et olla v\u00f5imelised aitama meie kliente ka eripiiretega projektide puhul.[\/vc_column_text][vc_btn title=&#8221;Tutvu l\u00e4hemalt&#8221; color=&#8221;sky&#8221; link=&#8221;url:https%3A%2F%2Fmurkka.com%2Fet%2Frodupiirded%2Feripiirded%2F|title:Custom%20railing||&#8221;][\/vc_column][vc_column width=&#8221;1\/3&#8243;][vc_single_image image=&#8221;3571&#8243; img_size=&#8221;full&#8221;][\/vc_column][\/vc_row]<\/p>\n","protected":false},"excerpt":{"rendered":"<p>[vc_row][vc_column][vc_column_text]R\u00f5dusid kasutatakse v\u00e4ga laialdaselt \u00fchiskondlike hoonete ja eramute arhitektuuris. R\u00f5dudel on peale funktsionaalse t\u00e4htsuse ja otstarbe ka v\u00e4ga t\u00e4htis koht arhitektuuris dekoratiivse elemendina. R\u00f5du on maja<span class=\"excerpt-hellip\"> [\u2026]<\/span><\/p>\n","protected":false},"author":2,"featured_media":0,"parent":3547,"menu_order":0,"comment_status":"closed","ping_status":"closed","template":"","meta":{"footnotes":""},"class_list":["post-3191","page","type-page","status-publish","hentry"],"_links":{"self":[{"href":"https:\/\/murkka.com\/et\/wp-json\/wp\/v2\/pages\/3191","targetHints":{"allow":["GET"]}}],"collection":[{"href":"https:\/\/murkka.com\/et\/wp-json\/wp\/v2\/pages"}],"about":[{"href":"https:\/\/murkka.com\/et\/wp-json\/wp\/v2\/types\/page"}],"author":[{"embeddable":true,"href":"https:\/\/murkka.com\/et\/wp-json\/wp\/v2\/users\/2"}],"replies":[{"embeddable":true,"href":"https:\/\/murkka.com\/et\/wp-json\/wp\/v2\/comments?post=3191"}],"version-history":[{"count":8,"href":"https:\/\/murkka.com\/et\/wp-json\/wp\/v2\/pages\/3191\/revisions"}],"predecessor-version":[{"id":4213,"href":"https:\/\/murkka.com\/et\/wp-json\/wp\/v2\/pages\/3191\/revisions\/4213"}],"up":[{"embeddable":true,"href":"https:\/\/murkka.com\/et\/wp-json\/wp\/v2\/pages\/3547"}],"wp:attachment":[{"href":"https:\/\/murkka.com\/et\/wp-json\/wp\/v2\/media?parent=3191"}],"curies":[{"name":"wp","href":"https:\/\/api.w.org\/{rel}","templated":true}]}}