{"id":3202,"date":"2019-07-17T18:54:20","date_gmt":"2019-07-17T18:54:20","guid":{"rendered":"https:\/\/murkka.com\/?page_id=3202"},"modified":"2019-08-01T10:04:31","modified_gmt":"2019-08-01T10:04:31","slug":"eripiirded","status":"publish","type":"page","link":"https:\/\/murkka.com\/et\/rodu\/rodupiirded\/eripiirded\/","title":{"rendered":"Eripiirded"},"content":{"rendered":"<p>[vc_row][vc_column][vc_column_text]<\/p>\n<h1>Eripiirded<\/h1>\n<p>Murkka pakub standardina klaas-alumiiniumpiirdeid,\u00a0t\u00e4isklaaspiirdeid\u00a0ja\u00a0varbpiirdeid, kuid n\u00f5udlus on suur ka\u00a0<strong>erilahendustega<\/strong>\u00a0toodete\u00a0j\u00e4rele. Sellest tulenevalt tegeleme\u00a0<strong>piirdelahenduste arendamisega igap\u00e4evaselt<\/strong>, et olla v\u00f5imelised aitama meie kliente ka eripiiretega projektide puhul. Omame kogemust\u00a0<strong>horisontaalsete dekoratiivtorude-, profiilpleki- ja r\u00f5duplaadiga piirete<\/strong>\u00a0tootmisel ja paigaldamisel. P\u00e4ringud on oodatud ka teistele piirete lahendustele (alumiiniumist) \u2013 v\u00f5imekust selle valmistamiseks\u00a0hindame projektip\u00f5hiselt.[\/vc_column_text][\/vc_column][\/vc_row][vc_row][vc_column][vc_column_text]<\/p>\n<h2>Horisontaalsete dekoratiivtorudega piire<\/h2>\n<p>Sellisel lahendusel on peamiselt\u00a0<strong>kaks varianti<\/strong>. \u00dcheks v\u00f5imaluseks on piirde postide v\u00e4lispinnale neetida\u00a0<strong>20\u00d720 mm nelikanttorud<\/strong>. Ohutuse t\u00f5ttu on selle piirde sisek\u00fcljel ka klaas, et ei tekiks v\u00f5imalust kasutada horisontaalsete torudega piiret kui redelit. Torude vahe \u00fcksteisest on kliendi poolt vabalt valitud suuruses.<\/p>\n<p>Teine v\u00f5imalus on horisontaalsete elementidena kasutada\u00a0<strong>10 mm roostevabast terasest vardaid<\/strong>\u00a0puurituna l\u00e4bi posti. Ka sellel lahendusel on ohutusest tulenevalt sisek\u00fcljel klaas.\u00a0Piirete konstruktsioon valmistatakse RAL v\u00e4rvikataloogi alusel pulberv\u00e4rvitud alumiinimprofiilidest. Muus osas on piirded sarnased tavap\u00e4rase\u00a0klaas-alumiiniumpiirdega. Kui torusid v\u00f5i vardaid ei soovita kasutada, siis saab sarnase v\u00e4ljan\u00e4gemise tekitada ka\u00a0<strong>siiditr\u00fckiga klaasi abil<\/strong>.[\/vc_column_text][\/vc_column][\/vc_row][vc_row][vc_column width=&#8221;1\/2&#8243;][vc_single_image image=&#8221;3208&#8243; img_size=&#8221;&#8221;][\/vc_column][vc_column width=&#8221;1\/2&#8243;][vc_single_image image=&#8221;3203&#8243; img_size=&#8221;&#8221;][\/vc_column][\/vc_row][vc_row][vc_column][vc_column_text]<\/p>\n<h2>Profiilplekiga piire<\/h2>\n<p>Tavap\u00e4rase klaas-alumiiniumpiirde asemel on v\u00f5imalik valida ka\u00a0<strong>klaasita lahendusi<\/strong>. Selleks kasutame erinevaid\u00a0<strong>alumiiniumist profiilplekke<\/strong>: sirge, siinus, trapets vmt alumiinium. Lisaks on valikus ka\u00a0<strong>perforeeritud plekiga<\/strong>\u00a0piirded. Plekke on v\u00f5imalik RAL-kataloogi alusel v\u00e4rvida paljudes eritoonides. Profiilipleki paksus alates\u00a00,7 mm, perforeeritul 2,0 mm \u2013 paksus s\u00f5ltub objekti vajadustest.<\/p>\n<p>[\/vc_column_text][\/vc_column][\/vc_row][vc_row][vc_column width=&#8221;1\/2&#8243;][vc_single_image image=&#8221;3225&#8243; img_size=&#8221;&#8221;][\/vc_column][vc_column width=&#8221;1\/2&#8243;][vc_single_image image=&#8221;3221&#8243; img_size=&#8221;&#8221;][\/vc_column][\/vc_row][vc_row][vc_column][vc_column_text]<\/p>\n<h2>R\u00f5duplaadiga piire<\/h2>\n<p>Lisaks eelpool mainitud klaasita lahendusele on v\u00f5imalusi teisigi. Klaasi saab asendada ka\u00a0<strong>fassaadiplaadi<\/strong><strong>ga,\u00a0<\/strong>paksusteks 4, 6 v\u00f5i 8 mm. Sellise piirde puhul kehtivad samad tingimused ja on sama lai eriversioonide v\u00f5imalus nagu\u00a0klaas-alumiiniumpiirde\u00a0lehel esitletud. Ainus erinevus, millega tuleb arvestada, on m\u00f5ningatel juhtudel fassaadiplaadiga lahendustel lisaroovituse vajadus, kuna oma hapruse t\u00f5ttu ei kannata sama suurt pindala kui klaas. R\u00f5duplaadid saavad olla\u00a0<strong>v\u00e4rvitud nii seest kui ka v\u00e4ljaspoolt<\/strong>. Disainielemendina on kasutatud samas piirdes ka klaasi ja r\u00f5duplaati vaheldumisi.<\/p>\n<p>[\/vc_column_text][\/vc_column][\/vc_row][vc_row][vc_column width=&#8221;1\/2&#8243;][vc_single_image image=&#8221;3217&#8243; img_size=&#8221;&#8221;][\/vc_column][vc_column width=&#8221;1\/2&#8243;][vc_single_image image=&#8221;3213&#8243; img_size=&#8221;&#8221;][\/vc_column][\/vc_row]<\/p>\n","protected":false},"excerpt":{"rendered":"<p>[vc_row][vc_column][vc_column_text] Eripiirded Murkka pakub standardina klaas-alumiiniumpiirdeid,\u00a0t\u00e4isklaaspiirdeid\u00a0ja\u00a0varbpiirdeid, kuid n\u00f5udlus on suur ka\u00a0erilahendustega\u00a0toodete\u00a0j\u00e4rele. Sellest tulenevalt tegeleme\u00a0piirdelahenduste arendamisega igap\u00e4evaselt, et olla v\u00f5imelised aitama meie kliente ka eripiiretega projektide puhul.<span class=\"excerpt-hellip\"> [\u2026]<\/span><\/p>\n","protected":false},"author":2,"featured_media":0,"parent":3191,"menu_order":0,"comment_status":"closed","ping_status":"closed","template":"","meta":{"footnotes":""},"class_list":["post-3202","page","type-page","status-publish","hentry"],"_links":{"self":[{"href":"https:\/\/murkka.com\/et\/wp-json\/wp\/v2\/pages\/3202","targetHints":{"allow":["GET"]}}],"collection":[{"href":"https:\/\/murkka.com\/et\/wp-json\/wp\/v2\/pages"}],"about":[{"href":"https:\/\/murkka.com\/et\/wp-json\/wp\/v2\/types\/page"}],"author":[{"embeddable":true,"href":"https:\/\/murkka.com\/et\/wp-json\/wp\/v2\/users\/2"}],"replies":[{"embeddable":true,"href":"https:\/\/murkka.com\/et\/wp-json\/wp\/v2\/comments?post=3202"}],"version-history":[{"count":5,"href":"https:\/\/murkka.com\/et\/wp-json\/wp\/v2\/pages\/3202\/revisions"}],"predecessor-version":[{"id":3666,"href":"https:\/\/murkka.com\/et\/wp-json\/wp\/v2\/pages\/3202\/revisions\/3666"}],"up":[{"embeddable":true,"href":"https:\/\/murkka.com\/et\/wp-json\/wp\/v2\/pages\/3191"}],"wp:attachment":[{"href":"https:\/\/murkka.com\/et\/wp-json\/wp\/v2\/media?parent=3202"}],"curies":[{"name":"wp","href":"https:\/\/api.w.org\/{rel}","templated":true}]}}