{"id":3255,"date":"2019-07-17T19:26:09","date_gmt":"2019-07-17T19:26:09","guid":{"rendered":"https:\/\/murkka.com\/?page_id=3255"},"modified":"2019-08-01T10:03:50","modified_gmt":"2019-08-01T10:03:50","slug":"taisklaaspiire","status":"publish","type":"page","link":"https:\/\/murkka.com\/et\/rodu\/rodupiirded\/taisklaaspiire\/","title":{"rendered":"T\u00e4isklaaspiire"},"content":{"rendered":"<p>[vc_row][vc_column][vc_column_text]<\/p>\n<h1>T\u00e4isklaaspiire<\/h1>\n<p>T\u00e4nap\u00e4eva arhitektuuris on l\u00e4bivaks m\u00e4rks\u00f5naks kaasaegsus ja\u00a0<strong>\u00f5hulisus<\/strong>. Sellest tulenevalt soovitakse tihtipeale hoonele v\u00e4limust, kus oleks rohkelt klaasi ning muu konstruktsioon v\u00f5imalikult minimalistlik.\u00a0<strong>T\u00e4isklaaspiire<\/strong>\u00a0on sellistel puhkudel ideaalne lahendus, sest karastatud ja lamineeritud klaas saab t\u00e4nu oma tugevusele olla ise kandvaks elemendiks.\u00a0<strong>Klaasist piirde lahendusi on kahte t\u00fc\u00fcpi kinnitustega: alaprofiiliga ja punkt-kinnitusega.<\/strong>[\/vc_column_text][\/vc_column][\/vc_row][vc_row][vc_column][vc_column_text]<\/p>\n<h2>T\u00e4isklaaspiire alaprofiiliga<a href=\"https:\/\/malmerkklaasium.ee\/wp-content\/uploads\/2016\/12\/T%C3%A4isklaaspiire-GP-2.jpg\" rel=\"group\"><img fetchpriority=\"high\" decoding=\"async\" class=\"alignright wp-image-6372 size-medium\" src=\"https:\/\/malmerkklaasium.ee\/wp-content\/uploads\/2016\/12\/T%C3%A4isklaaspiire-GP-2-300x189.jpg\" sizes=\"(max-width: 300px) 100vw, 300px\" srcset=\"https:\/\/malmerkklaasium.ee\/wp-content\/uploads\/2016\/12\/T\u00e4isklaaspiire-GP-2-300x189.jpg 300w, https:\/\/malmerkklaasium.ee\/wp-content\/uploads\/2016\/12\/T\u00e4isklaaspiire-GP-2-1024x644.jpg 1024w, https:\/\/malmerkklaasium.ee\/wp-content\/uploads\/2016\/12\/T\u00e4isklaaspiire-GP-2-1200x755.jpg 1200w\" alt=\"taisklaaspiire-gp-2\" width=\"300\" height=\"189\" \/><\/a><\/h2>\n<p>Uudseks lahenduseks on ilma vahepostideta\u00a0<strong>t\u00e4isklaaspiire<\/strong>, mille kinnitamiseks kasutatakse vaid\u00a0<strong>alumiiniumist alaprofiili<\/strong>. Taoline kinnitusviis\u00a0v\u00f5imaldab arhitektidel oma kontseptsiooni veel t\u00f5husamalt rakendada. Alaprofiili\u00a0kasutamisel j\u00e4\u00e4b fassaadil n\u00e4htavaks praktiliselt ainult klaasi pind.<\/p>\n<p>Antud lahendust on v\u00f5imalik paigaldada nii r\u00f5du p\u00f5randapaneeli peale kui ka selle ette.\u00a0Tavaliselt on\u00a0<strong>klaaside\u00a0k\u00f5rgus<\/strong>\u00a01000-1100 mm p\u00f5randast. Ka t\u00e4isklaaspiirdele on v\u00f5imalik paigaldada minimalistlik k\u00e4sipuu, mis klaasi servad \u00fchtseks tervikuks \u00fchendab. Klaas peab olema\u00a0<strong>lamineeritud ja karastatud.<\/strong>\u00a0<strong>Lisaks kirkale klaasile<\/strong>\u00a0on\u00a0valikus\u00a0matt, v\u00e4rvitud, toonitud, lamineeritud, siiditr\u00fckiga ja mustritega klaasid.\u00a0<strong>Klaasi paksused<\/strong>\u00a0standardina 8+8 mm ja 10+10 mm (v\u00f5imalikud valikud 10, 12, 13.5, 17.5, 19.5, 21.5 mm).<\/p>\n<p>&nbsp;<\/p>\n<h2><img decoding=\"async\" class=\"alignright wp-image-6366 size-medium\" src=\"https:\/\/malmerkklaasium.ee\/wp-content\/uploads\/2016\/12\/T%C3%A4isklaaspiire-7-300x189.jpg\" sizes=\"(max-width: 300px) 100vw, 300px\" srcset=\"https:\/\/malmerkklaasium.ee\/wp-content\/uploads\/2016\/12\/T\u00e4isklaaspiire-7-300x189.jpg 300w, https:\/\/malmerkklaasium.ee\/wp-content\/uploads\/2016\/12\/T\u00e4isklaaspiire-7-1024x644.jpg 1024w, https:\/\/malmerkklaasium.ee\/wp-content\/uploads\/2016\/12\/T\u00e4isklaaspiire-7-1200x755.jpg 1200w\" alt=\"taisklaaspiire-7\" width=\"300\" height=\"189\" \/>T\u00e4isklaaspiire punkt-kinnitusega<\/h2>\n<p><strong>Punkt-kinnitused<\/strong>\u00a0on minimalistlik ja elegantne viis klaaside kinnitamiseks r\u00f5dupiiretel, trepipiiretele, seintele ja erinevatele konstruktsioonidele. Kvaliteetse materjali ja professionaalse viimistlusega punkt-kinnituse n\u00e4ol on tagatud\u00a0<strong>turvalisus\u00a0<\/strong>ja<strong>\u00a0vastupidavus<\/strong>klaasielementide kinnitamisel. Selline kinnitusviis sobib nii sisse kui ka v\u00e4lja.<\/p>\n<p>Klaasi kinnitus toimub l\u00e4bi klaasis olevate avade\u00a0<strong>roostevaba<\/strong>\u00a0kinnituselementidega. Klaasina kasutatakse sellise kinnituse puhul\u00a0<strong>lamineeritud ja karastatud klaasi<\/strong>.\u00a0<strong>Klaaside paksused<\/strong>: 88.4 (17.5mm), 1010.4 (21,5mm), 1212.4 (24.5mm). Klaasi paksuse valikul tuleb kindlasti arvestada klaasi m\u00f5\u00f5tudega ja v\u00f5imalike kinnituskohtade kaugusega \u00fcksteisest. Tavaliselt on\u00a0<strong>klaaside k\u00f5rgus<\/strong>\u00a01000-1100 mm r\u00f5du p\u00f5randast. Fassaadide ilmestamiseks on v\u00f5imalik kasutada peale kirka ka erinevaid\u00a0<strong>toonklaase<\/strong>\u00a0v\u00f5i klaaside lamineerimisel kasutada\u00a0<strong>toonkilet.<\/strong>[\/vc_column_text][\/vc_column][\/vc_row]<\/p>\n","protected":false},"excerpt":{"rendered":"<p>[vc_row][vc_column][vc_column_text] T\u00e4isklaaspiire T\u00e4nap\u00e4eva arhitektuuris on l\u00e4bivaks m\u00e4rks\u00f5naks kaasaegsus ja\u00a0\u00f5hulisus. Sellest tulenevalt soovitakse tihtipeale hoonele v\u00e4limust, kus oleks rohkelt klaasi ning muu konstruktsioon v\u00f5imalikult minimalistlik.\u00a0T\u00e4isklaaspiire\u00a0on sellistel puhkudel<span class=\"excerpt-hellip\"> [\u2026]<\/span><\/p>\n","protected":false},"author":2,"featured_media":0,"parent":3191,"menu_order":0,"comment_status":"closed","ping_status":"closed","template":"","meta":{"footnotes":""},"class_list":["post-3255","page","type-page","status-publish","hentry"],"_links":{"self":[{"href":"https:\/\/murkka.com\/et\/wp-json\/wp\/v2\/pages\/3255","targetHints":{"allow":["GET"]}}],"collection":[{"href":"https:\/\/murkka.com\/et\/wp-json\/wp\/v2\/pages"}],"about":[{"href":"https:\/\/murkka.com\/et\/wp-json\/wp\/v2\/types\/page"}],"author":[{"embeddable":true,"href":"https:\/\/murkka.com\/et\/wp-json\/wp\/v2\/users\/2"}],"replies":[{"embeddable":true,"href":"https:\/\/murkka.com\/et\/wp-json\/wp\/v2\/comments?post=3255"}],"version-history":[{"count":3,"href":"https:\/\/murkka.com\/et\/wp-json\/wp\/v2\/pages\/3255\/revisions"}],"predecessor-version":[{"id":3663,"href":"https:\/\/murkka.com\/et\/wp-json\/wp\/v2\/pages\/3255\/revisions\/3663"}],"up":[{"embeddable":true,"href":"https:\/\/murkka.com\/et\/wp-json\/wp\/v2\/pages\/3191"}],"wp:attachment":[{"href":"https:\/\/murkka.com\/et\/wp-json\/wp\/v2\/media?parent=3255"}],"curies":[{"name":"wp","href":"https:\/\/api.w.org\/{rel}","templated":true}]}}