{"id":3266,"date":"2019-07-17T19:33:49","date_gmt":"2019-07-17T19:33:49","guid":{"rendered":"https:\/\/murkka.com\/?page_id=3266"},"modified":"2019-08-01T10:03:09","modified_gmt":"2019-08-01T10:03:09","slug":"klaas-alumiiniumpiire","status":"publish","type":"page","link":"https:\/\/murkka.com\/et\/rodu\/rodupiirded\/klaas-alumiiniumpiire\/","title":{"rendered":"Klaas-alumiiniumpiire"},"content":{"rendered":"<p>[vc_row][vc_column][vc_column_text]<\/p>\n<h1>Klaas-alumiiniumpiire<\/h1>\n<p>Klaasist ja alumiiniumist on v\u00f5imalik valmistada v\u00e4ga erinevaid piirdeid, seega\u00a0sobiliku lahenduse leiab ka k\u00f5ige n\u00f5udlikumale maitsele.<strong>\u00a0Klaas-alumiiniumpiire<\/strong>\u00a0on kaasaegne, \u00f5huline ja praktiliselt hooldusvaba. Taolised modernsed r\u00f5dupiirded\u00a0<strong>ei ole m\u00f5eldud vaid uusehitistele<\/strong>, vaid on ideaalseks lahenduseks ka vanemate majade renoveerimisel.[\/vc_column_text][\/vc_column][\/vc_row][vc_row][vc_column][vc_column_text]<\/p>\n<h2>Materjal<\/h2>\n<p><strong>Profiilid.<\/strong>\u00a0Piirete konstruktsioon valmistatakse RAL v\u00e4rvikataloogi alusel pulberv\u00e4rvitud alumiinimprofiilidest.\u00a0<strong>Standardtoonid<\/strong>\u00a0on valge RAL9010, tumepruun RAL8019 ja tumehall RAL7016.\u00a0<strong>Piirdeposte on kahes suuruse<\/strong>s \u2013 70\u00d730 mm ja 50\u00d730 mm.\u00a0<strong>K\u00e4sipuu t\u00fc\u00fcpe on 3<\/strong>:<\/p>\n<ul>\n<li><strong>T\u00fc\u00fcp 1<\/strong>\u00a0\u2013 k\u00e4sipuu laiusega\u00a061 mm v\u00f5i\u00a081 mm;<\/li>\n<li><strong>T\u00fc\u00fcp 2<\/strong>\u00a0\u2013 k\u00e4sipuu, kus klaas kinnitub otse k\u00e4sipuus olevasse liistu (78 mm v\u00f5i\u00a098 mm);<\/li>\n<li><strong>T\u00fc\u00fcp<\/strong>\u00a0<strong>3<\/strong>\u00a0\u2013 k\u00e4sipuu, millel on ka v\u00e4ljaulatuv osa (nn aknalaud) ja v\u00f5imalus kinnitada klaasi nii sisse- kui ka v\u00e4ljapoole.<\/li>\n<\/ul>\n<p><strong>Klaasid.<\/strong>\u00a0Kasutame piiretes enamasti 6 mm ja 8 mm karastatud, 4+4 mm lamineeritud v\u00f5i 4+4 mm karastatud ja lamineeritud klaasi.\u00a0<strong>Klaasitoonide valik on lai<\/strong>: kirgas, matt, v\u00e4rvitud, toonitud, lamineeritud, siiditr\u00fckiga ja mustritega klaasid, lisaks veel erinevad v\u00e4rviliste laminaadikiledega versioonid.<\/p>\n<h2>Tehnilised andmed<\/h2>\n<p>Malmerk Klaasiumi tootevalikus olevatest profiilidest ja klaasidest on v\u00f5imalik valmistada palju erinevaid lahendusi, sest\u00a0<strong>erinevaid kombinatsioone on nii klaaside asetuse, profiilide paigutuse kui ka piirde kinnituse osas<\/strong>.<\/p>\n<p><strong>Klaasi paigutamine<\/strong>\u00a0piirde k\u00e4sipuu ja r\u00f5du betooni suhtes on vabalt valitud stiilis. Klaas saab paikneda r\u00f5du v\u00e4lis- kui ka sisek\u00fcljel ja klaasi on v\u00f5imalik kinnitada nii piirde k\u00e4sipuus asuvasse soonde kui ka eraldiseisvasse klaasiliistu. Iga klaasi saab vajadusel eraldi vahetada ja klaasi fikseerimiseks kasutatakse tihendit, millega kiilutatakse klaas vastu profiili.[\/vc_column_text][vc_gallery type=&#8221;image_grid&#8221; images=&#8221;3538,3498,3534,3530,3526,3522,3518,3514,3510,3506,3502&#8243; img_size=&#8221;400&#215;200&#8243;][vc_column_text]<strong>Piirde raamkonstruktsioon<\/strong>\u00a0on v\u00f5imalik paigaldada nii r\u00f5du p\u00f5randapaneeli peale (terasest kronsteinidega) kui ka selle ette (alumiiniumist kronsteinidega). Tavaliselt on\u00a0<strong>k\u00e4sipuu k\u00f5rgus<\/strong>\u00a01000-1100 mm p\u00f5randast. Maksimaalne lubatud\u00a0<strong>postide samm<\/strong>\u00a0on 1200 mm.<\/p>\n<p>L<a href=\"https:\/\/malmerkklaasium.ee\/wp-content\/uploads\/2016\/12\/Klaasiklamber.gif\" rel=\"group\"><img decoding=\"async\" class=\" alignleft wp-image-6361\" src=\"https:\/\/malmerkklaasium.ee\/wp-content\/uploads\/2016\/12\/Klaasiklamber.gif\" alt=\"klaasiklamber\" width=\"104\" height=\"118\" \/><\/a>isaks on valikus ka\u00a0<strong>klamberkinnitusega piire<\/strong>, kus klaas kinnitub klambritega postide vahele. \u00a0Antud kinnitusviis v\u00f5imaldab kuni 12 mm paksuse avat\u00e4ite kasutamist. Sellise lahenduse puhul on v\u00f5imalik piiret valmistada ka k\u00e4sipuuta.[\/vc_column_text][vc_empty_space][\/vc_column][\/vc_row]<\/p>\n","protected":false},"excerpt":{"rendered":"<p>[vc_row][vc_column][vc_column_text] Klaas-alumiiniumpiire Klaasist ja alumiiniumist on v\u00f5imalik valmistada v\u00e4ga erinevaid piirdeid, seega\u00a0sobiliku lahenduse leiab ka k\u00f5ige n\u00f5udlikumale maitsele.\u00a0Klaas-alumiiniumpiire\u00a0on kaasaegne, \u00f5huline ja praktiliselt hooldusvaba. Taolised modernsed r\u00f5dupiirded\u00a0ei<span class=\"excerpt-hellip\"> [\u2026]<\/span><\/p>\n","protected":false},"author":2,"featured_media":0,"parent":3191,"menu_order":0,"comment_status":"closed","ping_status":"closed","template":"","meta":{"footnotes":""},"class_list":["post-3266","page","type-page","status-publish","hentry"],"_links":{"self":[{"href":"https:\/\/murkka.com\/et\/wp-json\/wp\/v2\/pages\/3266","targetHints":{"allow":["GET"]}}],"collection":[{"href":"https:\/\/murkka.com\/et\/wp-json\/wp\/v2\/pages"}],"about":[{"href":"https:\/\/murkka.com\/et\/wp-json\/wp\/v2\/types\/page"}],"author":[{"embeddable":true,"href":"https:\/\/murkka.com\/et\/wp-json\/wp\/v2\/users\/2"}],"replies":[{"embeddable":true,"href":"https:\/\/murkka.com\/et\/wp-json\/wp\/v2\/comments?post=3266"}],"version-history":[{"count":6,"href":"https:\/\/murkka.com\/et\/wp-json\/wp\/v2\/pages\/3266\/revisions"}],"predecessor-version":[{"id":3662,"href":"https:\/\/murkka.com\/et\/wp-json\/wp\/v2\/pages\/3266\/revisions\/3662"}],"up":[{"embeddable":true,"href":"https:\/\/murkka.com\/et\/wp-json\/wp\/v2\/pages\/3191"}],"wp:attachment":[{"href":"https:\/\/murkka.com\/et\/wp-json\/wp\/v2\/media?parent=3266"}],"curies":[{"name":"wp","href":"https:\/\/api.w.org\/{rel}","templated":true}]}}