{"id":3278,"date":"2019-07-17T19:40:01","date_gmt":"2019-07-17T19:40:01","guid":{"rendered":"https:\/\/murkka.com\/?page_id=3278"},"modified":"2019-08-01T10:04:08","modified_gmt":"2019-08-01T10:04:08","slug":"varbpiire","status":"publish","type":"page","link":"https:\/\/murkka.com\/et\/rodu\/rodupiirded\/varbpiire\/","title":{"rendered":"Varbpiire"},"content":{"rendered":"<p>[vc_row][vc_column][vc_column_text]<\/p>\n<h1>Varbpiire<\/h1>\n<p><strong>Varbpiire<\/strong>\u00a0on laialt levinud Skandinaavias ja suure n\u00f5udluse t\u00f5ttu oleme selle lisanud\u00a0ka meie tootevalikusse. Tegu on\u00a0<strong>alumiiniumist<\/strong>\u00a0piirdega, mis on praktiliselt hooldusvaba ja mida on lihtne paigaldada. Klaasi antud piirde puhul ei kasutata, aga sellegi poolest on v\u00f5imalik konstrueerida\u00a0<strong>palju erinevaid lahendusi<\/strong>\u00a0muutes varbide ja postide asetust k\u00e4sipuu ja r\u00f5du betooni suhtes.[\/vc_column_text][\/vc_column][\/vc_row][vc_row][vc_column][vc_column_text]<\/p>\n<h2>Materjal ja tehnilised andmed<\/h2>\n<p><strong>Varbpiirded<\/strong>\u00a0valmistatakse RAL v\u00e4rvikataloogi alusel pulberv\u00e4rvitud alumiinimprofiilidest.\u00a0<strong>Standardtoonid<\/strong>\u00a0on valge RAL9010, tumepruun RAL8019 ja tumehall RAL7016. Varbpiire koosneb vertikaalsetest 20\u00d720 mm\u00a0<strong>nelikanttorudest<\/strong>.<strong>Piirdeposte on kahes suuruses<\/strong>\u00a0\u2013 70\u00d730 mm ja 50\u00d730 mm, nendele vastavalt on\u00a0<strong>k\u00e4sipuu<\/strong>\u00a0laiuseks 81 mm v\u00f5i 61 mm.<\/p>\n<p><strong>Piirde raamkonstruktsioon<\/strong>\u00a0on v\u00f5imalik paigaldada nii r\u00f5du p\u00f5randapaneeli peale (terasest kronsteinidega) kui ka selle ette (alumiiniumist kronsteinidega).\u00a0Varbid\u00a0saavad paikneda r\u00f5du v\u00e4lis- kui ka sisek\u00fcljel.<strong>\u00a0Standard\u00a0<\/strong>(maximum)<strong>\u00a0varbide vahe<\/strong>\u00a0on 100 mm. Tavaliselt on\u00a0<strong>k\u00e4sipuu k\u00f5rgus<\/strong>\u00a01000-1100 mm p\u00f5randast. Maksimaalne lubatud\u00a0<strong>postide samm<\/strong>\u00a0on 1200 mm.[\/vc_column_text][\/vc_column][\/vc_row]<\/p>\n","protected":false},"excerpt":{"rendered":"<p>[vc_row][vc_column][vc_column_text] Varbpiire Varbpiire\u00a0on laialt levinud Skandinaavias ja suure n\u00f5udluse t\u00f5ttu oleme selle lisanud\u00a0ka meie tootevalikusse. Tegu on\u00a0alumiiniumist\u00a0piirdega, mis on praktiliselt hooldusvaba ja mida on lihtne paigaldada.<span class=\"excerpt-hellip\"> [\u2026]<\/span><\/p>\n","protected":false},"author":2,"featured_media":0,"parent":3191,"menu_order":0,"comment_status":"closed","ping_status":"closed","template":"","meta":{"footnotes":""},"class_list":["post-3278","page","type-page","status-publish","hentry"],"_links":{"self":[{"href":"https:\/\/murkka.com\/et\/wp-json\/wp\/v2\/pages\/3278","targetHints":{"allow":["GET"]}}],"collection":[{"href":"https:\/\/murkka.com\/et\/wp-json\/wp\/v2\/pages"}],"about":[{"href":"https:\/\/murkka.com\/et\/wp-json\/wp\/v2\/types\/page"}],"author":[{"embeddable":true,"href":"https:\/\/murkka.com\/et\/wp-json\/wp\/v2\/users\/2"}],"replies":[{"embeddable":true,"href":"https:\/\/murkka.com\/et\/wp-json\/wp\/v2\/comments?post=3278"}],"version-history":[{"count":4,"href":"https:\/\/murkka.com\/et\/wp-json\/wp\/v2\/pages\/3278\/revisions"}],"predecessor-version":[{"id":3665,"href":"https:\/\/murkka.com\/et\/wp-json\/wp\/v2\/pages\/3278\/revisions\/3665"}],"up":[{"embeddable":true,"href":"https:\/\/murkka.com\/et\/wp-json\/wp\/v2\/pages\/3191"}],"wp:attachment":[{"href":"https:\/\/murkka.com\/et\/wp-json\/wp\/v2\/media?parent=3278"}],"curies":[{"name":"wp","href":"https:\/\/api.w.org\/{rel}","templated":true}]}}