{"id":3300,"date":"2019-07-17T19:58:44","date_gmt":"2019-07-17T19:58:44","guid":{"rendered":"https:\/\/murkka.com\/?page_id=3300"},"modified":"2019-08-01T10:06:50","modified_gmt":"2019-08-01T10:06:50","slug":"varikatused","status":"publish","type":"page","link":"https:\/\/murkka.com\/et\/rodu\/varikatused\/","title":{"rendered":"Varikatused"},"content":{"rendered":"<p>[vc_row][vc_column][vc_column_text]<\/p>\n<h1>Varikatused<\/h1>\n<p>Murkka varikatused on m\u00f5eldud paigaldamiseks peamiselt <strong>seinast v\u00e4ljaulatuvate r\u00f5dude ja v\u00e4lisuste kohale<\/strong>. Et katus s\u00e4ilitaks oma funktsionaalsuse ja v\u00e4\u00e4rtuse ka peale garantiiaega, kasutame ainult\u00a0<strong>kvaliteetseid materjale<\/strong>\u00a0ja\u00a0<strong>kauakestvaid\u00a0viimistlustehnoloogiaid<\/strong>. R\u00f5dude kohale pakume alumiiniumraamis varikatust ja v\u00e4lisuste kohale soovitame t\u00f5mbidel t\u00e4isklaasvarikatuse lahendust.[\/vc_column_text][\/vc_column][\/vc_row][vc_row][vc_column width=&#8221;2\/3&#8243;][vc_column_text]<\/p>\n<h2>Alumiiniumraamis varikatus<\/h2>\n<p><strong>Klaasist ja alumiiniumist<\/strong>\u00a0valmistatud varikatus on tugev ja vastupidav. Kuigi varikatuseid on v\u00f5imalik teha paljudest materjalidest, siis standardiks kortermajade r\u00f5dudele on kujunenud just alumiiniumraamis klaasvarikatused. Selleks, et\u00a0<strong>kaitsta r\u00f5du betoonelemente ilmastiku m\u00f5jude eest<\/strong>, peaks kaaluma lisaks ka\u00a0r\u00f5duklaaside\u00a0paigaldust.[\/vc_column_text][vc_btn title=&#8221;Tutvu l\u00e4hemalt&#8221; color=&#8221;primary&#8221; link=&#8221;url:https%3A%2F%2Fmurkka.com%2Fet%2Fvarikatused%2Falumiiniumraamis-varikatus%2F|||&#8221;][\/vc_column][vc_column width=&#8221;1\/3&#8243;][vc_single_image image=&#8221;2990&#8243; img_size=&#8221;full&#8221;][\/vc_column][\/vc_row][vc_row][vc_column width=&#8221;2\/3&#8243;][vc_column_text]<\/p>\n<h2>T\u00e4isklaasvarikatus<\/h2>\n<p>T\u00e4isklaasvarikatused on\u00a0<strong>enim levinud sissep\u00e4\u00e4sude kohal<\/strong>, seda nii kortermajadel kui ka keskuste, hotellide\u00a0ja b\u00fcroohoonete\u00a0puhul.\u00a0Taoline varikatus on \u00f5huline ja kerge ning seda on lihtne hooldada. Lisaks\u00a0<strong>vihma ja tuule eest kaitsmisele<\/strong>, aitab\u00a0t\u00e4isklaasvarikatus r\u00f5hutada ka hoone avarat ja l\u00e4bipaistvat ehitusdisaini.[\/vc_column_text][vc_btn title=&#8221;Tutvu l\u00e4hemalt&#8221; color=&#8221;primary&#8221; link=&#8221;url:https%3A%2F%2Fmurkka.com%2Fet%2Fvarikatused%2Ftaisklaasvarikatus%2F|||&#8221;][\/vc_column][vc_column width=&#8221;1\/3&#8243;][vc_single_image image=&#8221;2994&#8243; img_size=&#8221;full&#8221;][\/vc_column][\/vc_row]<\/p>\n","protected":false},"excerpt":{"rendered":"<p>[vc_row][vc_column][vc_column_text] Varikatused Murkka varikatused on m\u00f5eldud paigaldamiseks peamiselt seinast v\u00e4ljaulatuvate r\u00f5dude ja v\u00e4lisuste kohale. Et katus s\u00e4ilitaks oma funktsionaalsuse ja v\u00e4\u00e4rtuse ka peale garantiiaega, kasutame ainult\u00a0kvaliteetseid<span class=\"excerpt-hellip\"> [\u2026]<\/span><\/p>\n","protected":false},"author":2,"featured_media":0,"parent":3547,"menu_order":0,"comment_status":"closed","ping_status":"closed","template":"","meta":{"footnotes":""},"class_list":["post-3300","page","type-page","status-publish","hentry"],"_links":{"self":[{"href":"https:\/\/murkka.com\/et\/wp-json\/wp\/v2\/pages\/3300","targetHints":{"allow":["GET"]}}],"collection":[{"href":"https:\/\/murkka.com\/et\/wp-json\/wp\/v2\/pages"}],"about":[{"href":"https:\/\/murkka.com\/et\/wp-json\/wp\/v2\/types\/page"}],"author":[{"embeddable":true,"href":"https:\/\/murkka.com\/et\/wp-json\/wp\/v2\/users\/2"}],"replies":[{"embeddable":true,"href":"https:\/\/murkka.com\/et\/wp-json\/wp\/v2\/comments?post=3300"}],"version-history":[{"count":5,"href":"https:\/\/murkka.com\/et\/wp-json\/wp\/v2\/pages\/3300\/revisions"}],"predecessor-version":[{"id":3670,"href":"https:\/\/murkka.com\/et\/wp-json\/wp\/v2\/pages\/3300\/revisions\/3670"}],"up":[{"embeddable":true,"href":"https:\/\/murkka.com\/et\/wp-json\/wp\/v2\/pages\/3547"}],"wp:attachment":[{"href":"https:\/\/murkka.com\/et\/wp-json\/wp\/v2\/media?parent=3300"}],"curies":[{"name":"wp","href":"https:\/\/api.w.org\/{rel}","templated":true}]}}