{"id":3321,"date":"2019-07-17T20:20:28","date_gmt":"2019-07-17T20:20:28","guid":{"rendered":"https:\/\/murkka.com\/?page_id=3321"},"modified":"2019-08-01T10:08:07","modified_gmt":"2019-08-01T10:08:07","slug":"taisklaasvarikatus","status":"publish","type":"page","link":"https:\/\/murkka.com\/et\/rodu\/varikatused\/taisklaasvarikatus\/","title":{"rendered":"T\u00e4isklaasvarikatus"},"content":{"rendered":"<p>[vc_row][vc_column][vc_column_text]<\/p>\n<h1>T\u00e4isklaasvarikatus<\/h1>\n<p>T\u00e4isklaasvarikatused on\u00a0<strong>enim levinud sissep\u00e4\u00e4sude kohal<\/strong>, seda nii kortermajadel kui ka keskuste, hotellide\u00a0ja b\u00fcroohoonete\u00a0puhul. Klaaskatuse valikul on\u00a0<strong>olulisim turvalisus<\/strong>, mille tagavad \u00f5iged klaasi kinnitused ja tingimata \u00f5ige paksusega lamineeritud ja karastatud klaas. Taoline varikatust on \u00f5huline ja kerge ning seda on lihtne hooldada. Lisaks p\u00f5hifunktsioonile \u2013\u00a0<strong>vihma ja tuule eest kaitsmisele<\/strong>, aitab t\u00e4isklaasvarikatus r\u00f5hutada ka hoone avarat ja l\u00e4bipaistvat ehitusdisaini.[\/vc_column_text][\/vc_column][\/vc_row][vc_row][vc_column][vc_column_text]<\/p>\n<h2>Materjal ja tehnilised andmed<\/h2>\n<p>[\/vc_column_text][\/vc_column][\/vc_row][vc_row][vc_column width=&#8221;2\/3&#8243;][vc_column_text]Punktkinnitusega\u00a0t\u00e4isklaasist varikatuse<strong>\u00a0suurim s\u00fcgavus<\/strong>\u00a0saab olla 2 meetrit. Klaasi hoiavad paigas\u00a0<strong>roostevabast terasest t\u00f5mbid<\/strong>. Vastavalt m\u00f5\u00f5dule kasutame 8+8 v\u00f5i 10+10 mm karastatud ja lamineeritud klaasi. Enamasti on taoline katuselahendus kirka klaasiga, kuid v\u00f5imalik on kasutada ka matistatud v\u00f5i toonitud klaasi (roheline, pronks, hall). Klaaside puhul on v\u00e4ga oluline, et klaasi avad oleks \u00f5ige suurusega ja servadest \u00f5igel kaugusel.<\/p>\n<p>Varikatus kinnitatakse \u00fchepunkti klaasifiksaatorite abil. T\u00e4nu reguleeritavate \u00fchendusvarraste ja r\u00f5ngaste kasutamisele\u00a0<strong>ei ole taoline s\u00fcsteem j\u00e4ik<\/strong>. T\u00e4isklaasvarikatus on\u00a0<strong>vastupidav survele ja tuule imemisj\u00f5ule<\/strong>.[\/vc_column_text][\/vc_column][vc_column width=&#8221;1\/3&#8243;][vc_single_image image=&#8221;3054&#8243; img_size=&#8221;&#8221;][\/vc_column][\/vc_row]<\/p>\n","protected":false},"excerpt":{"rendered":"<p>[vc_row][vc_column][vc_column_text] T\u00e4isklaasvarikatus T\u00e4isklaasvarikatused on\u00a0enim levinud sissep\u00e4\u00e4sude kohal, seda nii kortermajadel kui ka keskuste, hotellide\u00a0ja b\u00fcroohoonete\u00a0puhul. Klaaskatuse valikul on\u00a0olulisim turvalisus, mille tagavad \u00f5iged klaasi kinnitused ja tingimata<span class=\"excerpt-hellip\"> [\u2026]<\/span><\/p>\n","protected":false},"author":2,"featured_media":0,"parent":3300,"menu_order":0,"comment_status":"closed","ping_status":"closed","template":"","meta":{"footnotes":""},"class_list":["post-3321","page","type-page","status-publish","hentry"],"_links":{"self":[{"href":"https:\/\/murkka.com\/et\/wp-json\/wp\/v2\/pages\/3321","targetHints":{"allow":["GET"]}}],"collection":[{"href":"https:\/\/murkka.com\/et\/wp-json\/wp\/v2\/pages"}],"about":[{"href":"https:\/\/murkka.com\/et\/wp-json\/wp\/v2\/types\/page"}],"author":[{"embeddable":true,"href":"https:\/\/murkka.com\/et\/wp-json\/wp\/v2\/users\/2"}],"replies":[{"embeddable":true,"href":"https:\/\/murkka.com\/et\/wp-json\/wp\/v2\/comments?post=3321"}],"version-history":[{"count":4,"href":"https:\/\/murkka.com\/et\/wp-json\/wp\/v2\/pages\/3321\/revisions"}],"predecessor-version":[{"id":3672,"href":"https:\/\/murkka.com\/et\/wp-json\/wp\/v2\/pages\/3321\/revisions\/3672"}],"up":[{"embeddable":true,"href":"https:\/\/murkka.com\/et\/wp-json\/wp\/v2\/pages\/3300"}],"wp:attachment":[{"href":"https:\/\/murkka.com\/et\/wp-json\/wp\/v2\/media?parent=3321"}],"curies":[{"name":"wp","href":"https:\/\/api.w.org\/{rel}","templated":true}]}}