{"id":3350,"date":"2019-07-17T21:09:52","date_gmt":"2019-07-17T21:09:52","guid":{"rendered":"https:\/\/murkka.com\/?page_id=3350"},"modified":"2019-08-01T10:05:31","modified_gmt":"2019-08-01T10:05:31","slug":"raamidega-terrassiklaasid","status":"publish","type":"page","link":"https:\/\/murkka.com\/et\/rodu\/terrassid\/raamidega-terrassiklaasid\/","title":{"rendered":"Raamidega terrassiklaasid"},"content":{"rendered":"<p>[vc_row][vc_column][vc_column_text]<\/p>\n<h1>Raamidega terrassiklaasid<\/h1>\n<h1><a href=\"https:\/\/malmerkklaasium.ee\/wp-content\/uploads\/2016\/11\/Section_COPAL.jpg\" rel=\"group\"><img decoding=\"async\" class=\"alignright wp-image-6241\" src=\"https:\/\/malmerkklaasium.ee\/wp-content\/uploads\/2016\/11\/Section_COPAL-93x300.jpg\" sizes=\"(max-width: 72px) 100vw, 72px\" srcset=\"https:\/\/malmerkklaasium.ee\/wp-content\/uploads\/2016\/11\/Section_COPAL-93x300.jpg 93w, https:\/\/malmerkklaasium.ee\/wp-content\/uploads\/2016\/11\/Section_COPAL-280x900.jpg 280w, https:\/\/malmerkklaasium.ee\/wp-content\/uploads\/2016\/11\/Section_COPAL.jpg 282w\" alt=\"section_copal\" width=\"72\" height=\"232\" \/><\/a><\/h1>\n<p>Lihtsalt paigaldatav terrasside klaasl\u00fckands\u00fcsteem koosneb alumiiniumprofiilidest valmistatud moodulitest ja nende sisse paigutatud\u00a0klaasidest. Moodulid\u00a0<strong>liiguvad sujuvalt<\/strong>\u00a0hooldevabal plastikkattega laagerrullikutel \u00fclemise ja alumise 2-, 3- v\u00f5i 4-realise juhtsiini vahel, mis on varustatud vee \u00e4ravoolu avadega. Moodulite \u00fchenduskohad on varustatud nn\u00a0<strong>tuuleluku<\/strong>\u00a0ja harjastihendiga. See spetsiaalne tihend summutab m\u00fcra ja teeb terrassi tolmu- ja veekindlamaks. Tuulelukul on ka\u00a0<strong>turvafunktsioon<\/strong>\u00a0\u2013 mooduleid ei saa v\u00e4ljastpoolt eest \u00e4ra t\u00f5sta.[\/vc_column_text][\/vc_column][\/vc_row][vc_row][vc_column][vc_column_text]<\/p>\n<h3>Materjalid<\/h3>\n<p>Mehaaniliselt\u00a0<strong>kuluvaid osi<\/strong>\u00a0s\u00fcsteemil<strong>\u00a0ei ole<\/strong>. Profiilide pinnakate on pulberv\u00e4rv RAL-kataloogi alusel. Klaasidest saab valida 4 ja 6 mm kas\u00a0<strong>karastatud<\/strong>\u00a0kirka klaasi v\u00f5i erinevates v\u00e4rvides toonklaaside vahel. Vastavalt soovile saab lahendada ka\u00a0<strong>moodulite avamist<\/strong>\u00a0kas k\u00f5ik \u00fchele poole, kui on kuni neli moodulit, v\u00f5i kahele poole, kui mooduleid on rohkem.<\/p>\n<p><strong>S\u00fcsteem suletuna ja avatuna<\/strong><\/p>\n<p><a href=\"https:\/\/malmerkklaasium.ee\/wp-content\/uploads\/2016\/11\/Copal_C_2.jpg\" rel=\"group\"><img fetchpriority=\"high\" decoding=\"async\" class=\"alignnone size-medium wp-image-6454\" src=\"https:\/\/malmerkklaasium.ee\/wp-content\/uploads\/2016\/11\/Copal_C_2-300x225.jpg\" sizes=\"(max-width: 300px) 100vw, 300px\" srcset=\"https:\/\/malmerkklaasium.ee\/wp-content\/uploads\/2016\/11\/Copal_C_2-300x225.jpg 300w, https:\/\/malmerkklaasium.ee\/wp-content\/uploads\/2016\/11\/Copal_C_2-1024x768.jpg 1024w, https:\/\/malmerkklaasium.ee\/wp-content\/uploads\/2016\/11\/Copal_C_2-400x300.jpg 400w, https:\/\/malmerkklaasium.ee\/wp-content\/uploads\/2016\/11\/Copal_C_2-1200x900.jpg 1200w\" alt=\"copal_c_2\" width=\"300\" height=\"225\" \/><\/a>\u00a0<a href=\"https:\/\/malmerkklaasium.ee\/wp-content\/uploads\/2016\/11\/Copal_O_2.jpg\" rel=\"group\"><img decoding=\"async\" class=\"alignnone size-medium wp-image-6455\" src=\"https:\/\/malmerkklaasium.ee\/wp-content\/uploads\/2016\/11\/Copal_O_2-300x225.jpg\" sizes=\"(max-width: 300px) 100vw, 300px\" srcset=\"https:\/\/malmerkklaasium.ee\/wp-content\/uploads\/2016\/11\/Copal_O_2-300x225.jpg 300w, https:\/\/malmerkklaasium.ee\/wp-content\/uploads\/2016\/11\/Copal_O_2-1024x768.jpg 1024w, https:\/\/malmerkklaasium.ee\/wp-content\/uploads\/2016\/11\/Copal_O_2-400x300.jpg 400w, https:\/\/malmerkklaasium.ee\/wp-content\/uploads\/2016\/11\/Copal_O_2-1200x900.jpg 1200w\" alt=\"copal_o_2\" width=\"300\" height=\"225\" \/><\/a><\/p>\n<figure id=\"attachment_6197\" class=\"wp-caption alignright\"><figcaption class=\"wp-caption-text\"><\/figcaption><\/figure>\n<figure id=\"attachment_6198\" class=\"wp-caption alignright\"><figcaption class=\"wp-caption-text\"><\/figcaption><\/figure>\n<h3>Lukustus<\/h3>\n<p>Standardlahenduses raamidega terrassiklaasidel lukustus puudub. Lisana on valikus kaks lukustust:\u00a0<strong>konkslukk<\/strong>\u00a0ja\u00a0<strong>riivlukk<\/strong>. Konkslukk on v\u00f5tmega lukustus, mis toimib nii terrassilt kui ka v\u00e4ljast. Riivlukk on v\u00f5tmeta lukustus, mida saab avada ja sulgeda\u00a0vaid terrassi seestpoolt.<\/p>\n<h3>Paigaldus<\/h3>\n<p>Raamidega terrassiklaase on lihtne paigaldada ja seet\u00f5ttu pakume v\u00f5imalust tellida toodet ka kliendi v\u00f5etud m\u00f5\u00f5tude j\u00e4rgi ja\u00a0<strong>ilma meiepoolse paigalduseta<\/strong>.[\/vc_column_text][\/vc_column][\/vc_row]<\/p>\n","protected":false},"excerpt":{"rendered":"<p>[vc_row][vc_column][vc_column_text] Raamidega terrassiklaasid Lihtsalt paigaldatav terrasside klaasl\u00fckands\u00fcsteem koosneb alumiiniumprofiilidest valmistatud moodulitest ja nende sisse paigutatud\u00a0klaasidest. Moodulid\u00a0liiguvad sujuvalt\u00a0hooldevabal plastikkattega laagerrullikutel \u00fclemise ja alumise 2-, 3- v\u00f5i 4-realise<span class=\"excerpt-hellip\"> [\u2026]<\/span><\/p>\n","protected":false},"author":2,"featured_media":0,"parent":3340,"menu_order":0,"comment_status":"closed","ping_status":"closed","template":"","meta":{"footnotes":""},"class_list":["post-3350","page","type-page","status-publish","hentry"],"_links":{"self":[{"href":"https:\/\/murkka.com\/et\/wp-json\/wp\/v2\/pages\/3350","targetHints":{"allow":["GET"]}}],"collection":[{"href":"https:\/\/murkka.com\/et\/wp-json\/wp\/v2\/pages"}],"about":[{"href":"https:\/\/murkka.com\/et\/wp-json\/wp\/v2\/types\/page"}],"author":[{"embeddable":true,"href":"https:\/\/murkka.com\/et\/wp-json\/wp\/v2\/users\/2"}],"replies":[{"embeddable":true,"href":"https:\/\/murkka.com\/et\/wp-json\/wp\/v2\/comments?post=3350"}],"version-history":[{"count":3,"href":"https:\/\/murkka.com\/et\/wp-json\/wp\/v2\/pages\/3350\/revisions"}],"predecessor-version":[{"id":3668,"href":"https:\/\/murkka.com\/et\/wp-json\/wp\/v2\/pages\/3350\/revisions\/3668"}],"up":[{"embeddable":true,"href":"https:\/\/murkka.com\/et\/wp-json\/wp\/v2\/pages\/3340"}],"wp:attachment":[{"href":"https:\/\/murkka.com\/et\/wp-json\/wp\/v2\/media?parent=3350"}],"curies":[{"name":"wp","href":"https:\/\/api.w.org\/{rel}","templated":true}]}}