{"id":3361,"date":"2019-07-17T21:18:51","date_gmt":"2019-07-17T21:18:51","guid":{"rendered":"https:\/\/murkka.com\/?page_id=3361"},"modified":"2019-08-01T10:06:16","modified_gmt":"2019-08-01T10:06:16","slug":"raamideta-terrassiklaasid","status":"publish","type":"page","link":"https:\/\/murkka.com\/et\/rodu\/terrassid\/raamideta-terrassiklaasid\/","title":{"rendered":"Raamideta terrassiklaasid"},"content":{"rendered":"<p>[vc_row][vc_column][vc_column_text]<\/p>\n<h1>Raamideta terrassiklaasid<\/h1>\n<p><strong>Tegemist on ainsa Eestis disainitud ja valmistatud raamideta terrassiklaaside s\u00fcsteemiga, mis areneb vastavalt kohalikule vajadusele!<\/strong><\/p>\n<p>Toode on\u00a0<strong>identne r\u00f5duklaasimiss\u00fcsteemiga<\/strong>\u00a0ja koosneb \u00fclemisest ja alumisest juhtprofiilist ning horisontaalrullikutega varustatud klaasidest nende vahel. Rullikute ja profiilide konstruktsioon v\u00f5imaldab klaase \u00fcksteise j\u00e4rel liigutada. Klaaside avamist alustatakse \u00e4\u00e4rmisest klaasist p\u00f6\u00f6rates seda 90 kraadi sissepoole, j\u00e4rgnevad klaasid liiguvad \u00e4\u00e4rmise klaasi kohale ning avanevad samamoodi sissepoole p\u00f6\u00f6rates.\u00a0<strong>L\u00f5pptulemusena<\/strong>\u00a0saab klaasid nagu raamatulehed sissepoole seina \u00e4\u00e4rde kokku l\u00fckata ja terve terrass on\u00a0<strong>tervikuna avatud.<\/strong>[\/vc_column_text][\/vc_column][\/vc_row][vc_row][vc_column][vc_column_text]<\/p>\n<h3>Materjal ja tehnilised andmed<\/h3>\n<p><a href=\"https:\/\/malmerkklaasium.ee\/wp-content\/uploads\/2016\/11\/Section_KLM10.jpg\" rel=\"group\"><img decoding=\"async\" class=\"alignright wp-image-6242\" src=\"https:\/\/malmerkklaasium.ee\/wp-content\/uploads\/2016\/11\/Section_KLM10-124x300.jpg\" sizes=\"(max-width: 90px) 100vw, 90px\" srcset=\"https:\/\/malmerkklaasium.ee\/wp-content\/uploads\/2016\/11\/Section_KLM10-124x300.jpg 124w, https:\/\/malmerkklaasium.ee\/wp-content\/uploads\/2016\/11\/Section_KLM10-373x900.jpg 373w, https:\/\/malmerkklaasium.ee\/wp-content\/uploads\/2016\/11\/Section_KLM10.jpg 375w\" alt=\"section_klm10\" width=\"90\" height=\"218\" \/><\/a>S\u00fcsteem koosneb 500 \u2013 700 mm laiustest klaasidest. Terrasside klaasimisel kasutatakse 8 v\u00f5i 10 mm lihvitud servadega\u00a0<strong>karastatud<\/strong>\u00a0klaase, mis purunemise korral lagunevad graanuliteks. Viimased on ohutud ega tekita vigastusi. V\u00f5imalik on valida kirka \u2013 l\u00e4bipaistva ja toonitud klaasi vahel.<\/p>\n<p>Terrassiklaaside s\u00fcsteemi saab kasutada nii sirgete, erinevat suurust nurkadega kui ka\u00a0<strong>kumera perimeetriga<\/strong>\u00a0terrasside klaasimiseks. Taoline s\u00fcsteem on ilma vertikaalprofiilideta ning ei muuda maja fassaadi v\u00e4lisilmet. S\u00fcsteemi\u00a0<strong>suureks eeliseks<\/strong>\u00a0ongi valgust varjavate raamide puudumine ning v\u00f5imalus nurkadega terrassi puhul klaase \u00fcle nurga s\u00f5idutada. Kuna tegemist on \u00fchekordsete klaasidega loetakse seda\u00a0<strong>\u201ek\u00fclmaks\u201c s\u00fcsteemiks<\/strong>, kuid vaatamata sellele s\u00e4ilitab see terrassil soojuse ja hubasuse igal aastaajal.<\/p>\n<p>Soovi korral saab sirgete terrasside puhul alumist juhtprofiili (44\u00d750 mm)\u00a0<strong>uputada p\u00f5randasse<\/strong>\u00a0nii, et see ei j\u00e4\u00e4ks p\u00f5randa tasapinnast k\u00f5rgemale.<\/p>\n<p><strong>S\u00dcSTEEMI AVANEMINE<\/strong><\/p>\n<p><a href=\"https:\/\/malmerkklaasium.ee\/wp-content\/uploads\/2016\/11\/KLM-terrass-11.jpg\" rel=\"group\"><img decoding=\"async\" class=\"alignnone wp-image-6252\" src=\"https:\/\/malmerkklaasium.ee\/wp-content\/uploads\/2016\/11\/KLM-terrass-11-300x225.jpg\" sizes=\"(max-width: 240px) 100vw, 240px\" srcset=\"https:\/\/malmerkklaasium.ee\/wp-content\/uploads\/2016\/11\/KLM-terrass-11-300x225.jpg 300w, https:\/\/malmerkklaasium.ee\/wp-content\/uploads\/2016\/11\/KLM-terrass-11-1024x768.jpg 1024w, https:\/\/malmerkklaasium.ee\/wp-content\/uploads\/2016\/11\/KLM-terrass-11-400x300.jpg 400w, https:\/\/malmerkklaasium.ee\/wp-content\/uploads\/2016\/11\/KLM-terrass-11-1200x900.jpg 1200w\" alt=\"klm-terrass-11\" width=\"240\" height=\"180\" \/><\/a>\u00a0<a href=\"https:\/\/malmerkklaasium.ee\/wp-content\/uploads\/2016\/11\/KLM-terrass-12.jpg\" rel=\"group\"><img decoding=\"async\" class=\"alignnone wp-image-6253\" src=\"https:\/\/malmerkklaasium.ee\/wp-content\/uploads\/2016\/11\/KLM-terrass-12-300x225.jpg\" sizes=\"(max-width: 240px) 100vw, 240px\" srcset=\"https:\/\/malmerkklaasium.ee\/wp-content\/uploads\/2016\/11\/KLM-terrass-12-300x225.jpg 300w, https:\/\/malmerkklaasium.ee\/wp-content\/uploads\/2016\/11\/KLM-terrass-12-1024x768.jpg 1024w, https:\/\/malmerkklaasium.ee\/wp-content\/uploads\/2016\/11\/KLM-terrass-12-400x300.jpg 400w, https:\/\/malmerkklaasium.ee\/wp-content\/uploads\/2016\/11\/KLM-terrass-12-1200x900.jpg 1200w\" alt=\"klm-terrass-12\" width=\"240\" height=\"180\" \/><\/a>\u00a0<a href=\"https:\/\/malmerkklaasium.ee\/wp-content\/uploads\/2016\/11\/KLM-terrass-13.jpg\" rel=\"group\"><img loading=\"lazy\" decoding=\"async\" class=\"alignnone wp-image-6254\" src=\"https:\/\/malmerkklaasium.ee\/wp-content\/uploads\/2016\/11\/KLM-terrass-13-300x225.jpg\" sizes=\"(max-width: 240px) 100vw, 240px\" srcset=\"https:\/\/malmerkklaasium.ee\/wp-content\/uploads\/2016\/11\/KLM-terrass-13-300x225.jpg 300w, https:\/\/malmerkklaasium.ee\/wp-content\/uploads\/2016\/11\/KLM-terrass-13-1024x768.jpg 1024w, https:\/\/malmerkklaasium.ee\/wp-content\/uploads\/2016\/11\/KLM-terrass-13-400x300.jpg 400w, https:\/\/malmerkklaasium.ee\/wp-content\/uploads\/2016\/11\/KLM-terrass-13-1200x900.jpg 1200w\" alt=\"klm-terrass-13\" width=\"240\" height=\"180\" \/><\/a><\/p>\n<h3>Lukustus<\/h3>\n<p>Raamideta terrassiklaaside <strong>standardlukustus<\/strong>\u00a0toimib alumise riivi ja \u00fclemise lapseluku n\u00e4ol. Kuna tihtipeale soovitakse terrassiklaase avada ka v\u00e4ljastpoolt, siis on\u00a0<strong>alternatiivina<\/strong>\u00a0v\u00f5imalik esimene klaas muuta klaasukseks\u00a0<strong>lingiga luku\u00a0<\/strong>abil\u00a0(v\u00f5tmega v\u00f5i nupuga). Klaaside lihtsamaks liigutamiseks on v\u00f5imalik igale klaasile lisada ka k\u00e4epidemed (nupud).[\/vc_column_text][\/vc_column][\/vc_row]<\/p>\n","protected":false},"excerpt":{"rendered":"<p>[vc_row][vc_column][vc_column_text] Raamideta terrassiklaasid Tegemist on ainsa Eestis disainitud ja valmistatud raamideta terrassiklaaside s\u00fcsteemiga, mis areneb vastavalt kohalikule vajadusele! Toode on\u00a0identne r\u00f5duklaasimiss\u00fcsteemiga\u00a0ja koosneb \u00fclemisest ja alumisest juhtprofiilist<span class=\"excerpt-hellip\"> [\u2026]<\/span><\/p>\n","protected":false},"author":2,"featured_media":0,"parent":3340,"menu_order":0,"comment_status":"closed","ping_status":"closed","template":"","meta":{"footnotes":""},"class_list":["post-3361","page","type-page","status-publish","hentry"],"_links":{"self":[{"href":"https:\/\/murkka.com\/et\/wp-json\/wp\/v2\/pages\/3361","targetHints":{"allow":["GET"]}}],"collection":[{"href":"https:\/\/murkka.com\/et\/wp-json\/wp\/v2\/pages"}],"about":[{"href":"https:\/\/murkka.com\/et\/wp-json\/wp\/v2\/types\/page"}],"author":[{"embeddable":true,"href":"https:\/\/murkka.com\/et\/wp-json\/wp\/v2\/users\/2"}],"replies":[{"embeddable":true,"href":"https:\/\/murkka.com\/et\/wp-json\/wp\/v2\/comments?post=3361"}],"version-history":[{"count":3,"href":"https:\/\/murkka.com\/et\/wp-json\/wp\/v2\/pages\/3361\/revisions"}],"predecessor-version":[{"id":3669,"href":"https:\/\/murkka.com\/et\/wp-json\/wp\/v2\/pages\/3361\/revisions\/3669"}],"up":[{"embeddable":true,"href":"https:\/\/murkka.com\/et\/wp-json\/wp\/v2\/pages\/3340"}],"wp:attachment":[{"href":"https:\/\/murkka.com\/et\/wp-json\/wp\/v2\/media?parent=3361"}],"curies":[{"name":"wp","href":"https:\/\/api.w.org\/{rel}","templated":true}]}}