{"id":3857,"date":"2019-09-09T11:15:19","date_gmt":"2019-09-09T11:15:19","guid":{"rendered":"https:\/\/murkka.com\/?page_id=3857"},"modified":"2019-11-12T09:35:05","modified_gmt":"2019-11-12T09:35:05","slug":"tuulutusventiilid","status":"publish","type":"page","link":"https:\/\/murkka.com\/et\/tuulutusventiilid\/","title":{"rendered":"TUULUTUSVENTIILID"},"content":{"rendered":"<p>[vc_row][vc_column][vc_column_text]Palume arvesse v\u00f5tta, et \u00f5hutusventiili lisamise korral korral v\u00f5ivad akende heli ja soosjuspidavusn\u00e4itajad n\u00f5rgeneda. Samuti peab arvestama, et \u00f5huhulk, mis l\u00e4bib \u00f5htusventiiliklappi, s\u00f5ltub ventilastsiooni poolt tekitatud alar\u00f5hust siseruumides. \u00d5htusventiil ei asenda kaasaegset ventilastioonis\u00fcsteemi ning puuduliku ventilatsiooni korral v\u00f5ib sise\u00f5hk hoopis v\u00e4lja hakata liikuma.[\/vc_column_text][vc_row_inner][vc_column_inner width=&#8221;1\/2&#8243;][vc_column_text]Biobe-kompenseeriva \u00f5hu ventiil VS on aknalengi sisse v\u00f5i tihtimisvahesse paigaldatav sissepuhke\u00f5hu ventiil, mis sobib nii uusehitusele kui ka remonditavale objektile. Biobe -ventiili abil v\u00f5ib \u00f5hu reguleeritavalt sisse tuua nii loomuliku sissevoolu kui ka sundventilatsiooni teel ja kindlustada piisava v\u00e4rske \u00f5hu hulga saamise ruumidesse.<br \/>\nSissetuleva \u00f5hu hulka v\u00f5ib arvutada nii korteri kohta kui ka tubade l\u00f5ikes. Filterelement v\u00e4hendab sissetuleva \u00f5hu saasteid ja v\u00f5imaldab ventiili paigaldada lengist kaugemale. Ventiili \u00f5huvooluaugu suunamine \u00fcles parandab v\u00e4rske \u00f5hu segunemist sooja toa\u00f5huga, millega v\u00e4hendatakse tuulet\u00f5mbuse tunnet. [\/vc_column_text][\/vc_column_inner][vc_column_inner width=&#8221;1\/2&#8243;][vc_single_image image=&#8221;3866&#8243; img_size=&#8221;full&#8221; alignment=&#8221;center&#8221;][\/vc_column_inner][\/vc_row_inner][\/vc_column][\/vc_row][vc_row][vc_column width=&#8221;2\/4&#8243;][vc_column_text]FEN-AIR lisa\u00f5huventiili abil saadakse Passive-, Polaris- v\u00f5i Primus-aknast s\u00e4\u00e4stlik ja lahendustelt ainulaadne lisa\u00f5hutusega aken. V\u00e4rske, k\u00fclm sisenev \u00f5hk soojeneb raamide vahel liikudes isegi 20 kraadi v\u00f5rra. Kaasaegne filterelement v\u00f5imaldab optimaalse termilise \u00f5huringi ja suure filtreerimisala. Fenair-lisa\u00f5huventiil takistab \u00f5hu tagasivoolu, kuid on seejuures k\u00e4sitsi seadistatav. Antud lahendus on sobiv ainult juhul kui aken paigaldatakse siseseinaga samasse tasapinda.<\/p>\n<p>Sobib eriti h\u00e4sti renoveeritavatele hoonetele, kus on sundventilatsioon<br \/>\n&#8211; T\u00f5mbetuuleta, soe ja v\u00e4rske sise\u00f5hk<br \/>\n&#8211; Parendatud olmemugavus<br \/>\n&#8211; Sissetulev \u00f5hk soojeneb talvel kuni 10 kraadi<br \/>\n&#8211; Suur filtreeritav pind<br \/>\n&#8211; Kaks elektrostaatilist filterelementi<br \/>\n&#8211; Saadaval Passive-, Polaris- ja Primus-toodetele[\/vc_column_text][\/vc_column][vc_column width=&#8221;1\/4&#8243;][vc_single_image image=&#8221;3858&#8243; img_size=&#8221;full&#8221; alignment=&#8221;center&#8221;][\/vc_column][vc_column width=&#8221;1\/4&#8243;][vc_single_image image=&#8221;3862&#8243; img_size=&#8221;full&#8221; alignment=&#8221;center&#8221;][\/vc_column][\/vc_row]<\/p>\n","protected":false},"excerpt":{"rendered":"<p>[vc_row][vc_column][vc_column_text]Palume arvesse v\u00f5tta, et \u00f5hutusventiili lisamise korral korral v\u00f5ivad akende heli ja soosjuspidavusn\u00e4itajad n\u00f5rgeneda. Samuti peab arvestama, et \u00f5huhulk, mis l\u00e4bib \u00f5htusventiiliklappi, s\u00f5ltub ventilastsiooni poolt tekitatud<span class=\"excerpt-hellip\"> [\u2026]<\/span><\/p>\n","protected":false},"author":2,"featured_media":0,"parent":0,"menu_order":0,"comment_status":"closed","ping_status":"closed","template":"","meta":{"footnotes":""},"class_list":["post-3857","page","type-page","status-publish","hentry"],"_links":{"self":[{"href":"https:\/\/murkka.com\/et\/wp-json\/wp\/v2\/pages\/3857","targetHints":{"allow":["GET"]}}],"collection":[{"href":"https:\/\/murkka.com\/et\/wp-json\/wp\/v2\/pages"}],"about":[{"href":"https:\/\/murkka.com\/et\/wp-json\/wp\/v2\/types\/page"}],"author":[{"embeddable":true,"href":"https:\/\/murkka.com\/et\/wp-json\/wp\/v2\/users\/2"}],"replies":[{"embeddable":true,"href":"https:\/\/murkka.com\/et\/wp-json\/wp\/v2\/comments?post=3857"}],"version-history":[{"count":3,"href":"https:\/\/murkka.com\/et\/wp-json\/wp\/v2\/pages\/3857\/revisions"}],"predecessor-version":[{"id":3872,"href":"https:\/\/murkka.com\/et\/wp-json\/wp\/v2\/pages\/3857\/revisions\/3872"}],"wp:attachment":[{"href":"https:\/\/murkka.com\/et\/wp-json\/wp\/v2\/media?parent=3857"}],"curies":[{"name":"wp","href":"https:\/\/api.w.org\/{rel}","templated":true}]}}