{"id":1955,"date":"2019-05-01T09:43:31","date_gmt":"2019-05-01T09:43:31","guid":{"rendered":"https:\/\/murkka.com\/sound-proof-sliding-partition-walls\/"},"modified":"2019-05-23T08:34:32","modified_gmt":"2019-05-23T08:34:32","slug":"sound-proof-sliding-partition-walls","status":"publish","type":"page","link":"https:\/\/murkka.com\/fi\/glass\/sound-proof-sliding-partition-walls\/","title":{"rendered":"\u00c4\u00e4nieristetyt liukuv\u00e4lisein\u00e4t"},"content":{"rendered":"","protected":false},"excerpt":{"rendered":"","protected":false},"author":2,"featured_media":0,"parent":2322,"menu_order":0,"comment_status":"closed","ping_status":"closed","template":"","meta":{"footnotes":""},"class_list":["post-1955","page","type-page","status-publish","hentry"],"_links":{"self":[{"href":"https:\/\/murkka.com\/fi\/wp-json\/wp\/v2\/pages\/1955","targetHints":{"allow":["GET"]}}],"collection":[{"href":"https:\/\/murkka.com\/fi\/wp-json\/wp\/v2\/pages"}],"about":[{"href":"https:\/\/murkka.com\/fi\/wp-json\/wp\/v2\/types\/page"}],"author":[{"embeddable":true,"href":"https:\/\/murkka.com\/fi\/wp-json\/wp\/v2\/users\/2"}],"replies":[{"embeddable":true,"href":"https:\/\/murkka.com\/fi\/wp-json\/wp\/v2\/comments?post=1955"}],"version-history":[{"count":1,"href":"https:\/\/murkka.com\/fi\/wp-json\/wp\/v2\/pages\/1955\/revisions"}],"predecessor-version":[{"id":2661,"href":"https:\/\/murkka.com\/fi\/wp-json\/wp\/v2\/pages\/1955\/revisions\/2661"}],"up":[{"embeddable":true,"href":"https:\/\/murkka.com\/fi\/wp-json\/wp\/v2\/pages\/2322"}],"wp:attachment":[{"href":"https:\/\/murkka.com\/fi\/wp-json\/wp\/v2\/media?parent=1955"}],"curies":[{"name":"wp","href":"https:\/\/api.w.org\/{rel}","templated":true}]}}