{"id":1999,"date":"2019-05-01T09:09:03","date_gmt":"2019-05-01T09:09:03","guid":{"rendered":"https:\/\/murkka.com\/glass-walls-and-partitions\/"},"modified":"2019-05-23T08:25:51","modified_gmt":"2019-05-23T08:25:51","slug":"glass-walls-and-partitions","status":"publish","type":"page","link":"https:\/\/murkka.com\/fi\/glass\/glass-walls-and-partitions\/","title":{"rendered":"Lasisein\u00e4t ja v\u00e4lisein\u00e4t"},"content":{"rendered":"","protected":false},"excerpt":{"rendered":"","protected":false},"author":2,"featured_media":0,"parent":2322,"menu_order":0,"comment_status":"closed","ping_status":"closed","template":"","meta":{"footnotes":""},"class_list":["post-1999","page","type-page","status-publish","hentry"],"_links":{"self":[{"href":"https:\/\/murkka.com\/fi\/wp-json\/wp\/v2\/pages\/1999","targetHints":{"allow":["GET"]}}],"collection":[{"href":"https:\/\/murkka.com\/fi\/wp-json\/wp\/v2\/pages"}],"about":[{"href":"https:\/\/murkka.com\/fi\/wp-json\/wp\/v2\/types\/page"}],"author":[{"embeddable":true,"href":"https:\/\/murkka.com\/fi\/wp-json\/wp\/v2\/users\/2"}],"replies":[{"embeddable":true,"href":"https:\/\/murkka.com\/fi\/wp-json\/wp\/v2\/comments?post=1999"}],"version-history":[{"count":2,"href":"https:\/\/murkka.com\/fi\/wp-json\/wp\/v2\/pages\/1999\/revisions"}],"predecessor-version":[{"id":2655,"href":"https:\/\/murkka.com\/fi\/wp-json\/wp\/v2\/pages\/1999\/revisions\/2655"}],"up":[{"embeddable":true,"href":"https:\/\/murkka.com\/fi\/wp-json\/wp\/v2\/pages\/2322"}],"wp:attachment":[{"href":"https:\/\/murkka.com\/fi\/wp-json\/wp\/v2\/media?parent=1999"}],"curies":[{"name":"wp","href":"https:\/\/api.w.org\/{rel}","templated":true}]}}