{"id":3142,"date":"2019-07-17T08:54:27","date_gmt":"2019-07-17T08:54:27","guid":{"rendered":"https:\/\/murkka.com\/?page_id=3142"},"modified":"2019-09-17T09:22:12","modified_gmt":"2019-09-17T09:22:12","slug":"parvekelasit","status":"publish","type":"page","link":"https:\/\/murkka.com\/fi\/parveke\/parvekelasit\/","title":{"rendered":"Parvekelasit"},"content":{"rendered":"<p>[vc_row][vc_column][vc_column_text]<\/p>\n<h2>Kokonaan avattava parvekkeen lasitusj\u00e4rjestelm\u00e4<\/h2>\n<p>O\u00dc Murkka kumppani k\u00e4ynnisti vuoden 2012 lopussa uuden ja parannetun parvekelasij\u00e4rjestelm\u00e4n, jolle on my\u00f6nnetty CE-sertifikaatti. Se on ainoa Virossa kehitetty ja suunniteltu parvekelasij\u00e4rjestelm\u00e4, jota t\u00e4ydennet\u00e4\u00e4n paikallisten tarpeiden mukaan.[\/vc_column_text][\/vc_column][\/vc_row][vc_row][vc_column][vc_column_text]<\/p>\n<h3>Helppok\u00e4ytt\u00f6inen ja k\u00e4yt\u00e4nn\u00f6llinen<\/h3>\n<p>Lasitettu parveke on\u00a0<strong>vuoden ymp\u00e4ri<\/strong>\u00a0viihtyis\u00e4 ajanviettopaikka oman perheen ja yst\u00e4vien kanssa seurustelemiseen. Parvekkeen lasitusj\u00e4rjestelm\u00e4 toimii k\u00e4yt\u00e4nn\u00f6ss\u00e4\u00a0<strong>jokaisen parvekkeen<\/strong>\u00a0kohdalla, sen koosta ja rakenteesta riippumatta. Parvekelasitus nostaa kotisi arvo ja parantaa huoneiston ulkon\u00e4k\u00f6\u00e4. Sateet, lumi ja ilmassa levi\u00e4v\u00e4t roskat eiv\u00e4t p\u00e4\u00e4se parvekkeelle. J\u00e4rjestelm\u00e4ss\u00e4 ei ole mukana pystyprofiileja, joten lasitus\u00a0<strong>ei vaikuta<\/strong>\u00a0<strong>rakennuksen ulkon\u00e4k\u00f6\u00f6n<\/strong>, vaan antaa sen viimeistelyll\u00e4 viimeisen silauksen ja suojaa parveketta ulkoisten olosuhteiden vaikutukselta. Se on selv\u00e4 etu k\u00e4ytt\u00e4j\u00e4n ja rakennuksen julkisivun kannalta.[\/vc_column_text][\/vc_column][\/vc_row][vc_row][vc_column][vc_column_text]<\/p>\n<h3>L\u00f6yd\u00e4 uusia k\u00e4ytt\u00f6tarkoituksia<\/h3>\n<p>Suojaisa parveke on\u00a0<strong>turvallinen leikkipaikka<\/strong>\u00a0lapsille ja lemmikille. Kun parveke on tarkoituksenmukaisesti sisustettu, voidaan sit\u00e4 k\u00e4ytt\u00e4\u00e4 my\u00f6s kodinhoidossa ja harrastuksiin. Lasitettu parveke on my\u00f6s t\u00e4ydellinen mausteyrttien ja kukkien viljelyyn.<\/p>\n<h3><\/h3>\n<h3>Helppo k\u00e4sitell\u00e4 ja hoitaa<\/h3>\n<p>Kest\u00e4vien kuulalaakeroitujen py\u00f6rien ja profiilien yhdist\u00e4m\u00e4 rakenne mahdollistaa profiileihin kiinnitettyjen lasien yksitt\u00e4isen siirt\u00e4misen. Reunimmainen lasi avautuu 90 astetta sis\u00e4\u00e4np\u00e4in, seuraava lasipaneeli siirtyy reunimmaisen paikalle ja avautuu sen j\u00e4lkeen. N\u00e4in voidaan siirt\u00e4\u00e4 kaikki parvekkeen lasipaneelit avattuina kuin kirjan sivut sis\u00e4\u00e4np\u00e4in sein\u00e4\u00e4 vasten ja koko parveke saadaan\u00a0<strong>kokonaan auki<\/strong>. Laseja voidaan siirt\u00e4\u00e4 my\u00f6s erikokoisen ja -muotoisen parvekkeen kulmien yli. Ensimm\u00e4isen lasipaneelin voi siirt\u00e4\u00e4\u00a0<strong>tuuletusasentoon<\/strong>. Koska kaikki lasit avautuvat sis\u00e4\u00e4np\u00e4in, lasien peseminen on\u00a0<strong>helppoa ja turvallista<\/strong>.[\/vc_column_text][\/vc_column][\/vc_row][vc_row][vc_column][vc_column_text]<\/p>\n<h3>Lasitetun parvekkeen t\u00e4rkeimm\u00e4t edut:<\/h3>\n<ul>\n<li>Parveketta voidaan k\u00e4ytt\u00e4\u00e4 vuoden ymp\u00e4ri;<\/li>\n<li>Parveke on suojattu sateilta ja my\u00f6s kosteuden p\u00e4\u00e4sy rakenteisiin on estetty;<\/li>\n<li>Huoneisto pysyy l\u00e4mpim\u00e4mp\u00e4n\u00e4;<\/li>\n<li>Parveke toimii parempana melueristeen\u00e4;<\/li>\n<li>Parveke on lasten kannalta turvallisempi;<\/li>\n<li>Huoneiston arvo ja turvallisuus paranevat;<\/li>\n<li>Linnut eiv\u00e4t p\u00e4\u00e4se likaamaan parveketta;<\/li>\n<li>Parveke saadaan hy\u00f6tyk\u00e4ytt\u00f6\u00f6n;<\/li>\n<li>Parvekelasitus parantaa julkisivun ulkon\u00e4k\u00f6\u00e4.<\/li>\n<\/ul>\n<p>[\/vc_column_text][\/vc_column][\/vc_row]<\/p>\n","protected":false},"excerpt":{"rendered":"<p>[vc_row][vc_column][vc_column_text] Kokonaan avattava parvekkeen lasitusj\u00e4rjestelm\u00e4 O\u00dc Murkka kumppani k\u00e4ynnisti vuoden 2012 lopussa uuden ja parannetun parvekelasij\u00e4rjestelm\u00e4n, jolle on my\u00f6nnetty CE-sertifikaatti. Se on ainoa Virossa kehitetty ja<span class=\"excerpt-hellip\"> [\u2026]<\/span><\/p>\n","protected":false},"author":2,"featured_media":0,"parent":3549,"menu_order":0,"comment_status":"closed","ping_status":"closed","template":"","meta":{"footnotes":""},"class_list":["post-3142","page","type-page","status-publish","hentry"],"_links":{"self":[{"href":"https:\/\/murkka.com\/fi\/wp-json\/wp\/v2\/pages\/3142","targetHints":{"allow":["GET"]}}],"collection":[{"href":"https:\/\/murkka.com\/fi\/wp-json\/wp\/v2\/pages"}],"about":[{"href":"https:\/\/murkka.com\/fi\/wp-json\/wp\/v2\/types\/page"}],"author":[{"embeddable":true,"href":"https:\/\/murkka.com\/fi\/wp-json\/wp\/v2\/users\/2"}],"replies":[{"embeddable":true,"href":"https:\/\/murkka.com\/fi\/wp-json\/wp\/v2\/comments?post=3142"}],"version-history":[{"count":7,"href":"https:\/\/murkka.com\/fi\/wp-json\/wp\/v2\/pages\/3142\/revisions"}],"predecessor-version":[{"id":4199,"href":"https:\/\/murkka.com\/fi\/wp-json\/wp\/v2\/pages\/3142\/revisions\/4199"}],"up":[{"embeddable":true,"href":"https:\/\/murkka.com\/fi\/wp-json\/wp\/v2\/pages\/3549"}],"wp:attachment":[{"href":"https:\/\/murkka.com\/fi\/wp-json\/wp\/v2\/media?parent=3142"}],"curies":[{"name":"wp","href":"https:\/\/api.w.org\/{rel}","templated":true}]}}