{"id":3156,"date":"2019-07-17T09:30:14","date_gmt":"2019-07-17T09:30:14","guid":{"rendered":"https:\/\/murkka.com\/?page_id=3156"},"modified":"2019-07-17T09:30:14","modified_gmt":"2019-07-17T09:30:14","slug":"toistuvat-kysymykset","status":"publish","type":"page","link":"https:\/\/murkka.com\/fi\/parveke\/parvekelasit\/toistuvat-kysymykset\/","title":{"rendered":"Toistuvat kysymykset"},"content":{"rendered":"<p>[vc_row][vc_column][vc_column_text]<\/p>\n<h2>Millainen on profiilien v\u00e4rivalikoima?<\/h2>\n<p>Vakiov\u00e4rin\u00e4\u00a0on valkoinen RAL 9010. Peruss\u00e4vyin\u00e4 ovat viel\u00e4 tummanruskea RAL 8019 ja tummanharmaa RAL7024. Muut s\u00e4vyt voidaan valita RAL-v\u00e4rikartasta. Muoviosat ovat mustia.<strong><br \/>\n<\/strong><\/p>\n<h2>Onko kirkkaan lasin lis\u00e4ksi valittavana my\u00f6s muita v\u00e4ris\u00e4vyj\u00e4?<\/h2>\n<p>Voidaan k\u00e4ytt\u00e4\u00e4 my\u00f6s seuraavanlaisia karkaistuja laseja:<\/p>\n<ul>\n<li>6, 8 &amp; 10 mm kirkas lasi;<\/li>\n<li>6, 8 &amp; 10 mm\u00a0<strong>s\u00e4vytetty lasi<\/strong>\u00a0\u2013 pronssi ja harmaa lasi.<\/li>\n<\/ul>\n<h2>Mik\u00e4 on parvekelasien takuuaika?<\/h2>\n<p>Parvekelasien takuuaika on 2 vuotta.<\/p>\n<h2>Suojaako lasi parveketta tehokkaasti tuulelta ja sateilta?<\/h2>\n<p>Lasitettu parveke tarjoaa\u00a0<strong>riitt\u00e4v\u00e4n suojan ep\u00e4edullisilta s\u00e4\u00e4olosuhteilta<\/strong>. Tiettyjen ep\u00e4edullisten olosuhteiden yhteisvaikutuksesta saattaa parvekkeelle ker\u00e4\u00e4nty\u00e4 jossain m\u00e4\u00e4rin kosteutta. T\u00e4llaisia olosuhteita ovat mm. voimakas eri suunnilta puhaltava tuuli, lumimyrsky, voimakas sivutuuli ja sade. Jos haluat viimeisteill\u00e4 parveketta sis\u00e4lt\u00e4 k\u00e4sin lasituksen asentamisen j\u00e4lkeen, on n\u00e4m\u00e4 asiat ehdottomasti huomioitava.<\/p>\n<h2>Voidaanko lasien v\u00e4liset raot sulkea?<\/h2>\n<p>Lasien v\u00e4liin voi laittaa v\u00e4litiivisteet sek\u00e4 lasien ja sein\u00e4n v\u00e4liin p\u00e4\u00e4tytiivisteet, jotka parantavat parvekkeen\u00a0<strong>tuulen ja sateenkest\u00e4vyytt\u00e4 entisest\u00e4\u00e4n<\/strong>. V\u00e4li- ja p\u00e4\u00e4tytiivisteet olisi poistettava kes\u00e4n ajaksi, sill\u00e4 voimakkaalle auringon s\u00e4teilyll\u00e4 altistuminen haurastuttaa tiivisteet.<br \/>\nTiivisteet voidaan hankkia lasituksen hankkimisen j\u00e4lkeen. Pyyd\u00e4 tarjous meid\u00e4n myyntiedustajilta.<\/p>\n<h2>Ovatko parvekelasit l\u00e4mp\u00f6\u00e4 erist\u00e4vi\u00e4?<\/h2>\n<p>Kehykset\u00f6n parvekkeen lasitusj\u00e4rjestelm\u00e4 koostuu kylmist\u00e4 alumiiniprofiileista ja niiden v\u00e4liss\u00e4 liikkuvista yksikerroksista lasilevyist\u00e4. Lasitetusta\u00a0<strong>parvekkeesta ei saada l\u00e4mmint\u00e4 tilaa<\/strong>\u00a0ja parvekkeen l\u00e4mp\u00f6tila ei nouse huoneiston l\u00e4mp\u00f6tilan tasolle.<\/p>\n<h2>Miss\u00e4 m\u00e4\u00e4rin pystyv\u00e4t lasit ulkoa kantautuvaa melua erist\u00e4m\u00e4\u00e4n?<\/h2>\n<p>Parvekelasit\u00a0<strong>v\u00e4hent\u00e4v\u00e4t<\/strong>\u00a0katumelun kuuluvuutta parvekkeelle\u00a0<strong>keskim\u00e4\u00e4rin<\/strong>\u00a0<strong>10\u00a0\u2013 14 dB verran<\/strong>. Testeissa on saatu\u00a0<strong>ilma\u00e4\u00e4nen eristysluvun<\/strong>\u00a0osalta seuraavat lukemat:\u00a0Rw = 20 dB (ISO140-4:1998, ISO717-1:2013); Dw = 10-14 dB (RIL192-2003).<\/p>\n<h2>Milloin parvekelaseja pit\u00e4isi huoltaa?<\/h2>\n<p>Parvekelasien huoltoa tulisi ehdottomasti suorittaa silloin, kun lasit jostain syyst\u00e4\u00a0<strong>liikkuvat raskaasti<\/strong>\u00a0tai\u00a0<strong>eiv\u00e4t liiku lainkaan<\/strong>. On t\u00e4rke\u00e4t\u00e4, ett\u00e4\u00a0<strong>lasia ei pyritt\u00e4isin voimakeinoin siirt\u00e4m\u00e4\u00e4n<\/strong>, sill\u00e4 muoviosat eiv\u00e4t kest\u00e4 kovin suurta rasitusta.<\/p>\n<h2>Miten parvekelaseja pest\u00e4\u00e4n?<\/h2>\n<p>Lasien sis\u00e4- ja ulkopintoja voidaan pest\u00e4 suoraan\u00a0<strong>parvekkeelta<\/strong>\u00a0<strong>k\u00e4sin<\/strong>, sill\u00e4 lasin avaamisen j\u00e4lkeen sen ulkopinta k\u00e4\u00e4ntyy parvekkeen sis\u00e4puolelle.<br \/>\nPesemiseen voi k\u00e4ytt\u00e4\u00e4\u00a0<strong>kotitaloudessa k\u00e4ytett\u00e4vi\u00e4 lasinpuhdistusaineita ja -v\u00e4lineit\u00e4<\/strong>.<\/p>\n<h2>Mika on karkaistun lasin lujuus?<\/h2>\n<p>6 mm karkaistu lasi rikkoontuu 425 MPa paineesta, mutta tavanomainen karkaisematon lasi rikkoontuu jo 150 MPa paineesta.<\/p>\n<h2>Millaisen tuulennopeuden n\u00e4m\u00e4 parvekelasit kest\u00e4v\u00e4t?<\/h2>\n<p>Malmerk Klaasiumin\u00a0<strong>parvekelaseja on testattu<\/strong>\u00a0tuulen nopeudella 55 m\/s.<\/p>\n<ul>\n<li>13 m\/s\u00a0Kova tuuli<\/li>\n<li>24\u00a0m\/s Myrsky<\/li>\n<li>32\u00a0m\/s Hirmumyrsky<\/li>\n<li>55\u00a0m\/s Tuulikuormatesti onnistuneesti suoritettu<\/li>\n<\/ul>\n<h2>Voidaanko rakenteessa k\u00e4ytt\u00e4\u00e4 my\u00f6s laminoitua lasia?<\/h2>\n<p><strong>Ei voi.<\/strong>\u00a0Meid\u00e4n valmistamassa j\u00e4rjestelm\u00e4ss\u00e4 voidaan k\u00e4ytt\u00e4\u00e4 vain yksikerroksista karkaistua lasia.<\/p>\n<h2>Kuinka monta lasipaneelia voi parvekkeen toiselle sivulle avata?<\/h2>\n<p>Toiselle sivulle avaamiseen on optimaalinen lasien lukum\u00e4\u00e4r\u00e4\u00a0<strong>7<\/strong>, maksimim\u00e4\u00e4r\u00e4 on\u00a0<strong>9<\/strong>.<\/p>\n<h2>Voiko parvekelasin avata my\u00f6s ulkoap\u00e4in?<\/h2>\n<p><strong>Parvekelasia on mahdotonta avata ulkoap\u00e4in<\/strong>, sill\u00e4 ne lukitaan sis\u00e4puolelta salvalla ja lapsilukolla. Lasit on kiinnitetty py\u00f6rill\u00e4 profiiliin ja avautuvat vain sis\u00e4\u00e4np\u00e4in. Muita lis\u00e4lukkoja t\u00e4ss\u00e4 j\u00e4rjestelm\u00e4ss\u00e4 ei ole eik\u00e4 tarvitsekaan olla.[\/vc_column_text][\/vc_column][\/vc_row]<\/p>\n","protected":false},"excerpt":{"rendered":"<p>[vc_row][vc_column][vc_column_text] Millainen on profiilien v\u00e4rivalikoima? Vakiov\u00e4rin\u00e4\u00a0on valkoinen RAL 9010. Peruss\u00e4vyin\u00e4 ovat viel\u00e4 tummanruskea RAL 8019 ja tummanharmaa RAL7024. Muut s\u00e4vyt voidaan valita RAL-v\u00e4rikartasta. Muoviosat ovat mustia.<span class=\"excerpt-hellip\"> [\u2026]<\/span><\/p>\n","protected":false},"author":2,"featured_media":0,"parent":3142,"menu_order":0,"comment_status":"closed","ping_status":"closed","template":"","meta":{"footnotes":""},"class_list":["post-3156","page","type-page","status-publish","hentry"],"_links":{"self":[{"href":"https:\/\/murkka.com\/fi\/wp-json\/wp\/v2\/pages\/3156","targetHints":{"allow":["GET"]}}],"collection":[{"href":"https:\/\/murkka.com\/fi\/wp-json\/wp\/v2\/pages"}],"about":[{"href":"https:\/\/murkka.com\/fi\/wp-json\/wp\/v2\/types\/page"}],"author":[{"embeddable":true,"href":"https:\/\/murkka.com\/fi\/wp-json\/wp\/v2\/users\/2"}],"replies":[{"embeddable":true,"href":"https:\/\/murkka.com\/fi\/wp-json\/wp\/v2\/comments?post=3156"}],"version-history":[{"count":2,"href":"https:\/\/murkka.com\/fi\/wp-json\/wp\/v2\/pages\/3156\/revisions"}],"predecessor-version":[{"id":3158,"href":"https:\/\/murkka.com\/fi\/wp-json\/wp\/v2\/pages\/3156\/revisions\/3158"}],"up":[{"embeddable":true,"href":"https:\/\/murkka.com\/fi\/wp-json\/wp\/v2\/pages\/3142"}],"wp:attachment":[{"href":"https:\/\/murkka.com\/fi\/wp-json\/wp\/v2\/media?parent=3156"}],"curies":[{"name":"wp","href":"https:\/\/api.w.org\/{rel}","templated":true}]}}