{"id":3166,"date":"2019-07-17T09:32:58","date_gmt":"2019-07-17T09:32:58","guid":{"rendered":"https:\/\/murkka.com\/?page_id=3166"},"modified":"2019-08-01T10:10:08","modified_gmt":"2019-08-01T10:10:08","slug":"ohjeet","status":"publish","type":"page","link":"https:\/\/murkka.com\/fi\/parveke\/parvekelasit\/ohjeet\/","title":{"rendered":"Ohjeet"},"content":{"rendered":"<p>[vc_row][vc_column][vc_column_text]<\/p>\n<h2>K\u00e4ytt\u00f6ohjeet<\/h2>\n<h3>VAIHE 1<\/h3>\n<p>Avattavien parvekelasien j\u00e4rjestelm\u00e4 koostuu yhdest\u00e4 ylh\u00e4\u00e4ll\u00e4 ja yhdest\u00e4 alhaalla olevasta alumiinisesta ohjausprofiilista ja karkaistuista laseista, joihin on kiinnitetty rullapy\u00f6r\u00e4t.<strong><br \/>\n<\/strong><\/p>\n<p>Rullapy\u00f6rien ja profiilien rakenteen ansiosta voi laseja profiilien v\u00e4lill\u00e4 toistensa suhteen siirt\u00e4\u00e4.<\/p>\n<p>Ensimm\u00e4isen lasin avaamiseksi on vapautettava yhdell\u00e4 k\u00e4dell\u00e4 alempi salpa ja toisella ylh\u00e4\u00e4ll\u00e4 oleva lapsilukko vet\u00e4m\u00e4ll\u00e4 siihen kiinnitetty\u00e4 narua alasp\u00e4in, sen tuloksena avautuu sivummainen lasi 90o sis\u00e4\u00e4np\u00e4in.<\/p>\n<h3>VAIHE 2<strong><br \/>\n<\/strong><\/h3>\n<p>Seuraavan lasin voi siirt\u00e4\u00e4 ensimm\u00e4isen tilalle ja k\u00e4\u00e4nt\u00e4\u00e4 sen taas 90o sis\u00e4\u00e4np\u00e4in, sujuvimmin liikkuvat lasit profiilissa, jos niit\u00e4 liikutetaan keskelt\u00e4.<strong><br \/>\n<\/strong><\/p>\n<p>Lasiin kiinnitetyt ylempi ja alempi rullapy\u00f6r\u00e4 liukuvat profiileissa siin\u00e4 olevissa r\u00e4nneiss\u00e4.<\/p>\n<p>Samoin tapahtuu my\u00f6s seuraavien lasien avaaminen.<\/p>\n<h3>VAIHE 3<\/h3>\n<p>Lopputuloksena voidaan parvekelasit taittaa kuten kirjan sivut sis\u00e4\u00e4np\u00e4in sein\u00e4n viereen ja koko parveke on kokonaan avattu.<\/p>\n<p>Avatussa asennossa olevat lasit t\u00e4ytyy joka tapauksessa lukita sein\u00e4\u00e4 vasten nauhalukolla ymp\u00e4ri alempien rullapy\u00f6rien.<\/p>\n<p>Kotoa poistuessa sulje parvekelasit ja alempi lukitussalpa.<\/p>\n<h2>Huolto-ohjeet<\/h2>\n<h3>VAIHE 1<\/h3>\n<p>Laseja on helppo sis\u00e4lt\u00e4 pest\u00e4, jos ne ovat suljettuja ja ulkoa, jos ne ovat 90o sis\u00e4\u00e4np\u00e4in taitettuja.<\/p>\n<p>Laseja voi pest\u00e4 kaikilla kodin lasinpuhdistusaineilla.<\/p>\n<h3>VAIHE 2<\/h3>\n<p>Laseihin kiinnitettyj\u00e4 rullapy\u00f6ri\u00e4 tulisi kerran vuodessa voidella silikonispraylla, jotta ne liukuvat kevyemmin.<\/p>\n<p>Alaprofiilia tulisi v\u00e4hint\u00e4\u00e4n kerran vuodessa puhdistaa siihen ker\u00e4\u00e4ntyneest\u00e4 roskasta ja p\u00f6lyst\u00e4.<\/p>\n<p>Ulkopuolelta huoltamiseen riitt\u00e4\u00e4 profiilien pyyhkiminen kostealla r\u00e4till\u00e4.[\/vc_column_text][\/vc_column][\/vc_row]<\/p>\n","protected":false},"excerpt":{"rendered":"<p>[vc_row][vc_column][vc_column_text] K\u00e4ytt\u00f6ohjeet VAIHE 1 Avattavien parvekelasien j\u00e4rjestelm\u00e4 koostuu yhdest\u00e4 ylh\u00e4\u00e4ll\u00e4 ja yhdest\u00e4 alhaalla olevasta alumiinisesta ohjausprofiilista ja karkaistuista laseista, joihin on kiinnitetty rullapy\u00f6r\u00e4t. Rullapy\u00f6rien ja profiilien<span class=\"excerpt-hellip\"> [\u2026]<\/span><\/p>\n","protected":false},"author":2,"featured_media":0,"parent":3142,"menu_order":0,"comment_status":"closed","ping_status":"closed","template":"","meta":{"footnotes":""},"class_list":["post-3166","page","type-page","status-publish","hentry"],"_links":{"self":[{"href":"https:\/\/murkka.com\/fi\/wp-json\/wp\/v2\/pages\/3166","targetHints":{"allow":["GET"]}}],"collection":[{"href":"https:\/\/murkka.com\/fi\/wp-json\/wp\/v2\/pages"}],"about":[{"href":"https:\/\/murkka.com\/fi\/wp-json\/wp\/v2\/types\/page"}],"author":[{"embeddable":true,"href":"https:\/\/murkka.com\/fi\/wp-json\/wp\/v2\/users\/2"}],"replies":[{"embeddable":true,"href":"https:\/\/murkka.com\/fi\/wp-json\/wp\/v2\/comments?post=3166"}],"version-history":[{"count":3,"href":"https:\/\/murkka.com\/fi\/wp-json\/wp\/v2\/pages\/3166\/revisions"}],"predecessor-version":[{"id":3675,"href":"https:\/\/murkka.com\/fi\/wp-json\/wp\/v2\/pages\/3166\/revisions\/3675"}],"up":[{"embeddable":true,"href":"https:\/\/murkka.com\/fi\/wp-json\/wp\/v2\/pages\/3142"}],"wp:attachment":[{"href":"https:\/\/murkka.com\/fi\/wp-json\/wp\/v2\/media?parent=3166"}],"curies":[{"name":"wp","href":"https:\/\/api.w.org\/{rel}","templated":true}]}}