{"id":3183,"date":"2019-07-17T09:42:46","date_gmt":"2019-07-17T09:42:46","guid":{"rendered":"https:\/\/murkka.com\/?page_id=3183"},"modified":"2019-09-17T09:25:10","modified_gmt":"2019-09-17T09:25:10","slug":"talvipuutarha","status":"publish","type":"page","link":"https:\/\/murkka.com\/fi\/parveke\/talvipuutarha\/","title":{"rendered":"Talvipuutarha"},"content":{"rendered":"<p>[vc_row][vc_column][vc_empty_space][vc_column_text]<\/p>\n<h2>Talvipuutarha tarjoaa vehreytt\u00e4 vuoden ymp\u00e4ri<\/h2>\n<p>Perinteinen talvipuutarha on\u00a0<strong>rakennuksen yhteyteen rakennettu lis\u00e4siipi,\u00a0<\/strong><strong>jonka sein\u00e4t ja katto ovat lasia.<\/strong>\u00a0Suojattua tilaa voidaan k\u00e4ytt\u00e4\u00e4 vuoden ymp\u00e4ri ja se on ep\u00e4vakaassa s\u00e4\u00e4ss\u00e4 viihtyis\u00e4 ajanviettopaikka.<\/p>\n<div id=\"gallery-3\" class=\"gallery galleryid-9218 gallery-columns-5 gallery-size-thumbnail\">\n<figure class=\"gallery-item\">\n<div class=\"gallery-icon landscape\"><\/div>\n<\/figure>\n<\/div>\n<p>[\/vc_column_text][\/vc_column][\/vc_row][vc_row][vc_column][vc_column_text]<\/p>\n<h2>Monipuoliset k\u00e4ytt\u00f6mahdollisuudet<\/h2>\n<p>[\/vc_column_text][\/vc_column][\/vc_row][vc_row][vc_column width=&#8221;1\/2&#8243;][vc_column_text]Talvipuutarhaa suunniteltaessa olisi perusteellisesti pohdittava, mihin sit\u00e4 aiotaan k\u00e4ytt\u00e4\u00e4:<\/p>\n<ul>\n<li>Vieraiden vastaanottamiseen (mm. puutarhajuhlien j\u00e4rjest\u00e4miseen),<\/li>\n<li>Perheen ajanviettoon \/ ruokailuun<\/li>\n<li>Lasten viihtyis\u00e4n\u00e4 joka s\u00e4\u00e4n leikkipaikkana<\/li>\n<li>Viihtyis\u00e4n\u00e4 lukunurkkauksena<\/li>\n<li>Kasvien viljelyyn jne.<\/li>\n<\/ul>\n<p>[\/vc_column_text][\/vc_column][\/vc_row][vc_row][vc_column][vc_column_text]Siit\u00e4 riippuu, millaista l\u00e4mp\u00f6tilaa pit\u00e4\u00e4 talvipuutarhassa yll\u00e4pit\u00e4\u00e4 eli mill\u00e4 rakennuksen sivulle se tulisi sijoittaa ja mik\u00e4 on seinien oikea korkeus. Vaikka talvipuutarha tuntuukin ehk\u00e4 alussa liian ylelliselt\u00e4 ja kalliilta idealta, se\u00a0<strong>v\u00e4hent\u00e4\u00e4 itse asiassa rakennuksen l\u00e4mp\u00f6h\u00e4vikki\u00e4 ja alentaa l\u00e4mmityskustannuksia<\/strong>\u00a0\u2013 se rakennuksen sein\u00e4, johon on rakennettu talvipuutarha, on tuulelta ja pakkaselta suojassa.[\/vc_column_text][\/vc_column][\/vc_row][vc_row][vc_column][vc_column_text]<\/p>\n<h3>Talvipuutarhan rakenne<\/h3>\n<p>Murkka tarjoaa talvipuutarhana k\u00e4ytett\u00e4v\u00e4ksi yksikerroksista lasista nk. kylmi\u00e4 ratkaisuja, joissa seinin\u00e4 ovat avattavat terassilasit (kehystetyt tai kehyst\u00e4m\u00e4tt\u00f6m\u00e4t j\u00e4rjestelm\u00e4t).[\/vc_column_text][\/vc_column][\/vc_row][vc_row][vc_column width=&#8221;1\/3&#8243;][vc_single_image image=&#8221;3091&#8243; img_size=&#8221;&#8221;][\/vc_column][vc_column width=&#8221;1\/3&#8243;][vc_single_image image=&#8221;3095&#8243; img_size=&#8221;&#8221;][\/vc_column][vc_column width=&#8221;1\/3&#8243;][vc_single_image image=&#8221;3099&#8243; img_size=&#8221;&#8221;][\/vc_column][\/vc_row][vc_row][vc_column width=&#8221;1\/2&#8243;][vc_single_image image=&#8221;3103&#8243; img_size=&#8221;&#8221;][\/vc_column][vc_column width=&#8221;1\/2&#8243;][vc_single_image image=&#8221;3107&#8243; img_size=&#8221;&#8221;][\/vc_column][\/vc_row][vc_row][vc_column][vc_column_text]<strong>Kattotuolin<\/strong>\u00a0pisimm\u00e4n\u00a0<strong>pituuden<\/strong>\u00a0tulisi j\u00e4\u00e4d\u00e4 3 ja 4 metrin v\u00e4liin. Talvipuutarhan runko valmistetaan yleens\u00e4 50\u00d750, 100\u00d750, 150\u00d750 ja 200\u00d750 mm alumiini-neli\u00f6putkista.\u00a0<strong>Pintaviimeistelyn\u00e4\u00a0<\/strong>n RAL-v\u00e4rikartan mukaan valittu v\u00e4ris\u00e4vy, valikoima on hyvin laaja.<\/p>\n<p>Talvipuutarhan rakenneosat valmistetaan tehtaalla profiili kerrallaan ja osat kootaan k\u00e4ytt\u00f6kohteessa. Talvipuutarhan\u00a0<strong>katon<\/strong>\u00a0p\u00e4\u00e4llyst\u00e4miseen voidaan k\u00e4ytt\u00e4\u00e4 karkaistua lasia, paksuus 6, 8 tai 10 mm (tarvittaessa my\u00f6s laminoituna) ja\u00a0<strong>PC-kerrosmuovilevyj\u00e4.<\/strong>[\/vc_column_text][\/vc_column][\/vc_row][vc_row][vc_column][vc_column_text]<\/p>\n<h3><strong>Talvipuutarha lasikatolla<\/strong><\/h3>\n<p>Katon\u00a0<strong>vesitiiviys<\/strong>\u00a0varmistetaan erikoisvalmisteisella, lasikattoja varten kehitetyll\u00e4\u00a0<strong>Sch\u00fccon<\/strong>\u00a050 mm leve\u00e4ll\u00e4 profiilij\u00e4rjestelm\u00e4ll\u00e4. Tukipisteit\u00e4 lasiin on kolmelta sivulta: ensimm\u00e4inen reuna j\u00e4tet\u00e4\u00e4n auki ja saattaa ulottua enint\u00e4\u00e4n 200 mm katon etureunan yli. Talvipuutarhan lopullinen\u00a0<strong>ilmatiiviys<\/strong>\u00a0varmistetaan lasien liitoskohtiin liimattavalla butyylitiivisteell\u00e4, sivuprofiilit ja sein\u00e4liitokset viimeistell\u00e4\u00e4n suojapelleill\u00e4.[\/vc_column_text][\/vc_column][\/vc_row]<\/p>\n","protected":false},"excerpt":{"rendered":"<p>[vc_row][vc_column][vc_empty_space][vc_column_text] Talvipuutarha tarjoaa vehreytt\u00e4 vuoden ymp\u00e4ri Perinteinen talvipuutarha on\u00a0rakennuksen yhteyteen rakennettu lis\u00e4siipi,\u00a0jonka sein\u00e4t ja katto ovat lasia.\u00a0Suojattua tilaa voidaan k\u00e4ytt\u00e4\u00e4 vuoden ymp\u00e4ri ja se on ep\u00e4vakaassa<span class=\"excerpt-hellip\"> [\u2026]<\/span><\/p>\n","protected":false},"author":2,"featured_media":0,"parent":3549,"menu_order":0,"comment_status":"closed","ping_status":"closed","template":"","meta":{"footnotes":""},"class_list":["post-3183","page","type-page","status-publish","hentry"],"_links":{"self":[{"href":"https:\/\/murkka.com\/fi\/wp-json\/wp\/v2\/pages\/3183","targetHints":{"allow":["GET"]}}],"collection":[{"href":"https:\/\/murkka.com\/fi\/wp-json\/wp\/v2\/pages"}],"about":[{"href":"https:\/\/murkka.com\/fi\/wp-json\/wp\/v2\/types\/page"}],"author":[{"embeddable":true,"href":"https:\/\/murkka.com\/fi\/wp-json\/wp\/v2\/users\/2"}],"replies":[{"embeddable":true,"href":"https:\/\/murkka.com\/fi\/wp-json\/wp\/v2\/comments?post=3183"}],"version-history":[{"count":6,"href":"https:\/\/murkka.com\/fi\/wp-json\/wp\/v2\/pages\/3183\/revisions"}],"predecessor-version":[{"id":4204,"href":"https:\/\/murkka.com\/fi\/wp-json\/wp\/v2\/pages\/3183\/revisions\/4204"}],"up":[{"embeddable":true,"href":"https:\/\/murkka.com\/fi\/wp-json\/wp\/v2\/pages\/3549"}],"wp:attachment":[{"href":"https:\/\/murkka.com\/fi\/wp-json\/wp\/v2\/media?parent=3183"}],"curies":[{"name":"wp","href":"https:\/\/api.w.org\/{rel}","templated":true}]}}