{"id":3193,"date":"2019-07-17T09:55:53","date_gmt":"2019-07-17T09:55:53","guid":{"rendered":"https:\/\/murkka.com\/?page_id=3193"},"modified":"2019-09-17T09:23:23","modified_gmt":"2019-09-17T09:23:23","slug":"parvekekaiteet","status":"publish","type":"page","link":"https:\/\/murkka.com\/fi\/parveke\/parvekekaiteet\/","title":{"rendered":"Parvekekaiteet"},"content":{"rendered":"<p>[vc_row][vc_column][vc_column_text]Parvekkeita k\u00e4ytet\u00e4\u00e4n laajasti julkisten rakennusten ja kerrostalojen suunnittelussa. Parvekkeilla on toiminnallisen merkityksen ja k\u00e4ytt\u00f6tarkoituksen lis\u00e4ksi merkityst\u00e4 my\u00f6s rakennuksen ulkomuodossa koristeellisena elementtin\u00e4. Parveke on rakennuksen sein\u00e4st\u00e4 ulkoneva osa, jonka kaiteet rajaavat. Kaide on merkitt\u00e4v\u00e4 ja t\u00e4rke\u00e4 osa parvekkeen rakennetta, joka antaa talon ulkon\u00e4k\u00f6\u00f6n ja tyyliin omaan s\u00e4v\u00e4yksens\u00e4. T\u00e4m\u00e4n johdosta on jo suunnitteluvaiheessa huomioitava parvekekaiteiden rakenne ja ulkon\u00e4k\u00f6.<\/p>\n<p>Murkka kumppani muotoilee, valmistaa ja asentaa alumiinista valmistettuja parvekekaiteita. Erilaisten profiilien ja lasien yhdistelmill\u00e4 suunnitellaan jokaisella asiakkaalle h\u00e4nelle parhaiten sopiva ratkaisu.<\/p>\n<h3>Miksi kannattaisi valita juuri alumiinista valmistetut parvekekaiteet?<\/h3>\n<p><strong>Alumiiniprofiileista\u00a0<\/strong><strong>valmistetuilla<\/strong>\u00a0<strong>parvekekaiteilla\u00a0<\/strong>on useita etuja muihin materiaaleihin n\u00e4hden.<\/p>\n<ul>\n<li>Alumiini ei ole herkk\u00e4 s\u00e4\u00e4n vaihteluille ja kest\u00e4\u00e4 my\u00f6s suuria l\u00e4mp\u00f6tilaeroja (\u201350\u00b0C \u2013 +80\u00b0C);<\/li>\n<li>Alumiini kest\u00e4\u00e4 korroosion ja muut ymp\u00e4rist\u00f6n haitalliset vaikutukset;<\/li>\n<li>Alumiini ei vaadi erityishuoltoa;<\/li>\n<li>Alumiini on luotettava ja kest\u00e4v\u00e4 materiaali;<\/li>\n<li>Alumiinilla on erinomainen hinta-laatusuhde.<\/li>\n<\/ul>\n<p>Yht\u00e4 t\u00e4rke\u00e4 on sekin seikka, ett\u00e4\u00a0<strong>lasi-alumiinikaiteet<\/strong>\u00a0ovat nykyaikaisia ja toimivat rakennuksen koriste-elementtin\u00e4.[\/vc_column_text][\/vc_column][\/vc_row][vc_row][vc_column][vc_column_text]Meid\u00e4n tuotevalikoimissa on l\u00e4hinn\u00e4\u00a0<strong>nelj\u00e4nlaisia kaiteita<\/strong>: lasi-alumiinikaiteet, kokolasikaiteet, tankokaiteet ja erityisvalmisteiset kaiteet.<\/p>\n<h2><\/h2>\n<p>[\/vc_column_text][\/vc_column][\/vc_row][vc_row][vc_column width=&#8221;2\/3&#8243;][vc_column_text]<\/p>\n<h2>Lasi-alumiinikaide<\/h2>\n<p>Lasista ja alumiinista voidaan valmistaa hyvin monenlaisia kaiteita, joten sopiva ratkaisu l\u00f6ytyy my\u00f6s hyvin vaativalle asiakkaalle.\u00a0<strong>Lasi-alumiinikaide<\/strong>\u00a0on moderni, ilmava ja k\u00e4yt\u00e4nn\u00f6ss\u00e4 huoltovapaa. Sellaisia moderneja parvekekaiteita\u00a0<strong>ei ole tarkoitettu pelk\u00e4st\u00e4\u00e4n uusrakennuksiin<\/strong>, vaan ne ovat toimiva ratkaisu my\u00f6s vanhempien talojen entis\u00f6inniss\u00e4.[\/vc_column_text][vc_btn title=&#8221;Lue lis\u00e4\u00e4&#8221; color=&#8221;sky&#8221; link=&#8221;url:https%3A%2F%2Fmurkka.com%2Ffi%2Fparvekekaiteet%2Flasi-alumiinikaide%2F|title:Glass-aluminium%20railing%20system||&#8221;][\/vc_column][vc_column width=&#8221;1\/3&#8243;][vc_single_image image=&#8221;3511&#8243; img_size=&#8221;full&#8221;][\/vc_column][\/vc_row][vc_row][vc_column width=&#8221;2\/3&#8243;][vc_column_text]<\/p>\n<h2>Kokolasikaide<\/h2>\n<p>Modernissa arkkitehtuurissa arvostetaan erityisesti nykyaikaisuutta ja\u00a0<strong>ilmavuutta<\/strong>. T\u00e4m\u00e4n pohjalta toivotaan rakennukseen sellaista julkisivua, jossa on k\u00e4ytetty runsaasti lasia ja mahdollisimman minimalistisia rakenteita.\u00a0<strong>Kokolasikaide<\/strong>\u00a0on t\u00e4llaisissa tapauksissa t\u00e4ydellinen ratkaisu, sill\u00e4 karkaistu ja laminoitu lasi toimii lujuutensa ansiosta kantavana rakenteena.\u00a0<strong>Lasikaideratkaisuja on kahdentyyppisill\u00e4 kiinnityksill\u00e4: alareunan profiililla ja pistekiinnityksell\u00e4.<\/strong>[\/vc_column_text][vc_btn title=&#8221;Lue lis\u00e4\u00e4&#8221; color=&#8221;sky&#8221; link=&#8221;url:https%3A%2F%2Fmurkka.com%2Ffi%2Fparvekekaiteet%2Fkokolasikaide%2F|title:Full%20glass%20balustrade||&#8221;][\/vc_column][vc_column width=&#8221;1\/3&#8243;][vc_single_image image=&#8221;2782&#8243; img_size=&#8221;full&#8221;][\/vc_column][\/vc_row][vc_row][vc_column width=&#8221;2\/3&#8243;][vc_column_text]<\/p>\n<h2>Tankokaide<\/h2>\n<p><strong>Tankokaide<\/strong>\u00a0on Pohjoismaissa laajasti k\u00e4ytetty ja olemme lis\u00e4nneet sen kysynn\u00e4n johdosta omaan tuotevalikoimaamme. Tankokaiteet ovat\u00a0<strong>alumiinikaiteita<\/strong>, jotka ovat k\u00e4yt\u00e4nn\u00f6ss\u00e4 huoltovapaita ja helposti asennettavia. N\u00e4iss\u00e4 kaiteissa ei ole k\u00e4ytetty lasia, mutta tankojen ja pylv\u00e4iden sijoitustapaa reunakauteen ja parvekkeen betoniosan suhteen muuttamalla saadaan aikaan\u00a0<strong>useilta erilaisia ratkaisuja<\/strong>.[\/vc_column_text][vc_btn title=&#8221;Lue lis\u00e4\u00e4&#8221; color=&#8221;sky&#8221; link=&#8221;url:https%3A%2F%2Fmurkka.com%2Ffi%2Fparvekekaiteet%2Ftankokaide%2F|title:Rod%20railing||&#8221;][\/vc_column][vc_column width=&#8221;1\/3&#8243;][vc_single_image image=&#8221;3565&#8243; img_size=&#8221;full&#8221;][\/vc_column][\/vc_row][vc_row][vc_column width=&#8221;2\/3&#8243;][vc_column_text]<\/p>\n<h2>Erityisvalmisteiset kaiteet<\/h2>\n<p>Malmerk Klaasium tarjoaa vakioratkaisuna\u00a0lasi-alumiinikaiteita,\u00a0kokolasikaiteita\u00a0ja\u00a0tankokaiteita, mutta my\u00f6s\u00a0<strong>erityisvalmisteiden<\/strong>\u00a0tuotteiden kysynt\u00e4 on kovasti kasvanut. Erilaisten\u00a0<strong>kaideratkaisujen suunnittelusta<\/strong>\u00a0on tullut osa\u00a0<strong>p\u00e4ivitt\u00e4ist\u00e4 toimintaa<\/strong>, jotta voisimme tarjota asiakkaillemme my\u00f6s heid\u00e4n toivomia erityisvalmisteisia tuotteita. Meill\u00e4 on kokemuksia\u00a0<strong>vaakasuuntaisten koristeputkien, profiilipelti- ja parvekelevyll\u00e4 varustettujen kaiteiden\u00a0<\/strong>valmistamisesta ja asennuksesta. My\u00f6s muiden kaideratkaisujen (alumiinista valmistettujen) hintapyynn\u00f6t ovat tervetulleita \u2013 omia mahdollisuuksia asiakkaan toivoman tuotteen valmistamiseen arvioimme jokaisen hintapyynn\u00f6n osalta erikseen.[\/vc_column_text][vc_btn title=&#8221;Lue lis\u00e4\u00e4&#8221; color=&#8221;sky&#8221; link=&#8221;url:https%3A%2F%2Fmurkka.com%2Ffi%2Fparvekekaiteet%2Ferityisvalmisteiset-kaiteet%2F|title:Custom%20railing||&#8221;][\/vc_column][vc_column width=&#8221;1\/3&#8243;][vc_single_image image=&#8221;3569&#8243; img_size=&#8221;full&#8221;][\/vc_column][\/vc_row]<\/p>\n","protected":false},"excerpt":{"rendered":"<p>[vc_row][vc_column][vc_column_text]Parvekkeita k\u00e4ytet\u00e4\u00e4n laajasti julkisten rakennusten ja kerrostalojen suunnittelussa. Parvekkeilla on toiminnallisen merkityksen ja k\u00e4ytt\u00f6tarkoituksen lis\u00e4ksi merkityst\u00e4 my\u00f6s rakennuksen ulkomuodossa koristeellisena elementtin\u00e4. Parveke on rakennuksen sein\u00e4st\u00e4 ulkoneva<span class=\"excerpt-hellip\"> [\u2026]<\/span><\/p>\n","protected":false},"author":2,"featured_media":0,"parent":3549,"menu_order":0,"comment_status":"closed","ping_status":"closed","template":"","meta":{"footnotes":""},"class_list":["post-3193","page","type-page","status-publish","hentry"],"_links":{"self":[{"href":"https:\/\/murkka.com\/fi\/wp-json\/wp\/v2\/pages\/3193","targetHints":{"allow":["GET"]}}],"collection":[{"href":"https:\/\/murkka.com\/fi\/wp-json\/wp\/v2\/pages"}],"about":[{"href":"https:\/\/murkka.com\/fi\/wp-json\/wp\/v2\/types\/page"}],"author":[{"embeddable":true,"href":"https:\/\/murkka.com\/fi\/wp-json\/wp\/v2\/users\/2"}],"replies":[{"embeddable":true,"href":"https:\/\/murkka.com\/fi\/wp-json\/wp\/v2\/comments?post=3193"}],"version-history":[{"count":10,"href":"https:\/\/murkka.com\/fi\/wp-json\/wp\/v2\/pages\/3193\/revisions"}],"predecessor-version":[{"id":4202,"href":"https:\/\/murkka.com\/fi\/wp-json\/wp\/v2\/pages\/3193\/revisions\/4202"}],"up":[{"embeddable":true,"href":"https:\/\/murkka.com\/fi\/wp-json\/wp\/v2\/pages\/3549"}],"wp:attachment":[{"href":"https:\/\/murkka.com\/fi\/wp-json\/wp\/v2\/media?parent=3193"}],"curies":[{"name":"wp","href":"https:\/\/api.w.org\/{rel}","templated":true}]}}