{"id":3237,"date":"2019-07-17T19:13:24","date_gmt":"2019-07-17T19:13:24","guid":{"rendered":"https:\/\/murkka.com\/?page_id=3237"},"modified":"2019-08-01T10:12:23","modified_gmt":"2019-08-01T10:12:23","slug":"erityisvalmisteiset-kaiteet","status":"publish","type":"page","link":"https:\/\/murkka.com\/fi\/parveke\/parvekekaiteet\/erityisvalmisteiset-kaiteet\/","title":{"rendered":"Erityisvalmisteiset kaiteet"},"content":{"rendered":"<p>[vc_row][vc_column][vc_column_text]<\/p>\n<h1>Erityisvalmisteiset kaiteet<\/h1>\n<p>Murkka tarjoaa vakioratkaisuna lasi-alumiinikaiteita,\u00a0kokolasikaiteita\u00a0ja\u00a0tankokaiteita, mutta my\u00f6s\u00a0<strong>erityisvalmisteiden<\/strong>\u00a0tuotteiden kysynt\u00e4 on kovasti kasvanut. Erilaisten\u00a0<strong>kaideratkaisujen suunnittelusta<\/strong>\u00a0on tullut osa\u00a0<strong>p\u00e4ivitt\u00e4ist\u00e4 toimintaa<\/strong>, jotta voisimme tarjota asiakkaillemme my\u00f6s heid\u00e4n toivomia erityisvalmisteisia tuotteita. Meill\u00e4 on kokemuksia\u00a0<strong>vaakasuuntaisten koristeputkien, profiilipelti- ja parvekelevyll\u00e4 varustettujen kaiteiden\u00a0<\/strong>valmistamisesta ja asennuksesta. My\u00f6s muiden kaideratkaisujen (alumiinista valmistettujen) hintapyynn\u00f6t ovat tervetulleita \u2013 omia mahdollisuuksia asiakkaan toivoman tuotteen valmistamiseen arvioimme jokaisen hintapyynn\u00f6n osalta erikseen.[\/vc_column_text][\/vc_column][\/vc_row][vc_row][vc_column][vc_column_text]<\/p>\n<h2>Kaide vaakasuuntaisilla koristeputkilla<\/h2>\n<p>T\u00e4llaisella ratkaisulla on\u00a0<strong>kaksi<\/strong>\u00a0eniten k\u00e4ytetty\u00e4\u00a0<strong>vaihtoehtoa<\/strong>. Toinen vaihtoehto on niitata kaiteen pylv\u00e4iden ulkopintaan\u00a0<strong>20\u00d720 mm neli\u00f6putket<\/strong>. Kaiteen sis\u00e4puolella on turvallisuuden vuoksi my\u00f6s lasi, jotta vaakaputkista koottua kaidetta ei k\u00e4ytett\u00e4isi tikkaina. Putkien v\u00e4linen et\u00e4isyys m\u00e4\u00e4ritell\u00e4\u00e4n asiakkaan ilmoittamien mittojen mukaan.<\/p>\n<p>Toisena vaihtoehtona on k\u00e4ytt\u00e4\u00e4 vaakasuuntaisina elementtein\u00e4\u00a0<strong>10 mm ruostumattomasta ter\u00e4ksest\u00e4 valmistettuja tankoja<\/strong>, jotka porataan pylv\u00e4\u00e4n l\u00e4pi. My\u00f6s t\u00e4llaisessa ratkaisussa on turvallisuuden varmistamiseen kiinnitetty lasi kaiteen sis\u00e4puolelle. Kaiteiden runko valmistetaan RAL v\u00e4rikartan mukaan jauhemaalatuista alumiiniprofiileista. Muulta osin ovat kaiteet samanlaisia kuin tavanomaiset\u00a0lasi-alumiinikaiteet. Jos putkia tai tankoja ei k\u00e4ytet\u00e4, voidaan samanlainen ulkomuoto luoda my\u00f6s\u00a0<strong>silkkipainetun lasin avulla<\/strong>.[\/vc_column_text][\/vc_column][\/vc_row][vc_row][vc_column width=&#8221;1\/2&#8243;][vc_single_image image=&#8221;3581&#8243; img_size=&#8221;&#8221;][\/vc_column][vc_column width=&#8221;1\/2&#8243;][vc_single_image image=&#8221;3585&#8243; img_size=&#8221;&#8221;][\/vc_column][\/vc_row][vc_row][vc_column][vc_column_text]<\/p>\n<h2>Profiilipellill\u00e4 p\u00e4\u00e4llystetty kaide<\/h2>\n<p>Tavanomaisen lasi-alumiinikaiteen tilalle voidaan valita my\u00f6s\u00a0<strong>lasittomat ratkaisut<\/strong>. T\u00e4llaisessa tapauksessa k\u00e4yt\u00e4mme erilaisia\u00a0<strong>alumiinia profiilipeltej\u00e4<\/strong>: suoraa, sini-, trapetsi- tms. alumiinia. Valikoimissa on my\u00f6s\u00a0<strong>rei\u2019itetyll\u00e4 pellill\u00e4<\/strong>p\u00e4\u00e4llystetyt kaiteet. Pelti voidaan maalata RAL-v\u00e4rikartan mukaisilla v\u00e4ris\u00e4vyill\u00e4. Profiilipellin paksuus on v\u00e4hint\u00e4\u00e4n 0,7 mm, rei\u2019itettyn\u00e4 2,0 mm \u2013 pellin paksuus m\u00e4\u00e4ritell\u00e4\u00e4n kohteen mukaan.[\/vc_column_text][\/vc_column][\/vc_row][vc_row][vc_column width=&#8221;1\/2&#8243;][vc_single_image image=&#8221;3569&#8243; img_size=&#8221;&#8221;][\/vc_column][vc_column width=&#8221;1\/2&#8243;][vc_single_image image=&#8221;3590&#8243; img_size=&#8221;&#8221;][\/vc_column][\/vc_row][vc_row][vc_column][vc_column_text]<\/p>\n<h2>Parvekelevyll\u00e4 varustettu kaide<\/h2>\n<p>Edell\u00e4 mainittujen lis\u00e4ksi voidaan k\u00e4ytt\u00e4\u00e4 my\u00f6s muunlaisia ratkaisuja. Lasin sijaan voidaan k\u00e4ytt\u00e4\u00e4\u00a0<strong>julkisivulevy\u00e4<\/strong>, paksuus 4, 6 tai 8 mm. T\u00e4llaiseen kaiteeseen on kohdistettu muuten samat vaatimukset ja niiss\u00e4 on yht\u00e4 laaja erityisratkaisujen soveltamisen mahdollisuus kuin on kerrottu\u00a0lasi-alumiinikaiteen\u00a0sivulla. Ainoa poikkeus, joka on huomioitava, on joissakin tapauksissa julkisivulevyj\u00e4 k\u00e4ytett\u00e4ess\u00e4 k\u00e4ytett\u00e4v\u00e4 lis\u00e4ruoteita, sill\u00e4 julkisivulevy ei pysty kannattelemaa yht\u00e4 isoa tasoa kuin lasi. Parvekelevyt voidaan\u00a0<strong>maalata sis\u00e4- ja ulkopuolelta<\/strong>. Muotoilukielen vuoksi voidaan samassa kaiteessa k\u00e4ytt\u00e4\u00e4 mm. vuorotellen lasia ja parvekelevy\u00e4.[\/vc_column_text][\/vc_column][\/vc_row][vc_row][vc_column width=&#8221;1\/2&#8243;][vc_single_image image=&#8221;3595&#8243; img_size=&#8221;&#8221;][\/vc_column][vc_column width=&#8221;1\/2&#8243;][vc_single_image image=&#8221;3599&#8243; img_size=&#8221;&#8221;][\/vc_column][\/vc_row]<\/p>\n","protected":false},"excerpt":{"rendered":"<p>[vc_row][vc_column][vc_column_text] Erityisvalmisteiset kaiteet Murkka tarjoaa vakioratkaisuna lasi-alumiinikaiteita,\u00a0kokolasikaiteita\u00a0ja\u00a0tankokaiteita, mutta my\u00f6s\u00a0erityisvalmisteiden\u00a0tuotteiden kysynt\u00e4 on kovasti kasvanut. Erilaisten\u00a0kaideratkaisujen suunnittelusta\u00a0on tullut osa\u00a0p\u00e4ivitt\u00e4ist\u00e4 toimintaa, jotta voisimme tarjota asiakkaillemme my\u00f6s heid\u00e4n toivomia erityisvalmisteisia<span class=\"excerpt-hellip\"> [\u2026]<\/span><\/p>\n","protected":false},"author":2,"featured_media":0,"parent":3193,"menu_order":0,"comment_status":"closed","ping_status":"closed","template":"","meta":{"footnotes":""},"class_list":["post-3237","page","type-page","status-publish","hentry"],"_links":{"self":[{"href":"https:\/\/murkka.com\/fi\/wp-json\/wp\/v2\/pages\/3237","targetHints":{"allow":["GET"]}}],"collection":[{"href":"https:\/\/murkka.com\/fi\/wp-json\/wp\/v2\/pages"}],"about":[{"href":"https:\/\/murkka.com\/fi\/wp-json\/wp\/v2\/types\/page"}],"author":[{"embeddable":true,"href":"https:\/\/murkka.com\/fi\/wp-json\/wp\/v2\/users\/2"}],"replies":[{"embeddable":true,"href":"https:\/\/murkka.com\/fi\/wp-json\/wp\/v2\/comments?post=3237"}],"version-history":[{"count":6,"href":"https:\/\/murkka.com\/fi\/wp-json\/wp\/v2\/pages\/3237\/revisions"}],"predecessor-version":[{"id":3680,"href":"https:\/\/murkka.com\/fi\/wp-json\/wp\/v2\/pages\/3237\/revisions\/3680"}],"up":[{"embeddable":true,"href":"https:\/\/murkka.com\/fi\/wp-json\/wp\/v2\/pages\/3193"}],"wp:attachment":[{"href":"https:\/\/murkka.com\/fi\/wp-json\/wp\/v2\/media?parent=3237"}],"curies":[{"name":"wp","href":"https:\/\/api.w.org\/{rel}","templated":true}]}}