{"id":3258,"date":"2019-07-17T19:26:45","date_gmt":"2019-07-17T19:26:45","guid":{"rendered":"https:\/\/murkka.com\/?page_id=3258"},"modified":"2019-08-01T10:11:43","modified_gmt":"2019-08-01T10:11:43","slug":"kokolasikaide","status":"publish","type":"page","link":"https:\/\/murkka.com\/fi\/parveke\/parvekekaiteet\/kokolasikaide\/","title":{"rendered":"Kokolasikaide"},"content":{"rendered":"<p>[vc_row][vc_column][vc_column_text]<\/p>\n<h1>Kokolasikaide<\/h1>\n<p>Modernissa arkkitehtuurissa arvostetaan erityisesti nykyaikaisuutta ja\u00a0<strong>ilmavuutta<\/strong>. T\u00e4m\u00e4n pohjalta toivotaan rakennukseen sellaista julkisivua, jossa on k\u00e4ytetty runsaasti lasia ja mahdollisimman minimalistisia rakenteita.\u00a0<strong>Kokolasikaide<\/strong>\u00a0on t\u00e4llaisissa tapauksissa t\u00e4ydellinen ratkaisu, sill\u00e4 karkaistu ja laminoitu lasi toimii lujuutensa ansiosta kantavana rakenteena.\u00a0<strong>Lasikaideratkaisuja on kahdentyyppisill\u00e4 kiinnityksill\u00e4: alareunan profiililla ja pistekiinnityksell\u00e4.<\/strong>[\/vc_column_text][\/vc_column][\/vc_row][vc_row][vc_column][vc_column_text]<\/p>\n<h2>Kokolasikaide alareunan profiililla<\/h2>\n<h2><a href=\"https:\/\/malmerkklaasium.ee\/wp-content\/uploads\/2016\/12\/T%C3%A4isklaaspiire-GP-2.jpg\" rel=\"group\"><img fetchpriority=\"high\" decoding=\"async\" class=\"alignright wp-image-6372 size-medium\" src=\"https:\/\/malmerkklaasium.ee\/wp-content\/uploads\/2016\/12\/T%C3%A4isklaaspiire-GP-2-300x189.jpg\" sizes=\"(max-width: 300px) 100vw, 300px\" srcset=\"https:\/\/malmerkklaasium.ee\/wp-content\/uploads\/2016\/12\/T\u00e4isklaaspiire-GP-2-300x189.jpg 300w, https:\/\/malmerkklaasium.ee\/wp-content\/uploads\/2016\/12\/T\u00e4isklaaspiire-GP-2-1024x644.jpg 1024w, https:\/\/malmerkklaasium.ee\/wp-content\/uploads\/2016\/12\/T\u00e4isklaaspiire-GP-2-1200x755.jpg 1200w\" alt=\"taisklaaspiire-gp-2\" width=\"300\" height=\"189\" \/><\/a><\/h2>\n<p>Aivan uudenlainen ratkaisu on\u00a0<strong>kokolasikaide<\/strong>\u00a0ilman v\u00e4lipylv\u00e4it\u00e4, jonka kiinnitt\u00e4miseen k\u00e4ytet\u00e4\u00e4n vain\u00a0<strong>alumiinista<\/strong>\u00a0valmistettuja\u00a0<strong>alareunan profiileja<\/strong>. T\u00e4llainen kiinnitystapa suo arkkitehdeille mahdollisuuden oman konseptin tehokkaaseen toteuttamiseen. Alareunan profiilin k\u00e4yt\u00f6ss\u00e4 j\u00e4\u00e4 julkisivussa n\u00e4kyviin k\u00e4yt\u00e4nn\u00f6ss\u00e4 vai lasin pinta.<\/p>\n<p>T\u00e4ss\u00e4 ratkaisussa voidaan lasi asentaa joko parvekkeen lattiapaneelin p\u00e4\u00e4lle tai se eteen.\u00a0<strong>Lasien korkeus<\/strong>\u00a0lattiasta on normaalisti 1000-1100 mm. My\u00f6s kokolasikaiteeseen voidaan asentaa minimalistinen reunakaide, joka yhdist\u00e4\u00e4 lasin reunat yhten\u00e4iseen kokonaisuuteen. Lasin tulee olla\u00a0<strong>laminoitu ja karkaistu.<\/strong>\u00a0<strong>Kirkkaan lasin lis\u00e4ksi<\/strong>\u00a0ovat\u00a0valikoimassa\u00a0matta, maalattu, s\u00e4vytetty, laminoitu, silkkipainettu ja kuvioitu lasi.\u00a0<strong>Lasin paksuudet\u00a0<\/strong><strong>ovat<\/strong>\u00a0vakioratkaisussa 8+8 mm ja 10+10 mm (mahdollinen valita my\u00f6s 10, 12, 13.5, 17.5, 19.5, 21.5 mm paksu lasi).<\/p>\n<p>&nbsp;<\/p>\n<h2><img decoding=\"async\" class=\"alignright wp-image-6366 size-medium\" src=\"https:\/\/malmerkklaasium.ee\/wp-content\/uploads\/2016\/12\/T%C3%A4isklaaspiire-7-300x189.jpg\" sizes=\"(max-width: 300px) 100vw, 300px\" srcset=\"https:\/\/malmerkklaasium.ee\/wp-content\/uploads\/2016\/12\/T\u00e4isklaaspiire-7-300x189.jpg 300w, https:\/\/malmerkklaasium.ee\/wp-content\/uploads\/2016\/12\/T\u00e4isklaaspiire-7-1024x644.jpg 1024w, https:\/\/malmerkklaasium.ee\/wp-content\/uploads\/2016\/12\/T\u00e4isklaaspiire-7-1200x755.jpg 1200w\" alt=\"taisklaaspiire-7\" width=\"300\" height=\"189\" \/><\/h2>\n<h2>Kokolasikaide pistekiinnityksell\u00e4<\/h2>\n<p><strong>Pistekiinnitykset<\/strong>\u00a0ovat minimalistinen ja tyylik\u00e4s tapa lasien kiinnitt\u00e4miseen parvekekaiteisiin, porraskaiteisiin, seiniin ja erilaisiin rakenteisiin. Laadukkaiden materiaalien ja ammattimaisesti viimeistellyn pistekiinnityksen k\u00e4ytt\u00e4misess\u00e4 on varmistettu\u00a0<strong>turvallisuus<\/strong>\u00a0ja\u00a0<strong>kest\u00e4vyys<\/strong>lasielementtien kiinnitt\u00e4misess\u00e4. T\u00e4llainen kiinnitystapa sopii sis\u00e4- ja ulkopuolelle.<\/p>\n<p>Lasi kiinnitet\u00e4\u00e4n lasissa olevien aukkojen kautta\u00a0<strong>ruostumattomilla<\/strong>kiinnityselementeill\u00e4. Lasina k\u00e4ytet\u00e4\u00e4n t\u00e4llaisessa kiinnitystavassa\u00a0<strong>laminoitua ja karkaistua lasia<\/strong>.\u00a0<strong>Lasien paksuudet<\/strong>: 88.4 (17.5mm), 1010.4 (21,5mm), 1212.4 (24.5mm). Lasin paksuuden valinnassa on ehdottomasti huomioitava lasilevyn mitat ja mahdollisten kiinnityspisteiden v\u00e4linen et\u00e4isyys.\u00a0<strong>Lasin korkeus<\/strong>\u00a0parvekkeen lattiasta on normaalisti 1000-1100 mm. Julkisivun yleisilmeen parantamiseen voidaan kirkkaan lasin lis\u00e4ksi k\u00e4ytt\u00e4\u00e4 my\u00f6s eri tavalla\u00a0<strong>s\u00e4vytettyj\u00e4 laseja<\/strong>\u00a0tai k\u00e4ytt\u00e4\u00e4 lasien laminointiin\u00a0<strong>s\u00e4vytetty\u00e4 kalvoa.<\/strong>[\/vc_column_text][\/vc_column][\/vc_row]<\/p>\n","protected":false},"excerpt":{"rendered":"<p>[vc_row][vc_column][vc_column_text] Kokolasikaide Modernissa arkkitehtuurissa arvostetaan erityisesti nykyaikaisuutta ja\u00a0ilmavuutta. T\u00e4m\u00e4n pohjalta toivotaan rakennukseen sellaista julkisivua, jossa on k\u00e4ytetty runsaasti lasia ja mahdollisimman minimalistisia rakenteita.\u00a0Kokolasikaide\u00a0on t\u00e4llaisissa tapauksissa t\u00e4ydellinen<span class=\"excerpt-hellip\"> [\u2026]<\/span><\/p>\n","protected":false},"author":2,"featured_media":0,"parent":3193,"menu_order":0,"comment_status":"closed","ping_status":"closed","template":"","meta":{"footnotes":""},"class_list":["post-3258","page","type-page","status-publish","hentry"],"_links":{"self":[{"href":"https:\/\/murkka.com\/fi\/wp-json\/wp\/v2\/pages\/3258","targetHints":{"allow":["GET"]}}],"collection":[{"href":"https:\/\/murkka.com\/fi\/wp-json\/wp\/v2\/pages"}],"about":[{"href":"https:\/\/murkka.com\/fi\/wp-json\/wp\/v2\/types\/page"}],"author":[{"embeddable":true,"href":"https:\/\/murkka.com\/fi\/wp-json\/wp\/v2\/users\/2"}],"replies":[{"embeddable":true,"href":"https:\/\/murkka.com\/fi\/wp-json\/wp\/v2\/comments?post=3258"}],"version-history":[{"count":4,"href":"https:\/\/murkka.com\/fi\/wp-json\/wp\/v2\/pages\/3258\/revisions"}],"predecessor-version":[{"id":3678,"href":"https:\/\/murkka.com\/fi\/wp-json\/wp\/v2\/pages\/3258\/revisions\/3678"}],"up":[{"embeddable":true,"href":"https:\/\/murkka.com\/fi\/wp-json\/wp\/v2\/pages\/3193"}],"wp:attachment":[{"href":"https:\/\/murkka.com\/fi\/wp-json\/wp\/v2\/media?parent=3258"}],"curies":[{"name":"wp","href":"https:\/\/api.w.org\/{rel}","templated":true}]}}