{"id":3269,"date":"2019-07-17T19:34:43","date_gmt":"2019-07-17T19:34:43","guid":{"rendered":"https:\/\/murkka.com\/?page_id=3269"},"modified":"2019-08-01T10:11:03","modified_gmt":"2019-08-01T10:11:03","slug":"lasi-alumiinikaide","status":"publish","type":"page","link":"https:\/\/murkka.com\/fi\/parveke\/parvekekaiteet\/lasi-alumiinikaide\/","title":{"rendered":"Lasi-alumiinikaide"},"content":{"rendered":"<p>[vc_row][vc_column][vc_column_text]<\/p>\n<h1>Lasi-alumiinikaide<\/h1>\n<p>Lasista ja alumiinista voidaan valmistaa hyvin monenlaisia kaiteita, joten sopiva ratkaisu l\u00f6ytyy my\u00f6s hyvin vaativalle asiakkaalle.\u00a0<strong>Lasi-alumiinikaide<\/strong>\u00a0on moderni, ilmava ja k\u00e4yt\u00e4nn\u00f6ss\u00e4 huoltovapaa. Sellaisia moderneja parvekekaiteita\u00a0<strong>ei ole tarkoitettu pelk\u00e4st\u00e4\u00e4n uusrakennuksiin<\/strong>, vaan ne ovat toimiva ratkaisu my\u00f6s vanhempien talojen entis\u00f6inniss\u00e4.[\/vc_column_text][\/vc_column][\/vc_row][vc_row][vc_column][vc_column_text]<\/p>\n<h2>Materiaali<\/h2>\n<p><strong>Profiilit.<\/strong>\u00a0Kaiteiden runko valmistetaan RAL v\u00e4rikartan mukaan jauhemaalatuista alumiiniprofiileista.\u00a0<strong>Vakiov\u00e4ris\u00e4vyt<\/strong>\u00a0ovat valkoinen RAL9010, tummanruskea RAL8019 ja tummanharmaa RAL7016.\u00a0<strong>Kaidepylv\u00e4it\u00e4 on kahta eri kokoa<\/strong>\u00a0\u2013 70\u00d730 mm ja 50\u00d730 mm.\u00a0<strong>Reunakaidetyyppej\u00e4 on 3<\/strong>:<\/p>\n<ul>\n<li><strong>Tyyppi 1<\/strong>\u00a0\u2013 reunakaide, jonka leveys on\u00a061 mm tai\u00a081 mm;<\/li>\n<li><strong>Tyyppi 2<\/strong>\u00a0\u2013 reunakaide, jossa lasi kiinnitet\u00e4\u00e4n suoraan reunakaiteessa olevaan listaan (78 mm tai\u00a098 mm);<\/li>\n<li><strong>Tyyppi<\/strong>\u00a0<strong>3<\/strong>\u00a0\u2013 reunakaide, jossa on my\u00f6s ulkoneva osa (nk. Ikkunap\u00f6yt\u00e4) ja joka voidaan kiinnitt\u00e4\u00e4 joko lasin sis\u00e4- tai ulkopuolelle.<\/li>\n<\/ul>\n<p><strong>Lasit.<\/strong>\u00a0K\u00e4yt\u00e4mme kaiteissa yleens\u00e4 6 mm ja 8 mm karkaistua, 4+4 mm laminoitua tai 4+4 mm karkaistua ja laminoitua lasia.\u00a0<strong>Lasins\u00e4vyjen valikoima on hyvin laaja<\/strong>: kirkas, matta, maalattu, s\u00e4vytetty, laminoitu, silkkipainettu ja kuvioitu lasi, niiden lis\u00e4ksi viel\u00e4 erilaiset v\u00e4rillisill\u00e4 laminaattikalvoilla p\u00e4\u00e4llystetyt vaihtoehdot.<\/p>\n<h2>Tekniset tiedot<\/h2>\n<p>Malmerk Klaasiumin tuotevalikoimassa olevista profiileista ja laseista voidaan valmistaa hyvin monipuolisia ratkaisuja, sill\u00e4\u00a0<strong>lasien sijoituksessa, profiilien yhdist\u00e4misess\u00e4 ja kaiteiden kiinnityksess\u00e4 on hyvin monia mahdollisuuksia<\/strong>.<\/p>\n<p><strong>Lasin sijoittaminen<\/strong>\u00a0kaiteen reunakaiteen ja parvekebetonin suhteen vapaasti valitulla tavalla. Lasi voidaan sijoittaa parvekkeen ulko- tai sis\u00e4puolelle ja lasi voidaan kiinnitt\u00e4\u00e4 joko kaiteen reunakaiteessa olevaan uraan tai erilliseen lasilistaan. Jokainen lasi voidaan vaihtaa erikseen ja lasin kiinnitt\u00e4miseen k\u00e4ytet\u00e4\u00e4n tiivistett\u00e4, jolla lasi painetaan profiilia vasten.<\/p>\n<p>[\/vc_column_text][vc_gallery type=&#8221;image_grid&#8221; images=&#8221;3539,3535,3531,3527,3523,3519,3515,3511,3507,3503,3499&#8243; img_size=&#8221;400&#215;200&#8243;][vc_column_text]<strong>Kaiteen runkorakenne<\/strong>\u00a0voidaan asentaa joko parvekkeen lattiapaneelin p\u00e4\u00e4lle (ter\u00e4ksisill\u00e4 kiinnittimill\u00e4) tai sen eteen (alumiinikiinnittimill\u00e4).\u00a0<strong>Reunakaiteen korkeus<\/strong>\u00a0lattiasta on normaalisti 1000-1100 mm. Pylv\u00e4iden v\u00e4linen\u00a0<strong>suurin sallittu et\u00e4isyys<\/strong>\u00a01200 mm.<\/p>\n<p><a href=\"https:\/\/malmerkklaasium.ee\/wp-content\/uploads\/2016\/12\/Klaasiklamber.gif\" rel=\"group\"><img decoding=\"async\" class=\" alignleft wp-image-6361\" src=\"https:\/\/malmerkklaasium.ee\/wp-content\/uploads\/2016\/12\/Klaasiklamber.gif\" alt=\"klaasiklamber\" width=\"104\" height=\"118\" \/><\/a>Valikoimissa on lis\u00e4ksi\u00a0<strong>kiinnikekiinnitteinen kaide<\/strong>, jossa lasi kiinnitet\u00e4\u00e4n kiinnikkeill\u00e4 pylv\u00e4iden v\u00e4liin. \u00a0T\u00e4m\u00e4 kiinnitystapa mahdollistaa jopa 12 mm paksuisten ovien tai ikkunoiden k\u00e4yt\u00f6n. T\u00e4llaisen ratkaisun kohdalla voidaan kaide valmistaa my\u00f6s ilman reunakaidetta.[\/vc_column_text][vc_empty_space][\/vc_column][\/vc_row]<\/p>\n","protected":false},"excerpt":{"rendered":"<p>[vc_row][vc_column][vc_column_text] Lasi-alumiinikaide Lasista ja alumiinista voidaan valmistaa hyvin monenlaisia kaiteita, joten sopiva ratkaisu l\u00f6ytyy my\u00f6s hyvin vaativalle asiakkaalle.\u00a0Lasi-alumiinikaide\u00a0on moderni, ilmava ja k\u00e4yt\u00e4nn\u00f6ss\u00e4 huoltovapaa. Sellaisia moderneja parvekekaiteita\u00a0ei<span class=\"excerpt-hellip\"> [\u2026]<\/span><\/p>\n","protected":false},"author":2,"featured_media":0,"parent":3193,"menu_order":0,"comment_status":"closed","ping_status":"closed","template":"","meta":{"footnotes":""},"class_list":["post-3269","page","type-page","status-publish","hentry"],"_links":{"self":[{"href":"https:\/\/murkka.com\/fi\/wp-json\/wp\/v2\/pages\/3269","targetHints":{"allow":["GET"]}}],"collection":[{"href":"https:\/\/murkka.com\/fi\/wp-json\/wp\/v2\/pages"}],"about":[{"href":"https:\/\/murkka.com\/fi\/wp-json\/wp\/v2\/types\/page"}],"author":[{"embeddable":true,"href":"https:\/\/murkka.com\/fi\/wp-json\/wp\/v2\/users\/2"}],"replies":[{"embeddable":true,"href":"https:\/\/murkka.com\/fi\/wp-json\/wp\/v2\/comments?post=3269"}],"version-history":[{"count":5,"href":"https:\/\/murkka.com\/fi\/wp-json\/wp\/v2\/pages\/3269\/revisions"}],"predecessor-version":[{"id":3677,"href":"https:\/\/murkka.com\/fi\/wp-json\/wp\/v2\/pages\/3269\/revisions\/3677"}],"up":[{"embeddable":true,"href":"https:\/\/murkka.com\/fi\/wp-json\/wp\/v2\/pages\/3193"}],"wp:attachment":[{"href":"https:\/\/murkka.com\/fi\/wp-json\/wp\/v2\/media?parent=3269"}],"curies":[{"name":"wp","href":"https:\/\/api.w.org\/{rel}","templated":true}]}}