{"id":3281,"date":"2019-07-17T19:43:30","date_gmt":"2019-07-17T19:43:30","guid":{"rendered":"https:\/\/murkka.com\/?page_id=3281"},"modified":"2019-08-01T10:12:02","modified_gmt":"2019-08-01T10:12:02","slug":"tankokaide","status":"publish","type":"page","link":"https:\/\/murkka.com\/fi\/parveke\/parvekekaiteet\/tankokaide\/","title":{"rendered":"Tankokaide"},"content":{"rendered":"<p>[vc_row][vc_column][vc_column_text]<\/p>\n<h1>Tankokaide<\/h1>\n<p><strong>Tankokaide<\/strong>\u00a0on Pohjoismaissa laajasti k\u00e4ytetty ja olemme lis\u00e4nneet sen kysynn\u00e4n johdosta omaan tuotevalikoimaamme. Tankokaiteet ovat\u00a0<strong>alumiinikaiteita<\/strong>, jotka ovat k\u00e4yt\u00e4nn\u00f6ss\u00e4 huoltovapaita ja helposti asennettavia. N\u00e4iss\u00e4 kaiteissa ei ole k\u00e4ytetty lasia, mutta tankojen ja pylv\u00e4iden sijoitustapaa reunakauteen ja parvekkeen betoniosan suhteen muuttamalla saadaan aikaan\u00a0<strong>useilta erilaisia ratkaisuja<\/strong>.[\/vc_column_text][\/vc_column][\/vc_row][vc_row][vc_column][vc_column_text]<\/p>\n<h2>Materiaali ja tekniset tiedot<\/h2>\n<p><strong>Tankokaiteet<\/strong>\u00a0valmistetaan RAL v\u00e4rikartan mukaan jauhemaalatuista alumiiniprofiileista.\u00a0<strong>Vakiov\u00e4ris\u00e4vyt<\/strong>\u00a0ovat valkoinen RAL9010, tummanruskea RAL8019 ja tummanharmaa RAL7016. Tankokaide koostuu pystysuorista 20\u00d720 mm\u00a0<strong>neli\u00f6putkista<\/strong>.<strong>\u00a0<\/strong><strong>Kaidepylv\u00e4it\u00e4 on kahta eri kokoa<\/strong>\u00a0\u2013 70\u00d730 mm ja 50\u00d730 mm, joissa\u00a0<strong>reunakaiteen<\/strong>\u00a0leveys on 81 mm tai 61 mm.\u00a0<strong>Erilaisia ratkaisuja on esitetty 3D malleissa.<\/strong><\/p>\n<p><strong>Kaiteen runkorakenne<\/strong>\u00a0voidaan asentaa joko parvekkeen lattiapaneelin p\u00e4\u00e4lle (ter\u00e4ksisill\u00e4 kiinnittimill\u00e4) tai sen eteen (alumiinikiinnittimill\u00e4). Tangot voidaan sijoittaa parvekkeen ulko- tai sis\u00e4puolelle.\u00a0<strong>Tankojen v\u00e4linen vakio<\/strong>(maksimi)<strong>et\u00e4isyys<\/strong>\u00a0on 100 mm.\u00a0<strong>Reunakaiteen korkeus<\/strong>\u00a0lattiasta on normaalisti 1000-1100 mm. Pylv\u00e4iden v\u00e4linen\u00a0<strong>suurin sallittu et\u00e4isyys<\/strong>\u00a01200 mm.[\/vc_column_text][\/vc_column][\/vc_row]<\/p>\n","protected":false},"excerpt":{"rendered":"<p>[vc_row][vc_column][vc_column_text] Tankokaide Tankokaide\u00a0on Pohjoismaissa laajasti k\u00e4ytetty ja olemme lis\u00e4nneet sen kysynn\u00e4n johdosta omaan tuotevalikoimaamme. Tankokaiteet ovat\u00a0alumiinikaiteita, jotka ovat k\u00e4yt\u00e4nn\u00f6ss\u00e4 huoltovapaita ja helposti asennettavia. N\u00e4iss\u00e4 kaiteissa ei<span class=\"excerpt-hellip\"> [\u2026]<\/span><\/p>\n","protected":false},"author":2,"featured_media":0,"parent":3193,"menu_order":0,"comment_status":"closed","ping_status":"closed","template":"","meta":{"footnotes":""},"class_list":["post-3281","page","type-page","status-publish","hentry"],"_links":{"self":[{"href":"https:\/\/murkka.com\/fi\/wp-json\/wp\/v2\/pages\/3281","targetHints":{"allow":["GET"]}}],"collection":[{"href":"https:\/\/murkka.com\/fi\/wp-json\/wp\/v2\/pages"}],"about":[{"href":"https:\/\/murkka.com\/fi\/wp-json\/wp\/v2\/types\/page"}],"author":[{"embeddable":true,"href":"https:\/\/murkka.com\/fi\/wp-json\/wp\/v2\/users\/2"}],"replies":[{"embeddable":true,"href":"https:\/\/murkka.com\/fi\/wp-json\/wp\/v2\/comments?post=3281"}],"version-history":[{"count":3,"href":"https:\/\/murkka.com\/fi\/wp-json\/wp\/v2\/pages\/3281\/revisions"}],"predecessor-version":[{"id":3679,"href":"https:\/\/murkka.com\/fi\/wp-json\/wp\/v2\/pages\/3281\/revisions\/3679"}],"up":[{"embeddable":true,"href":"https:\/\/murkka.com\/fi\/wp-json\/wp\/v2\/pages\/3193"}],"wp:attachment":[{"href":"https:\/\/murkka.com\/fi\/wp-json\/wp\/v2\/media?parent=3281"}],"curies":[{"name":"wp","href":"https:\/\/api.w.org\/{rel}","templated":true}]}}