{"id":3304,"date":"2019-07-17T20:09:51","date_gmt":"2019-07-17T20:09:51","guid":{"rendered":"https:\/\/murkka.com\/?page_id=3304"},"modified":"2019-08-01T10:14:13","modified_gmt":"2019-08-01T10:14:13","slug":"katokset","status":"publish","type":"page","link":"https:\/\/murkka.com\/fi\/parveke\/katokset\/","title":{"rendered":"Katokset"},"content":{"rendered":"<p>[vc_row][vc_column][vc_column_text]<\/p>\n<h1>Katokset<\/h1>\n<p>Murkka katokset on tarkoitettu asennettavaksi l\u00e4hinn\u00e4 <strong>sein\u00e4st\u00e4 ulkonevien parvekkeiden ja ulko-ovien<\/strong><strong>suojaksi<\/strong>. Olemme k\u00e4ytt\u00e4neet katosten valmistuksessa niiden toimivuuden ja pitk\u00e4n k\u00e4ytt\u00f6ajan varmistamiseen sek\u00e4 arvon yll\u00e4pit\u00e4miseen my\u00f6s takuuajan p\u00e4\u00e4dytty\u00e4 vaoin\u00a0<strong>laadukkaita materiaaleja ja kest\u00e4vi\u00e4 viimeistelyteknologioita<\/strong>. Tarjoamme parvekkeiden suojaksi alumiinirunkoisia katoksia ja ulko-ovien ylle vetotangoilla varustettua kokolasikatosta.<\/p>\n<div id=\"gallery-2\" class=\"gallery galleryid-1512 gallery-columns-5 gallery-size-thumbnail\">\n<figure class=\"gallery-item\">\n<div class=\"gallery-icon landscape\"><\/div>\n<\/figure>\n<\/div>\n<p>[\/vc_column_text][\/vc_column][\/vc_row][vc_row][vc_column width=&#8221;2\/3&#8243;][vc_column_text]<\/p>\n<h2>Alumiinirunkoinen katos<\/h2>\n<p><strong>Lasista ja alumiinista<\/strong>\u00a0valmistettu katos on luja ja kest\u00e4v\u00e4. Vaikka katoksia voidaan valmistaa useista eri materiaaleista, kerrostalojen parvekkeissa usein k\u00e4ytetty vakioratkaisu on alumiinirunkoinen lasikatos. Meid\u00e4n suosituksena on\u00a0<strong>asentaa<\/strong>\u00a0katokset\u00a0<strong>ennen rakennuksen l\u00e4mp\u00f6eristeiden asentamista<\/strong>, jotta runko voitaisiin kiinnitt\u00e4\u00e4 betonipaneelin ja l\u00e4mp\u00f6eristeit\u00e4 ei tarvitsisi rikkoa sopivan kiinnityskohdan l\u00f6yt\u00e4miseen.[\/vc_column_text][vc_btn title=&#8221;Lue lis\u00e4\u00e4&#8221; color=&#8221;primary&#8221; link=&#8221;url:https%3A%2F%2Fmurkka.com%2Ffi%2Fkatokset%2Falumiinirunkoinen-katos%2F|||&#8221;][\/vc_column][vc_column width=&#8221;1\/3&#8243;][vc_single_image image=&#8221;2990&#8243; img_size=&#8221;full&#8221;][\/vc_column][\/vc_row][vc_row][vc_column width=&#8221;2\/3&#8243;][vc_column_text]<\/p>\n<h2>Kokolasikatos<\/h2>\n<p>Kokolasikatokset on\u00a0<strong>eniten k\u00e4ytetty sis\u00e4\u00e4nk\u00e4yntien yll\u00e4<\/strong>, kerrostaloissa, kauppakeskuksissa, hotelleissa ja toimistorakennuksissa. Lasikaton valinnassa on\u00a0<strong>t\u00e4rkeint\u00e4 turvallisuus<\/strong>, jonka varmistavat oikeat kiinnitykset ja ehdottomasti my\u00f6s oikean paksuinen laminoitu ja karkaistu lasi. T\u00e4llainen katos on ilmava ja kevyt ja sit\u00e4 on helppo huoltaa. Kokolasikatos auttaa sen p\u00e4\u00e4llimm\u00e4isen teht\u00e4v\u00e4n \u2013\u00a0<strong>sateelta ja tuulelta suojaavana rakenteena<\/strong>\u00a0\u2013 korostamaan my\u00f6s rakennuksen kaunista ja kirkasta muotoilukielt\u00e4.[\/vc_column_text][vc_btn title=&#8221;Lue lis\u00e4\u00e4&#8221; color=&#8221;primary&#8221; link=&#8221;url:https%3A%2F%2Fmurkka.com%2Ffi%2Fkatokset%2Fkokolasikatos%2F|||&#8221;][\/vc_column][vc_column width=&#8221;1\/3&#8243;][vc_single_image image=&#8221;2994&#8243; img_size=&#8221;full&#8221;][\/vc_column][\/vc_row]<\/p>\n","protected":false},"excerpt":{"rendered":"<p>[vc_row][vc_column][vc_column_text] Katokset Murkka katokset on tarkoitettu asennettavaksi l\u00e4hinn\u00e4 sein\u00e4st\u00e4 ulkonevien parvekkeiden ja ulko-oviensuojaksi. Olemme k\u00e4ytt\u00e4neet katosten valmistuksessa niiden toimivuuden ja pitk\u00e4n k\u00e4ytt\u00f6ajan varmistamiseen sek\u00e4 arvon yll\u00e4pit\u00e4miseen<span class=\"excerpt-hellip\"> [\u2026]<\/span><\/p>\n","protected":false},"author":2,"featured_media":0,"parent":3549,"menu_order":0,"comment_status":"closed","ping_status":"closed","template":"","meta":{"footnotes":""},"class_list":["post-3304","page","type-page","status-publish","hentry"],"_links":{"self":[{"href":"https:\/\/murkka.com\/fi\/wp-json\/wp\/v2\/pages\/3304","targetHints":{"allow":["GET"]}}],"collection":[{"href":"https:\/\/murkka.com\/fi\/wp-json\/wp\/v2\/pages"}],"about":[{"href":"https:\/\/murkka.com\/fi\/wp-json\/wp\/v2\/types\/page"}],"author":[{"embeddable":true,"href":"https:\/\/murkka.com\/fi\/wp-json\/wp\/v2\/users\/2"}],"replies":[{"embeddable":true,"href":"https:\/\/murkka.com\/fi\/wp-json\/wp\/v2\/comments?post=3304"}],"version-history":[{"count":4,"href":"https:\/\/murkka.com\/fi\/wp-json\/wp\/v2\/pages\/3304\/revisions"}],"predecessor-version":[{"id":3684,"href":"https:\/\/murkka.com\/fi\/wp-json\/wp\/v2\/pages\/3304\/revisions\/3684"}],"up":[{"embeddable":true,"href":"https:\/\/murkka.com\/fi\/wp-json\/wp\/v2\/pages\/3549"}],"wp:attachment":[{"href":"https:\/\/murkka.com\/fi\/wp-json\/wp\/v2\/media?parent=3304"}],"curies":[{"name":"wp","href":"https:\/\/api.w.org\/{rel}","templated":true}]}}