{"id":3326,"date":"2019-07-17T20:21:14","date_gmt":"2019-07-17T20:21:14","guid":{"rendered":"https:\/\/murkka.com\/?page_id=3326"},"modified":"2019-08-01T10:15:07","modified_gmt":"2019-08-01T10:15:07","slug":"kokolasikatos","status":"publish","type":"page","link":"https:\/\/murkka.com\/fi\/parveke\/katokset\/kokolasikatos\/","title":{"rendered":"Kokolasikatos"},"content":{"rendered":"<p>[vc_row][vc_column][vc_column_text]<\/p>\n<h1>Kokolasikatos<\/h1>\n<p>Kokolasikatokset on\u00a0<strong>eniten k\u00e4ytetty sis\u00e4\u00e4nk\u00e4yntien yll\u00e4<\/strong>, kerrostaloissa, kauppakeskuksissa, hotelleissa ja toimistorakennuksissa. Lasikaton valinnassa on\u00a0<strong>t\u00e4rkeint\u00e4 turvallisuus<\/strong>, jonka varmistavat oikeat kiinnitykset ja ehdottomasti my\u00f6s oikean paksuinen laminoitu ja karkaistu lasi. T\u00e4llainen katos on ilmava ja kevyt ja sit\u00e4 on helppo huoltaa. Kokolasikatos auttaa sen p\u00e4\u00e4llimm\u00e4isen teht\u00e4v\u00e4n \u2013\u00a0<strong>sateelta ja tuulelta suojaavana rakenteena<\/strong>\u00a0\u2013 korostamaan my\u00f6s rakennuksen kaunista ja kirkasta muotoilukielt\u00e4.[\/vc_column_text][\/vc_column][\/vc_row][vc_row][vc_column][vc_column_text]<\/p>\n<h2>Materiaali ja tekniset tiedot<\/h2>\n<p>[\/vc_column_text][\/vc_column][\/vc_row][vc_row][vc_column width=&#8221;2\/3&#8243;][vc_column_text]Pistekiinnitteisen kokolasikatoksen\u00a0<strong>suurin syvyys<\/strong>\u00a0voi olla 2 metri\u00e4. Lasin pit\u00e4v\u00e4t paikoillaan\u00a0<strong>ruostumattomasta ter\u00e4ksest\u00e4 valmistetut vetotangot<\/strong>. K\u00e4yt\u00e4mme mittojen mukaan 8+8 tai 10+10 mm karkaistua ja laminoitua lasia. T\u00e4llaisessa kattoratkaisussa on yleens\u00e4 k\u00e4ytetty kirkasta lasia, mutta voidaan k\u00e4ytt\u00e4\u00e4 my\u00f6s mattaa tai s\u00e4vytetty\u00e4 lasia (vihre\u00e4, pronssi, harmaa). Lasien kohdalla on erityisen t\u00e4rke\u00e4\u00e4, ett\u00e4 lasiaukkojen koko olisi oikea ja ne olisi sijoitettu reunoista oikealle et\u00e4isyydelle.<\/p>\n<p>Katos kiinnitet\u00e4\u00e4n yhden pisteen lasikiinnikkeiden avulla. T\u00e4llainen j\u00e4rjestelm\u00e4\u00a0<strong>ei ole<\/strong>\u00a0s\u00e4\u00e4dett\u00e4vien liitostankojen ja renkaiden k\u00e4yt\u00f6n johdosta mitenk\u00e4\u00e4n\u00a0<strong>j\u00e4ykk\u00e4<\/strong>. Kokolasikatos on\u00a0<strong>kest\u00e4\u00e4 hyvin paineen ja tuulen imuvoiman<\/strong>.[\/vc_column_text][\/vc_column][vc_column width=&#8221;1\/3&#8243;][vc_single_image image=&#8221;3054&#8243; img_size=&#8221;&#8221;][\/vc_column][\/vc_row]<\/p>\n","protected":false},"excerpt":{"rendered":"<p>[vc_row][vc_column][vc_column_text] Kokolasikatos Kokolasikatokset on\u00a0eniten k\u00e4ytetty sis\u00e4\u00e4nk\u00e4yntien yll\u00e4, kerrostaloissa, kauppakeskuksissa, hotelleissa ja toimistorakennuksissa. Lasikaton valinnassa on\u00a0t\u00e4rkeint\u00e4 turvallisuus, jonka varmistavat oikeat kiinnitykset ja ehdottomasti my\u00f6s oikean paksuinen laminoitu<span class=\"excerpt-hellip\"> [\u2026]<\/span><\/p>\n","protected":false},"author":2,"featured_media":0,"parent":3304,"menu_order":0,"comment_status":"closed","ping_status":"closed","template":"","meta":{"footnotes":""},"class_list":["post-3326","page","type-page","status-publish","hentry"],"_links":{"self":[{"href":"https:\/\/murkka.com\/fi\/wp-json\/wp\/v2\/pages\/3326","targetHints":{"allow":["GET"]}}],"collection":[{"href":"https:\/\/murkka.com\/fi\/wp-json\/wp\/v2\/pages"}],"about":[{"href":"https:\/\/murkka.com\/fi\/wp-json\/wp\/v2\/types\/page"}],"author":[{"embeddable":true,"href":"https:\/\/murkka.com\/fi\/wp-json\/wp\/v2\/users\/2"}],"replies":[{"embeddable":true,"href":"https:\/\/murkka.com\/fi\/wp-json\/wp\/v2\/comments?post=3326"}],"version-history":[{"count":3,"href":"https:\/\/murkka.com\/fi\/wp-json\/wp\/v2\/pages\/3326\/revisions"}],"predecessor-version":[{"id":3685,"href":"https:\/\/murkka.com\/fi\/wp-json\/wp\/v2\/pages\/3326\/revisions\/3685"}],"up":[{"embeddable":true,"href":"https:\/\/murkka.com\/fi\/wp-json\/wp\/v2\/pages\/3304"}],"wp:attachment":[{"href":"https:\/\/murkka.com\/fi\/wp-json\/wp\/v2\/media?parent=3326"}],"curies":[{"name":"wp","href":"https:\/\/api.w.org\/{rel}","templated":true}]}}