{"id":3344,"date":"2019-07-17T21:07:09","date_gmt":"2019-07-17T21:07:09","guid":{"rendered":"https:\/\/murkka.com\/?page_id=3344"},"modified":"2019-08-01T10:12:55","modified_gmt":"2019-08-01T10:12:55","slug":"terassit","status":"publish","type":"page","link":"https:\/\/murkka.com\/fi\/parveke\/terassit\/","title":{"rendered":"Terassit"},"content":{"rendered":"<p>[vc_row][vc_column][vc_column_text]<\/p>\n<h1>Terassit<\/h1>\n<p>Terassilasien avulla saadaan terassista\u00a0<strong>s\u00e4\u00e4nkest\u00e4v\u00e4<\/strong>\u00a0hy\u00f6dyllinen tila, joka pysyy siistin\u00e4 ja v\u00e4hent\u00e4\u00e4 l\u00e4mmityskustannuksia. T\u00e4llaiset ratkaisut sopivat hyvin omakotitaloihin, kes\u00e4m\u00f6kkeihin ja my\u00f6s liikehuoneistojen, mm. ravintolan tilan laajentamiseen. Lasitettu terassi on\u00a0<strong>viihtyis\u00e4<\/strong>\u00a0<strong>ajanviettopaikka<\/strong>, jossa voi nauttia kes\u00e4st\u00e4 pitk\u00e4ll\u00e4 syksyyn.[\/vc_column_text][\/vc_column][\/vc_row][vc_row][vc_column][vc_column_text]Lasitukseen on tarjolla\u00a0<strong>kaksi eri vaihtoehtoa<\/strong>:<\/p>\n<ul>\n<li>Kehystetty lasitus,<\/li>\n<li>Kehyst\u00e4m\u00e4t\u00f6n lasitus.<\/li>\n<\/ul>\n<p><strong>Laseista<\/strong>\u00a0voidaan valita yksikerroksinen karkaistu kirkas tai s\u00e4vytetty lasi.\u00a0<strong>Alumiiniprofiilit<\/strong>\u00a0jauhemaalataan RAL-v\u00e4rikartan s\u00e4vyihin. Halutessa voi terassilasiin asentaa my\u00f6s\u00a0<strong>lukituksen<\/strong>.[\/vc_column_text][\/vc_column][\/vc_row][vc_row][vc_column width=&#8221;2\/3&#8243;][vc_column_text]<\/p>\n<h2>Kehystetyt terassilasit<\/h2>\n<p>Helposti asennettava terassien lasiliukuovien j\u00e4rjestelm\u00e4 koostuu alumiiniprofiileista valmistetuista moduuleista ja niiden sis\u00e4\u00e4n sijoitetuista laseista. Moduulit liikkuvat sujuvasti huoltovapailla muovipinnoitteisilla laakerirullilla 2-, 3- tai 4-rivisen yl\u00e4- ja alakiskon v\u00e4liss\u00e4, kiskoissa on vedenpoistoaukot. Moduuleiden liitoskohdissa on nk.\u00a0<strong>tuulilukko<\/strong>\u00a0ja harjatiiviste. T\u00e4m\u00e4 erityisvalmisteinen tiiviste erist\u00e4\u00e4 melua ja parantaa terassin p\u00f6ly- ja vesitiiviytt\u00e4. Tuulilukolla on my\u00f6s\u00a0<strong>turvatoiminto<\/strong>\u00a0\u2013 moduuleita ei pysty irrottamaan ulkopuolelta.[\/vc_column_text][vc_btn title=&#8221;Lue lis\u00e4\u00e4&#8221; color=&#8221;sky&#8221; link=&#8221;url:https%3A%2F%2Fmurkka.com%2Ffi%2Fterassit%2Fkehystetyt-terassilasit%2F|title:Terrace%20glazing||&#8221;][\/vc_column][\/vc_row][vc_row][vc_column width=&#8221;2\/3&#8243;][vc_column_text]<\/p>\n<h2>Kehyst\u00e4m\u00e4tt\u00f6m\u00e4t terassilasit<\/h2>\n<p>Tuote on\u00a0<strong>samanlainen kuin parvekkeen lasitusj\u00e4rjestelm\u00e4<\/strong>\u00a0ja koostuu yl\u00e4- ja alaohjauskiskosta sek\u00e4 vaakarullapy\u00f6rill\u00e4 varustetuista laseista niiden v\u00e4liss\u00e4. Rullapy\u00f6rien ja profiilien yhdistelm\u00e4 mahdollistaa lasien per\u00e4tt\u00e4isen siirt\u00e4misen. Lasipaneelien avaaminen aloitetaan reunalasista, joka k\u00e4\u00e4nnet\u00e4\u00e4n 90 asteen verran sis\u00e4\u00e4np\u00e4in, seuraavat lasipaneelit siirtyv\u00e4t reunalasin kohdalle ja avautuvat samalla tavalla sis\u00e4\u00e4np\u00e4in k\u00e4\u00e4nt\u00e4m\u00e4ll\u00e4. N\u00e4in saadaan lopulta\u00a0<strong>kaikki<\/strong>\u00a0lasipaneelit siirretty\u00e4 kirjan lehtien tavoin sis\u00e4\u00e4np\u00e4in sein\u00e4n viereen ja terassi on\u00a0<strong>kokonaan auki.<\/strong>[\/vc_column_text][vc_btn title=&#8221;Lue lis\u00e4\u00e4&#8221; color=&#8221;sky&#8221; link=&#8221;url:https%3A%2F%2Fmurkka.com%2Ffi%2Fterassit%2Fkehystamattomat-terassilasit%2F|title:Frameless%20glazing||&#8221;][\/vc_column][\/vc_row]<\/p>\n","protected":false},"excerpt":{"rendered":"<p>[vc_row][vc_column][vc_column_text] Terassit Terassilasien avulla saadaan terassista\u00a0s\u00e4\u00e4nkest\u00e4v\u00e4\u00a0hy\u00f6dyllinen tila, joka pysyy siistin\u00e4 ja v\u00e4hent\u00e4\u00e4 l\u00e4mmityskustannuksia. T\u00e4llaiset ratkaisut sopivat hyvin omakotitaloihin, kes\u00e4m\u00f6kkeihin ja my\u00f6s liikehuoneistojen, mm. ravintolan tilan laajentamiseen.<span class=\"excerpt-hellip\"> [\u2026]<\/span><\/p>\n","protected":false},"author":2,"featured_media":0,"parent":3549,"menu_order":0,"comment_status":"closed","ping_status":"closed","template":"","meta":{"footnotes":""},"class_list":["post-3344","page","type-page","status-publish","hentry"],"_links":{"self":[{"href":"https:\/\/murkka.com\/fi\/wp-json\/wp\/v2\/pages\/3344","targetHints":{"allow":["GET"]}}],"collection":[{"href":"https:\/\/murkka.com\/fi\/wp-json\/wp\/v2\/pages"}],"about":[{"href":"https:\/\/murkka.com\/fi\/wp-json\/wp\/v2\/types\/page"}],"author":[{"embeddable":true,"href":"https:\/\/murkka.com\/fi\/wp-json\/wp\/v2\/users\/2"}],"replies":[{"embeddable":true,"href":"https:\/\/murkka.com\/fi\/wp-json\/wp\/v2\/comments?post=3344"}],"version-history":[{"count":4,"href":"https:\/\/murkka.com\/fi\/wp-json\/wp\/v2\/pages\/3344\/revisions"}],"predecessor-version":[{"id":3681,"href":"https:\/\/murkka.com\/fi\/wp-json\/wp\/v2\/pages\/3344\/revisions\/3681"}],"up":[{"embeddable":true,"href":"https:\/\/murkka.com\/fi\/wp-json\/wp\/v2\/pages\/3549"}],"wp:attachment":[{"href":"https:\/\/murkka.com\/fi\/wp-json\/wp\/v2\/media?parent=3344"}],"curies":[{"name":"wp","href":"https:\/\/api.w.org\/{rel}","templated":true}]}}