{"id":3920,"date":"2019-09-15T13:58:07","date_gmt":"2019-09-15T13:58:07","guid":{"rendered":"https:\/\/murkka.com\/?page_id=3920"},"modified":"2019-09-15T13:58:07","modified_gmt":"2019-09-15T13:58:07","slug":"tuuletusikkunat","status":"publish","type":"page","link":"https:\/\/murkka.com\/fi\/tuuletusikkunat\/","title":{"rendered":"TUULETUSIKKUNAT"},"content":{"rendered":"<p>[vc_row][vc_column][vc_column_text]Pyyd\u00e4mme huomioimaan, ett\u00e4 korvausilmaventiilin lis\u00e4\u00e4minen ikkunoihin yleens\u00e4 heikent\u00e4\u00e4 ikkunoiden \u00e4\u00e4nen-ja l\u00e4mp\u00f6erist\u00e4vyysarvoja. Korvausilmaventiilien k\u00e4ytt\u00f6 on aina osa rakennuksen ja huoneiston ilmanvaihtoa, mik\u00e4 otetaan huomioon ilmanvaihtosuunitelmissa. Suodatinpalkkia l\u00e4p\u00e4isev\u00e4n ilman m\u00e4\u00e4r\u00e4 riippuu suoranaisesti ilmanvaihdon aiheuttamasta alapaineesta sis\u00e4tiloissa. Korvausilmaventiili ei mill\u00e4\u00e4n tavalla voi korvata nykyaikaista ilmanvaihtoj\u00e4rjestelm\u00e4\u00e4, puutteellisen ilmanvaihdon seurauksena on mahdollista se, ett\u00e4 sis\u00e4ilma alkaa liikkua korvausilmaventiilien kautta ulos.[\/vc_column_text][vc_row_inner][vc_column_inner width=&#8221;1\/2&#8243;][vc_column_text]Biobe DUO on VTT:n testaama ja Ymp\u00e4rist\u00f6ministeri\u00f6n tyyppihyv\u00e4ksym\u00e4 rakoventtiili, joka voidaan varustaa H-sarjan \u00e4\u00e4nenvaimenninkasetilla. Biobe DUO koostuu ilmavirtaa tasaisesti huo netiloihin levitt\u00e4v\u00e4st\u00e4 VO-sarjan venttiilist\u00e4 ja ohjaavasta suodatin yksik\u00f6st\u00e4 sek\u00e4 tehokkaasta H-sarjan \u00e4\u00e4nenvaimentimesta. Biobe DUO on kehitetty vaimentamaan tehokkaasti taajama-alueiden tieliikenne- ja lentome lua.<\/p>\n<p>Uuden VTT:ll\u00e4 testatun muotoilun ja materiaalien ansiosta Biobe DUO jakaa korvausilmaa tasaisesti ja laaja alaisesti l\u00e4mpim\u00e4\u00e4n huoneilmaan v\u00e4hent\u00e4en vedon tunnetta. Biobe DUO on valmistettu kierr\u00e4tyskelpoisista materiaaleista.<\/p>\n<p>Biobe DUO -venttiili\u00e4 on saatavana pituudeltaan erimittaisina, karminsyvyyksille 130 mm ja 170 mm. Kasettimallinen vaimennin on kest\u00e4v\u00e4 ja helppo asentaa. Jyrsint\u00e4aukkoon kiinte\u00e4sti asennettavana se tukee hyvin karmirakennetta, eik\u00e4 vaimentimen ominaisuuksia heikent\u00e4v\u00e4\u00e4 ohivirtausta synny. Kiinte\u00e4n asennuksen ansiosta venttiilien ominaisuudet s\u00e4ilyv\u00e4t vakiona kaikissa olosuhteissa. Kylm\u00e4\u00e4 johtamaton vaimenninkasetti ei muodosta kylm\u00e4siltaa venttiilin ulko- ja sis\u00e4osien v\u00e4lille. Biobe DUO -venttiili voidaan tarvittaessa asentaa my\u00f6s tilkerakoon, jolloin k\u00e4ytet\u00e4\u00e4n t\u00e4h\u00e4n asennukseen suunniteltua vaimenninkasettia ja ulkos\u00e4leikk\u00f6\u00e4.<\/p>\n<p>Biobe VS -korvausilmaventtiili on ikkunakarmiin tai tilkerakoon asennettava tuloilmaventtiili, joka soveltuu sek\u00e4 uudis- ett\u00e4 korjausrakentamiseen. Biobe VS -venttiilin avulla tuloilma voidaan tuoda hallitusti sis\u00e4\u00e4n niin painovoimaisessa kuin koneellisessa ilmanvaihdossa ja turvata n\u00e4in riitt\u00e4v\u00e4 raitisilman saanti huonetiloihin. Tuloilmam\u00e4\u00e4r\u00e4 on mitoitettavissa asunto- ja huonekohtaisesti. Suodatinyksikk\u00f6 v\u00e4hent\u00e4\u00e4 tuloilman ep\u00e4puhtauksia ja mahdollistaa venttiilin asennuksen ulommaksi karmista. Venttiilin virtausaukon suuntaaminen yl\u00f6sp\u00e4in parantaa raittiin ilman sekoittumista l\u00e4mpim\u00e4\u00e4n huoneilmaan v\u00e4hent\u00e4en vedontunnetta. T\u00e4ydellinen karmiventtiili koostuu venttiilist\u00e4, suodatinyksik\u00f6st\u00e4 ja ulkos\u00e4leik\u00f6st\u00e4.<\/p>\n<p>Biobe ThermoPlus tuloilmaikkunan venttiilit ovat huoneiston ikkunoihin sijoitettavia l\u00e4mm\u00f6n talteenottolaitteita, joilla korvausilma tuodaan sis\u00e4tilaan ikkunan yl\u00e4osasta yhdest\u00e4 sis\u00e4\u00e4ntuloyhteest\u00e4 joko suoraan tai kierr\u00e4tt\u00e4m\u00e4ll\u00e4 se talviaikaan ikkunalasien v\u00e4litilassa hy\u00f6dynt\u00e4m\u00e4ss\u00e4 ikkunan l\u00e4mp\u00f6h\u00e4vi\u00f6it\u00e4 ilman esil\u00e4mmitykseen ennen sen sis\u00e4\u00e4ntuloa. Ulkol\u00e4mp\u00f6tilan ollessa -18 astetta l\u00e4mpenee sis\u00e4\u00e4n tuleva ilma 13-18 astetta ja ikkunan (selektiivilasi, U =1,30 W\/m2K) l\u00e4mp\u00f6h\u00e4vi\u00f6t pienenev\u00e4t 15-50 %.[\/vc_column_text][\/vc_column_inner][vc_column_inner width=&#8221;1\/2&#8243;][vc_single_image image=&#8221;3866&#8243; img_size=&#8221;full&#8221; alignment=&#8221;center&#8221;][\/vc_column_inner][\/vc_row_inner][\/vc_column][\/vc_row][vc_row][vc_column width=&#8221;2\/4&#8243;][vc_column_text]FEN-AIR tuloilmaventtiilill\u00e4 Passive-, Polaris- tai Primus-ikkunasta saadaan tehokas ja ratkaisuiltaan ainutlaatuinen tuloilmaikkuna. Raikas, kylm\u00e4 tuloilma l\u00e4mpenee puitteiden v\u00e4liss\u00e4 kiert\u00e4ess\u00e4\u00e4n jopa 20 astetta. Uudenaikainen suodatin mahdollistaa parhaan mahdollisen termisen kierron ja suuren suodatinpinta-alan. Fenair-tuloilmaventtiili est\u00e4\u00e4 ilman takaisinvirtauksen ja on k\u00e4sin s\u00e4\u00e4dett\u00e4v\u00e4.<\/p>\n<p>Sopii erityisen hyvin korjausrakennuskohteisiin, joissa on koneellinen poistoilmaj\u00e4rjestelm\u00e4<br \/>\n&#8211; Vedoton, l\u00e4mmin ja raikas sis\u00e4ilma<br \/>\n&#8211; Lis\u00e4\u00e4ntynyt asumismukavuus<br \/>\n&#8211; Sis\u00e4\u00e4ntuloilma l\u00e4mpenee talvella jopa 10 astetta<br \/>\n&#8211; Suuri suodatinpinta-ala<br \/>\n&#8211; Kaksi s\u00e4hk\u00f6staattista korvausilmasuodatinta<br \/>\n&#8211; Saatavana Passive-, Polaris- ja Primus-tuotteisiin[\/vc_column_text][\/vc_column][vc_column width=&#8221;1\/4&#8243;][vc_single_image image=&#8221;3858&#8243; img_size=&#8221;full&#8221; alignment=&#8221;center&#8221;][\/vc_column][vc_column width=&#8221;1\/4&#8243;][vc_single_image image=&#8221;3862&#8243; img_size=&#8221;full&#8221; alignment=&#8221;center&#8221;][\/vc_column][\/vc_row]<\/p>\n","protected":false},"excerpt":{"rendered":"<p>[vc_row][vc_column][vc_column_text]Pyyd\u00e4mme huomioimaan, ett\u00e4 korvausilmaventiilin lis\u00e4\u00e4minen ikkunoihin yleens\u00e4 heikent\u00e4\u00e4 ikkunoiden \u00e4\u00e4nen-ja l\u00e4mp\u00f6erist\u00e4vyysarvoja. Korvausilmaventiilien k\u00e4ytt\u00f6 on aina osa rakennuksen ja huoneiston ilmanvaihtoa, mik\u00e4 otetaan huomioon ilmanvaihtosuunitelmissa. Suodatinpalkkia l\u00e4p\u00e4isev\u00e4n<span class=\"excerpt-hellip\"> [\u2026]<\/span><\/p>\n","protected":false},"author":2,"featured_media":0,"parent":0,"menu_order":0,"comment_status":"closed","ping_status":"closed","template":"","meta":{"footnotes":""},"class_list":["post-3920","page","type-page","status-publish","hentry"],"_links":{"self":[{"href":"https:\/\/murkka.com\/fi\/wp-json\/wp\/v2\/pages\/3920","targetHints":{"allow":["GET"]}}],"collection":[{"href":"https:\/\/murkka.com\/fi\/wp-json\/wp\/v2\/pages"}],"about":[{"href":"https:\/\/murkka.com\/fi\/wp-json\/wp\/v2\/types\/page"}],"author":[{"embeddable":true,"href":"https:\/\/murkka.com\/fi\/wp-json\/wp\/v2\/users\/2"}],"replies":[{"embeddable":true,"href":"https:\/\/murkka.com\/fi\/wp-json\/wp\/v2\/comments?post=3920"}],"version-history":[{"count":2,"href":"https:\/\/murkka.com\/fi\/wp-json\/wp\/v2\/pages\/3920\/revisions"}],"predecessor-version":[{"id":3922,"href":"https:\/\/murkka.com\/fi\/wp-json\/wp\/v2\/pages\/3920\/revisions\/3922"}],"wp:attachment":[{"href":"https:\/\/murkka.com\/fi\/wp-json\/wp\/v2\/media?parent=3920"}],"curies":[{"name":"wp","href":"https:\/\/api.w.org\/{rel}","templated":true}]}}