{"id":4311,"date":"2019-09-19T09:04:32","date_gmt":"2019-09-19T09:04:32","guid":{"rendered":"https:\/\/murkka.com\/?page_id=4311"},"modified":"2019-09-19T09:04:32","modified_gmt":"2019-09-19T09:04:32","slug":"parvekeovi-french","status":"publish","type":"page","link":"https:\/\/murkka.com\/fi\/parvekeovi-french\/","title":{"rendered":"PARVEKEOVI FRENCH"},"content":{"rendered":"<p>[vc_row][vc_column width=&#8221;1\/2&#8243;][vc_single_image image=&#8221;4278&#8243; img_size=&#8221;large&#8221;][\/vc_column][vc_column width=&#8221;1\/2&#8243;][vc_column_text]Murkka Primus French on sis\u00e4\u00e4naukeava kaksipuitteinen kolmilasinen MSE-ikkunarakenteinen ranskalainen parvekeovi, jonka karmi ja ovilevyn ulkopinta on alumiiniverhottu. Malli- ja v\u00e4rivaihtoehtoja on lukuisia. Ikkunoihin saa tarpeen mukaan korvausilmaventtiilit, s\u00e4lekaihtimet, jakopuitteet ja kohtaavat puitteet.<\/p>\n<p><strong>L\u00e4mm\u00f6nerist\u00e4vyys:<\/strong><br \/>\nU-arvo 1,0<\/p>\n<p><strong>\u00c4\u00e4nenerist\u00e4vyys:<\/strong><br \/>\nRw = 42-47 dB, Ctr=35-45 dB<\/p>\n<p>&nbsp;<\/p>\n<h3>LIS\u00c4VARUSTEET<\/h3>\n<ul>\n<li><a href=\"https:\/\/murkka.com\/fi\/painikkeet-kaksipuitteisiin-ikkunoihin\/\">PAINIKKEET KAKSIPUITTEISIIN IKKUNOIHIN<\/a><\/li>\n<li><a href=\"https:\/\/murkka.com\/fi\/hyttysverkot\/\">HYTTYSVERKOT<\/a><\/li>\n<li><a href=\"https:\/\/murkka.com\/fi\/salekaihtimet-ja-kaihtimet\/\">S\u00c4LEKAIHTIMET JA KAIHTIMET<\/a><\/li>\n<li><a href=\"https:\/\/murkka.com\/fi\/palonsuojaukseen\/\">PALONSUOJAUKSEEN<\/a><\/li>\n<li><a href=\"https:\/\/murkka.com\/fi\/tuuletusikkunat\/\">TUULETUSIKKUNAT<\/a><\/li>\n<li><a href=\"https:\/\/murkka.com\/fi\/varikartta\/\">V\u00c4RIKARTTA<\/a><\/li>\n<\/ul>\n<p>[\/vc_column_text][\/vc_column][\/vc_row]<\/p>\n","protected":false},"excerpt":{"rendered":"<p>[vc_row][vc_column width=&#8221;1\/2&#8243;][vc_single_image image=&#8221;4278&#8243; img_size=&#8221;large&#8221;][\/vc_column][vc_column width=&#8221;1\/2&#8243;][vc_column_text]Murkka Primus French on sis\u00e4\u00e4naukeava kaksipuitteinen kolmilasinen MSE-ikkunarakenteinen ranskalainen parvekeovi, jonka karmi ja ovilevyn ulkopinta on alumiiniverhottu. Malli- ja v\u00e4rivaihtoehtoja on lukuisia.<span class=\"excerpt-hellip\"> [\u2026]<\/span><\/p>\n","protected":false},"author":2,"featured_media":0,"parent":0,"menu_order":0,"comment_status":"closed","ping_status":"closed","template":"","meta":{"footnotes":""},"class_list":["post-4311","page","type-page","status-publish","hentry"],"_links":{"self":[{"href":"https:\/\/murkka.com\/fi\/wp-json\/wp\/v2\/pages\/4311","targetHints":{"allow":["GET"]}}],"collection":[{"href":"https:\/\/murkka.com\/fi\/wp-json\/wp\/v2\/pages"}],"about":[{"href":"https:\/\/murkka.com\/fi\/wp-json\/wp\/v2\/types\/page"}],"author":[{"embeddable":true,"href":"https:\/\/murkka.com\/fi\/wp-json\/wp\/v2\/users\/2"}],"replies":[{"embeddable":true,"href":"https:\/\/murkka.com\/fi\/wp-json\/wp\/v2\/comments?post=4311"}],"version-history":[{"count":2,"href":"https:\/\/murkka.com\/fi\/wp-json\/wp\/v2\/pages\/4311\/revisions"}],"predecessor-version":[{"id":4331,"href":"https:\/\/murkka.com\/fi\/wp-json\/wp\/v2\/pages\/4311\/revisions\/4331"}],"wp:attachment":[{"href":"https:\/\/murkka.com\/fi\/wp-json\/wp\/v2\/media?parent=4311"}],"curies":[{"name":"wp","href":"https:\/\/api.w.org\/{rel}","templated":true}]}}